{"id":749051,"date":"2025-08-28T03:46:07","date_gmt":"2025-08-28T00:46:07","guid":{"rendered":"https:\/\/roveyayinevi.com.tr\/index.php\/urun\/gelecegin-mimari-elon-musk\/"},"modified":"2026-04-16T03:01:43","modified_gmt":"2026-04-16T00:01:43","slug":"gelecegin-mimari-elon-musk","status":"publish","type":"product","link":"https:\/\/roveyayinevi.com.tr\/index.php\/urun\/gelecegin-mimari-elon-musk\/","title":{"rendered":"Gelece\u011fin Mimar\u0131 Elon Musk"},"content":{"rendered":"<p>Elon Musk 17 ya\u015f\u0131nda giri\u015fimci olmaya karar verdi\u011finde, kendine g\u00fcnde bir dolarla ge\u00e7inme hedefi koydu. O s\u0131rada \u00e7o\u011funlukla sosisli sandvi\u00e7ler ve portakal sular\u0131yla ya\u015fad\u0131. Musk, bunu fakir oldu\u011fundan de\u011fil, bir giri\u015fimci olarak hayat\u0131 s\u00fcrd\u00fcrmek i\u00e7in gerekenlere sahip olup olmad\u0131\u011f\u0131n\u0131 g\u00f6rmek i\u00e7in yapm\u0131\u015ft\u0131. Bu deneyde ba\u015far\u0131l\u0131 oldu\u011funda paran\u0131n art\u0131k bir sorun olmayaca\u011f\u0131n\u0131 biliyordu. SpaceX, Tesla, SolarCity, PayPal, Zip2 ve yol boyunca kazand\u0131\u011f\u0131 milyarlarca dolar\u2026 Bir zamanlar fikirlerini anlatt\u0131\u011f\u0131nda etraf\u0131ndaki herkesin g\u00fcld\u00fc\u011f\u00fc bir adamken \u015fu aralar d\u00fcnya etraf\u0131na 12 bin uydu yerle\u015ftirerek t\u00fcm d\u00fcnyan\u0131n y\u00fcksek h\u0131zl\u0131 internet eri\u015fimine sahip olmas\u0131yla u\u011fra\u015f\u0131yor, \u015fehirlerin alt\u0131na otoyol a\u011flar\u0131 tasarl\u0131yor ve insan beyni ile bilgisayarlar\u0131n haberle\u015fmesi \u00fczerine yat\u0131r\u0131mlar yap\u0131yor. Arta kalan zamanlar\u0131nda ise Mars\u2019ta koloni kurma projesiyle me\u015fgul\u2026 Bu kitap g\u00fcn\u00fcm\u00fcz\u00fcn en merak edilen insanlar\u0131ndan Elon Musk\u2019\u0131n hayat\u0131n\u0131, d\u00fc\u015f\u00fcnce yap\u0131s\u0131n\u0131, karar alma mekanizmas\u0131n\u0131, hatalar\u0131n\u0131 ve hatalar\u0131ndan \u00e7\u0131kard\u0131\u011f\u0131 dersleri t\u00fcm y\u00f6nleriyle inceliyor. Okurken \u00e7\u0131lg\u0131n gibi g\u00f6r\u00fcnen fikirlerin nas\u0131l ba\u015far\u0131ya d\u00f6n\u00fc\u015ft\u00fc\u011f\u00fcne tan\u0131kl\u0131k edecek ve Elon Musk\u2019\u0131n zihninde keyifli bir yolculu\u011fa \u00e7\u0131kacaks\u0131n\u0131z. <\/p>\n","protected":false},"excerpt":{"rendered":"<p>Elon Musk 17 ya\u015f\u0131nda giri\u015fimci olmaya karar verdi\u011finde, kendine g\u00fcnde bir dolarla ge\u00e7inme hedefi koydu. O s\u0131rada \u00e7o\u011funlukla sosisli sandvi\u00e7ler ve portakal sular\u0131yla ya\u015fad\u0131. Musk, bunu<span class=\"excerpt-hellip\"> [\u2026]<\/span><\/p>\n","protected":false},"featured_media":0,"template":"","meta":{"_monsterinsights_skip_tracking":false,"_monsterinsights_sitenote_active":false,"_monsterinsights_sitenote_note":"","_monsterinsights_sitenote_category":0},"product_brand":[],"product_cat":[14009,12291],"product_tag":[],"class_list":{"0":"post-749051","1":"product","2":"type-product","3":"status-publish","5":"product_cat-biyografi-otobiyografi-edebiyat","6":"product_cat-edebiyat","7":"pa_cilt-ciltsiz","8":"pa_tur-kitap","9":"pa_yayinevi-pars-yayinlari","10":"pa_yazar-kolektif","12":"first","13":"instock","14":"sale","15":"shipping-taxable","16":"purchasable","17":"product-type-simple"},"_links":{"self":[{"href":"https:\/\/roveyayinevi.com.tr\/index.php\/wp-json\/wp\/v2\/product\/749051","targetHints":{"allow":["GET"]}}],"collection":[{"href":"https:\/\/roveyayinevi.com.tr\/index.php\/wp-json\/wp\/v2\/product"}],"about":[{"href":"https:\/\/roveyayinevi.com.tr\/index.php\/wp-json\/wp\/v2\/types\/product"}],"wp:attachment":[{"href":"https:\/\/roveyayinevi.com.tr\/index.php\/wp-json\/wp\/v2\/media?parent=749051"}],"wp:term":[{"taxonomy":"product_brand","embeddable":true,"href":"https:\/\/roveyayinevi.com.tr\/index.php\/wp-json\/wp\/v2\/product_brand?post=749051"},{"taxonomy":"product_cat","embeddable":true,"href":"https:\/\/roveyayinevi.com.tr\/index.php\/wp-json\/wp\/v2\/product_cat?post=749051"},{"taxonomy":"product_tag","embeddable":true,"href":"https:\/\/roveyayinevi.com.tr\/index.php\/wp-json\/wp\/v2\/product_tag?post=749051"}],"curies":[{"name":"wp","href":"https:\/\/api.w.org\/{rel}","templated":true}]}}