{"id":749041,"date":"2025-08-28T03:45:52","date_gmt":"2025-08-28T00:45:52","guid":{"rendered":"https:\/\/roveyayinevi.com.tr\/index.php\/urun\/monarsi-ciltli\/"},"modified":"2026-04-16T03:01:42","modified_gmt":"2026-04-16T00:01:42","slug":"monarsi-ciltli","status":"publish","type":"product","link":"https:\/\/roveyayinevi.com.tr\/index.php\/urun\/monarsi-ciltli\/","title":{"rendered":"Monar\u015fi (Ciltli)"},"content":{"rendered":"<p>Antik bir t\u0131ls\u0131m\u0131 yok eden ve bu s\u00fcre\u00e7te birliklerini kurtaran Kappa Rho Nu k\u0131z karde\u015fleri Westerly\u2019nin en g\u00fc\u00e7l\u00fc cad\u0131lar meclisi olarak s\u0131rlar\u0131n\u0131 saklamaya devam etmek u\u011fruna her \u015feyi yapmaya haz\u0131rd\u0131r.   Kuzgunlar\u2019\u0131n miras\u0131na sahip \u00e7\u0131kmaya kararl\u0131 olan Scarlett Winter\u2019\u0131n istedi\u011fi tek \u015fey ger\u00e7ekle\u015fmi\u015f ve Kappa Rho Nu\u2019nun ba\u015fkan\u0131 olmu\u015ftur. K\u0131zlar birli\u011finin yak\u0131n zamanda ald\u0131\u011f\u0131 a\u011f\u0131r darbenin ard\u0131ndan bir daha hi\u00e7bir k\u0131z karde\u015fin kara b\u00fcy\u00fcn\u00fcn \u00e7ekimine kap\u0131lmamas\u0131 i\u00e7in elinden geleni yapar. Ama ba\u015fkanl\u0131kla birlikte gelen b\u00fcy\u00fck sorumluluklar, Scarlett\u2019e liderli\u011fini sorgulatmaya ba\u015flar.   Cad\u0131lar meclisinin \u00fcyelerinden biri olmay\u0131 ba\u015faran birinci s\u0131n\u0131f \u00f6\u011frencisi Vivi Devereaux, nihayet bir yere ait olman\u0131n keyfini \u00e7\u0131karmaktad\u0131r. Hayat\u0131nda ilk kez istedi\u011fi her \u015feye sahiptir: Kappa Rho Nu\u2019daki her zaman arkas\u0131nda duran k\u0131z karde\u015fleri ve tatl\u0131 (ve de pek \u00e7ekici) erkek arkada\u015f\u0131. Ancak ilk sosyal ili\u015fkiler g\u00f6revinden sonra hayal k\u0131r\u0131kl\u0131\u011f\u0131na u\u011frayan Vivi, ba\u015far\u0131s\u0131zl\u0131\u011f\u0131n\u0131n ve k\u0131z karde\u015fleriyle ya\u015fad\u0131\u011f\u0131 sorunlar\u0131n ard\u0131nda, umdu\u011fundan \u00e7ok daha \u015feytani bir sebep oldu\u011funu ke\u015ffedecektir.   Kuzgunlar\u2019\u0131n gelece\u011fini omuzlar\u0131nda ta\u015f\u0131yan ama ge\u00e7mi\u015fleri pe\u015flerini b\u0131rakmam\u0131\u015f olan Scarlett ve Vivi, k\u0131z karde\u015flerini kamp\u00fcsteki yeni d\u00fc\u015fmanlardan koruyabilecek midir?<\/p>\n","protected":false},"excerpt":{"rendered":"<p>Antik bir t\u0131ls\u0131m\u0131 yok eden ve bu s\u00fcre\u00e7te birliklerini kurtaran Kappa Rho Nu k\u0131z karde\u015fleri Westerly\u2019nin en g\u00fc\u00e7l\u00fc cad\u0131lar meclisi olarak s\u0131rlar\u0131n\u0131 saklamaya devam etmek u\u011fruna<span class=\"excerpt-hellip\"> [\u2026]<\/span><\/p>\n","protected":false},"featured_media":0,"template":"","meta":{"_monsterinsights_skip_tracking":false,"_monsterinsights_sitenote_active":false,"_monsterinsights_sitenote_note":"","_monsterinsights_sitenote_category":0},"product_brand":[],"product_cat":[12291,12711],"product_tag":[],"class_list":{"0":"post-749041","1":"product","2":"type-product","3":"status-publish","5":"product_cat-edebiyat","6":"product_cat-roman-oyku","7":"pa_cilt-ciltli","8":"pa_tur-kitap","9":"pa_yayinevi-go-kitap","10":"pa_yazar-danielle-paige-kass-morgan","12":"first","13":"instock","14":"sale","15":"shipping-taxable","16":"purchasable","17":"product-type-simple"},"_links":{"self":[{"href":"https:\/\/roveyayinevi.com.tr\/index.php\/wp-json\/wp\/v2\/product\/749041","targetHints":{"allow":["GET"]}}],"collection":[{"href":"https:\/\/roveyayinevi.com.tr\/index.php\/wp-json\/wp\/v2\/product"}],"about":[{"href":"https:\/\/roveyayinevi.com.tr\/index.php\/wp-json\/wp\/v2\/types\/product"}],"wp:attachment":[{"href":"https:\/\/roveyayinevi.com.tr\/index.php\/wp-json\/wp\/v2\/media?parent=749041"}],"wp:term":[{"taxonomy":"product_brand","embeddable":true,"href":"https:\/\/roveyayinevi.com.tr\/index.php\/wp-json\/wp\/v2\/product_brand?post=749041"},{"taxonomy":"product_cat","embeddable":true,"href":"https:\/\/roveyayinevi.com.tr\/index.php\/wp-json\/wp\/v2\/product_cat?post=749041"},{"taxonomy":"product_tag","embeddable":true,"href":"https:\/\/roveyayinevi.com.tr\/index.php\/wp-json\/wp\/v2\/product_tag?post=749041"}],"curies":[{"name":"wp","href":"https:\/\/api.w.org\/{rel}","templated":true}]}}