{"id":749037,"date":"2025-08-28T03:45:46","date_gmt":"2025-08-28T00:45:46","guid":{"rendered":"https:\/\/roveyayinevi.com.tr\/index.php\/urun\/yagmur-nasil-kokar\/"},"modified":"2026-04-16T03:01:42","modified_gmt":"2026-04-16T00:01:42","slug":"yagmur-nasil-kokar","status":"publish","type":"product","link":"https:\/\/roveyayinevi.com.tr\/index.php\/urun\/yagmur-nasil-kokar\/","title":{"rendered":"Ya\u011fmur Nas\u0131l Kokar?"},"content":{"rendered":"<p>Meteorolog Simon King ve Clare Nasir, inan\u0131lmaz hava olaylar\u0131n\u0131 irdelemekten (g\u00f6kku\u015fa\u011f\u0131 nas\u0131l olu\u015fur?), hava olaylar\u0131n\u0131 olu\u015fturan unsurlar hakk\u0131ndaki bilgilerimizi derinlemesine g\u00f6zden ge\u00e7irmeye (y\u0131ld\u0131r\u0131m\u0131n g\u00fcc\u00fcn\u00fc kullanabilir miyiz?), hava durumunun tarihteki \u00f6nemini a\u00e7\u0131klamaya (hava durumunun neden oldu\u011fu bir sava\u015f var m\u0131d\u0131r?) ve bu alanda gelece\u011fi tart\u0131\u015fmaya (iklime m\u00fcdahaleler yaparak gezegeni kurtarmak m\u00fcmk\u00fcn m\u00fc?) kadar, hava durumu dedi\u011fimiz olgunun b\u00fcy\u00fcleyici i\u015fleyi\u015fini g\u00f6zler \u00f6n\u00fcne seriyor.   Ya\u011fmur Nas\u0131l Kokar? ile Simon ve Clare hepimizi etkileyen bir konunun arka plan\u0131nda yatan heyecan verici bilimsel olgular\u0131 a\u00e7\u0131\u011fa \u00e7\u0131kar\u0131yor. \u00c7evremizdeki d\u00fcnya hakk\u0131nda en \u00e7ok merak etti\u011fimiz sorular\u0131 yan\u0131tlayarak hava durumunu ve hayat\u0131m\u0131z\u0131 nas\u0131l de\u011fi\u015ftirdi\u011fini t\u00fcm y\u00f6nleriyle ele al\u0131yor ve analiz ediyorlar.   Ya\u011fmur neden tek seferde ya\u011f\u0131p dinmez? Teknoloji bir kas\u0131rgan\u0131n y\u00f6n\u00fcn\u00fc de\u011fi\u015ftirebilir mi? Di\u011fer gezegenlerde hava nas\u0131ld\u0131r?<\/p>\n","protected":false},"excerpt":{"rendered":"<p>Meteorolog Simon King ve Clare Nasir, inan\u0131lmaz hava olaylar\u0131n\u0131 irdelemekten (g\u00f6kku\u015fa\u011f\u0131 nas\u0131l olu\u015fur?), hava olaylar\u0131n\u0131 olu\u015fturan unsurlar hakk\u0131ndaki bilgilerimizi derinlemesine g\u00f6zden ge\u00e7irmeye (y\u0131ld\u0131r\u0131m\u0131n g\u00fcc\u00fcn\u00fc kullanabilir miyiz?),<span class=\"excerpt-hellip\"> [\u2026]<\/span><\/p>\n","protected":false},"featured_media":0,"template":"","meta":{"_monsterinsights_skip_tracking":false,"_monsterinsights_sitenote_active":false,"_monsterinsights_sitenote_note":"","_monsterinsights_sitenote_category":0},"product_brand":[],"product_cat":[13005,13006],"product_tag":[],"class_list":{"0":"post-749037","1":"product","2":"type-product","3":"status-publish","5":"product_cat-bilim-muhendislik","6":"product_cat-populer-bilim","7":"pa_cilt-ciltsiz","8":"pa_tur-kitap","9":"pa_yayinevi-orenda","10":"pa_yazar-simon-king-clare-nasir","12":"first","13":"instock","14":"sale","15":"shipping-taxable","16":"purchasable","17":"product-type-simple"},"_links":{"self":[{"href":"https:\/\/roveyayinevi.com.tr\/index.php\/wp-json\/wp\/v2\/product\/749037","targetHints":{"allow":["GET"]}}],"collection":[{"href":"https:\/\/roveyayinevi.com.tr\/index.php\/wp-json\/wp\/v2\/product"}],"about":[{"href":"https:\/\/roveyayinevi.com.tr\/index.php\/wp-json\/wp\/v2\/types\/product"}],"wp:attachment":[{"href":"https:\/\/roveyayinevi.com.tr\/index.php\/wp-json\/wp\/v2\/media?parent=749037"}],"wp:term":[{"taxonomy":"product_brand","embeddable":true,"href":"https:\/\/roveyayinevi.com.tr\/index.php\/wp-json\/wp\/v2\/product_brand?post=749037"},{"taxonomy":"product_cat","embeddable":true,"href":"https:\/\/roveyayinevi.com.tr\/index.php\/wp-json\/wp\/v2\/product_cat?post=749037"},{"taxonomy":"product_tag","embeddable":true,"href":"https:\/\/roveyayinevi.com.tr\/index.php\/wp-json\/wp\/v2\/product_tag?post=749037"}],"curies":[{"name":"wp","href":"https:\/\/api.w.org\/{rel}","templated":true}]}}