{"id":749035,"date":"2025-08-28T03:45:44","date_gmt":"2025-08-28T00:45:44","guid":{"rendered":"https:\/\/roveyayinevi.com.tr\/index.php\/urun\/kuresel-askeri-tarih\/"},"modified":"2026-04-16T03:01:42","modified_gmt":"2026-04-16T00:01:42","slug":"kuresel-askeri-tarih","status":"publish","type":"product","link":"https:\/\/roveyayinevi.com.tr\/index.php\/urun\/kuresel-askeri-tarih\/","title":{"rendered":"K\u00fcresel Askeri Tarih"},"content":{"rendered":"<p>Tek kelimeyle m\u00fckemmel. \u00c7at\u0131\u015fman\u0131n hem kara, hava ve deniz y\u00f6nlerini bir araya getiriyor hem de sava\u015f ve \u00e7at\u0131\u015fma tarihinin olgular\u0131 ile ba\u011flam\u0131 aras\u0131nda makul bir denge kuruyor. Stanley Carpenter, Siyaset ve Strateji Profes\u00f6r\u00fcBirle\u015fik Devletler Deniz Muharebe Koleji, Newport, Rhode Island Bu eser, asker\u00ee tarihin kuramsal temeli, sava\u015flar ile muharebeler aras\u0131ndaki fark ve stratejiyi siyasal ba\u011flamda incelemenin gereklili\u011fi hakk\u0131nda fikir y\u00fcr\u00fctmek ve ileri ara\u015ft\u0131rmalar yapmak i\u00e7in m\u00fckemmel bir ba\u015flang\u0131\u00e7. Dan Todman, Yak\u0131n\u00e7a\u011f Tarihi Profes\u00f6r\u00fc Londra \u00dcniversitesi   Modern d\u00fcnyam\u0131zda asker\u00ee geli\u015fmelerin a\u00e7\u0131k ve kolay anla\u015f\u0131l\u0131r bir anlat\u0131s\u0131n\u0131 sunan bu eser, Amerikan Kurtulu\u015f Sava\u015f\u0131 ve Frans\u0131z Devrim Sava\u015flar\u0131 ile ba\u015flay\u0131p ve kronolojik olarak 2010&#8217;larda ya\u015fanan son \u00e7at\u0131\u015fmalara kadar devam etmektedir. K\u00fcresel kapsay\u0131c\u0131l\u0131\u011f\u0131 \u00e7at\u0131\u015fman\u0131n yaln\u0131zca asker\u00ee y\u00f6nlerini de\u011fil, ayn\u0131 zamanda bu t\u00fcr bir \u00e7at\u0131\u015fman\u0131n toplumsal, k\u00fclt\u00fcrel, siyasal ve ekonomik boyutlar\u0131 ve sonu\u00e7lar\u0131n\u0131 da dikkate almaktad\u0131r. B\u00f6ylece \u00e7at\u0131\u015fman\u0131n unsurlar\u0131n\u0131 k\u0131\u015fk\u0131rt\u0131c\u0131 analizlerle birle\u015ftirmektedir. A\u015fina olduklar\u0131m\u0131z\u0131 veya bildiklerimizi b\u00fcy\u00fck \u00f6l\u00e7\u00fcde bilmediklerimizin yan\u0131na yerle\u015ftirerek bizi, Bat\u0131\u2019n\u0131n k\u00fclt\u00fcrel ve teknolojik \u00fcst\u00fcnl\u00fc\u011f\u00fc varsay\u0131mlar\u0131na dayanan asker\u00ee tarihin herkes\u00e7e kabul edilmi\u015f b\u00fcy\u00fck anlat\u0131s\u0131n\u0131 yeniden de\u011ferlendirmeye zorlamaktad\u0131r. Bu kitap, modern asker\u00ee tarih, modern d\u00fcnya tarihi, uluslararas\u0131 ili\u015fkiler veya sava\u015f ve toplum alanlar\u0131na, asker\u00ee tarihe ilgi duyan t\u00fcm okuyucular i\u00e7in temel bir kaynakt\u0131r. <\/p>\n","protected":false},"excerpt":{"rendered":"<p>Tek kelimeyle m\u00fckemmel. \u00c7at\u0131\u015fman\u0131n hem kara, hava ve deniz y\u00f6nlerini bir araya getiriyor hem de sava\u015f ve \u00e7at\u0131\u015fma tarihinin olgular\u0131 ile ba\u011flam\u0131 aras\u0131nda makul bir denge<span class=\"excerpt-hellip\"> [\u2026]<\/span><\/p>\n","protected":false},"featured_media":0,"template":"","meta":{"_monsterinsights_skip_tracking":false,"_monsterinsights_sitenote_active":false,"_monsterinsights_sitenote_note":"","_monsterinsights_sitenote_category":0},"product_brand":[],"product_cat":[12370,12304],"product_tag":[],"class_list":{"0":"post-749035","1":"product","2":"type-product","3":"status-publish","5":"product_cat-arastirma-inceleme","6":"product_cat-tarih","7":"pa_cilt-ciltsiz","8":"pa_tur-kitap","9":"pa_yayinevi-yeditepe-yayinevi","10":"pa_yazar-jeremy-black","12":"first","13":"instock","14":"sale","15":"shipping-taxable","16":"purchasable","17":"product-type-simple"},"_links":{"self":[{"href":"https:\/\/roveyayinevi.com.tr\/index.php\/wp-json\/wp\/v2\/product\/749035","targetHints":{"allow":["GET"]}}],"collection":[{"href":"https:\/\/roveyayinevi.com.tr\/index.php\/wp-json\/wp\/v2\/product"}],"about":[{"href":"https:\/\/roveyayinevi.com.tr\/index.php\/wp-json\/wp\/v2\/types\/product"}],"wp:attachment":[{"href":"https:\/\/roveyayinevi.com.tr\/index.php\/wp-json\/wp\/v2\/media?parent=749035"}],"wp:term":[{"taxonomy":"product_brand","embeddable":true,"href":"https:\/\/roveyayinevi.com.tr\/index.php\/wp-json\/wp\/v2\/product_brand?post=749035"},{"taxonomy":"product_cat","embeddable":true,"href":"https:\/\/roveyayinevi.com.tr\/index.php\/wp-json\/wp\/v2\/product_cat?post=749035"},{"taxonomy":"product_tag","embeddable":true,"href":"https:\/\/roveyayinevi.com.tr\/index.php\/wp-json\/wp\/v2\/product_tag?post=749035"}],"curies":[{"name":"wp","href":"https:\/\/api.w.org\/{rel}","templated":true}]}}