{"id":749034,"date":"2025-08-28T03:45:42","date_gmt":"2025-08-28T00:45:42","guid":{"rendered":"https:\/\/roveyayinevi.com.tr\/index.php\/urun\/haritalarin-dili\/"},"modified":"2026-04-16T03:01:42","modified_gmt":"2026-04-16T00:01:42","slug":"haritalarin-dili","status":"publish","type":"product","link":"https:\/\/roveyayinevi.com.tr\/index.php\/urun\/haritalarin-dili\/","title":{"rendered":"Haritalar\u0131n Dili"},"content":{"rendered":"<p>Harita \u00e7izme arzusu insanda ne zaman, nas\u0131l ve neden do\u011fmu\u015ftu? Bu d\u00fc\u015f\u00fcnceden hareketle haritac\u0131l\u0131k tarihi \u00fczerine yaz\u0131lan t\u00fcm pop\u00fcler kitaplarda bu disiplinin ba\u015flang\u0131c\u0131n\u0131n \u00e7ok k\u0131sa anlat\u0131ld\u0131\u011f\u0131n\u0131 ve \u00f6nemsenmeden ele al\u0131nd\u0131\u011f\u0131n\u0131 fark ettim. \u0130\u015fte o vakit, haritalar\u0131n gerek\u00e7esini ke\u015ffetmek \u00fczere buldu\u011fum t\u00fcm bilgileri toplamaya ba\u015flad\u0131m. Bu kitap b\u00f6yle bir aray\u0131\u015f\u0131n sonucudur. Y\u0131llar, y\u00fczy\u0131llar, k\u00fclt\u00fcrler boyunca en temel olarak s\u0131\u011f\u0131nd\u0131klar\u0131 ma\u011faralar\u0131n \u00f6n\u00fcndekilerden tutun da b\u00fcy\u00fck fetih\u00e7i imparatorluklar\u0131nkine kadar yery\u00fcz\u00fcn\u00fcn temsilini \u00e7\u0131karmaya meyilli \u00e7ok say\u0131da insan olmu\u015ftur. Bu hik\u00e2yenin kahramanlar\u0131 da kitapta anlatt\u0131\u011f\u0131m isimlerdir. Onlardan her biri bu ara\u015ft\u0131rmalara bir kum tanesi ekleyerek topluluklar\u0131yla sonraki haritac\u0131lara yol g\u00f6sterdiler. Burada onlardan baz\u0131lar\u0131yla onlar\u0131n haritalara katk\u0131lar\u0131 anlat\u0131lmaktad\u0131r. Bu \u00e7al\u0131\u015fma, burada yer alan haritac\u0131lar\u0131n her birinin kapsaml\u0131 biyografisini vermeyi ama\u00e7lamamaktad\u0131r. Sadece baz\u0131lar\u0131n\u0131n ad\u0131n\u0131 duyurmak ve bu disiplinin geli\u015fimindeki ana katk\u0131lar\u0131n\u0131 vurgulamak i\u00e7in bir ara\u00e7 olarak kullan\u0131lm\u0131\u015ft\u0131r. Yolculu\u011fumuz tarih \u00f6ncesi haritalarla ba\u015flar ve Akdeniz ticari seyr\u00fcseferinin geli\u015fimi s\u00fcresince, bunun yan\u0131 s\u0131ra el-\u0130dris\u00ee\u2019nin eserlerinde ama\u00e7lanan denizciler ve gezginlere hitaben olu\u015fturulmu\u015f haritalar\u0131n yani Portolanlar\u0131n zaman\u0131nda sona ermektedir. Bundan sonras\u0131nda anlat\u0131lacaklarsa bamba\u015fka birer hik\u00e2yedir. <\/p>\n","protected":false},"excerpt":{"rendered":"<p>Harita \u00e7izme arzusu insanda ne zaman, nas\u0131l ve neden do\u011fmu\u015ftu? Bu d\u00fc\u015f\u00fcnceden hareketle haritac\u0131l\u0131k tarihi \u00fczerine yaz\u0131lan t\u00fcm pop\u00fcler kitaplarda bu disiplinin ba\u015flang\u0131c\u0131n\u0131n \u00e7ok k\u0131sa anlat\u0131ld\u0131\u011f\u0131n\u0131<span class=\"excerpt-hellip\"> [\u2026]<\/span><\/p>\n","protected":false},"featured_media":0,"template":"","meta":{"_monsterinsights_skip_tracking":false,"_monsterinsights_sitenote_active":false,"_monsterinsights_sitenote_note":"","_monsterinsights_sitenote_category":0},"product_brand":[],"product_cat":[12370,12304],"product_tag":[],"class_list":{"0":"post-749034","1":"product","2":"type-product","3":"status-publish","5":"product_cat-arastirma-inceleme","6":"product_cat-tarih","7":"pa_cilt-ciltsiz","8":"pa_tur-kitap","9":"pa_yayinevi-yeditepe-yayinevi","10":"pa_yazar-eduard-dalmau","12":"first","13":"instock","14":"sale","15":"shipping-taxable","16":"purchasable","17":"product-type-simple"},"_links":{"self":[{"href":"https:\/\/roveyayinevi.com.tr\/index.php\/wp-json\/wp\/v2\/product\/749034","targetHints":{"allow":["GET"]}}],"collection":[{"href":"https:\/\/roveyayinevi.com.tr\/index.php\/wp-json\/wp\/v2\/product"}],"about":[{"href":"https:\/\/roveyayinevi.com.tr\/index.php\/wp-json\/wp\/v2\/types\/product"}],"wp:attachment":[{"href":"https:\/\/roveyayinevi.com.tr\/index.php\/wp-json\/wp\/v2\/media?parent=749034"}],"wp:term":[{"taxonomy":"product_brand","embeddable":true,"href":"https:\/\/roveyayinevi.com.tr\/index.php\/wp-json\/wp\/v2\/product_brand?post=749034"},{"taxonomy":"product_cat","embeddable":true,"href":"https:\/\/roveyayinevi.com.tr\/index.php\/wp-json\/wp\/v2\/product_cat?post=749034"},{"taxonomy":"product_tag","embeddable":true,"href":"https:\/\/roveyayinevi.com.tr\/index.php\/wp-json\/wp\/v2\/product_tag?post=749034"}],"curies":[{"name":"wp","href":"https:\/\/api.w.org\/{rel}","templated":true}]}}