{"id":749032,"date":"2025-08-28T03:45:39","date_gmt":"2025-08-28T00:45:39","guid":{"rendered":"https:\/\/roveyayinevi.com.tr\/index.php\/urun\/ajan-kopek\/"},"modified":"2026-04-16T03:01:42","modified_gmt":"2026-04-16T00:01:42","slug":"ajan-kopek","status":"publish","type":"product","link":"https:\/\/roveyayinevi.com.tr\/index.php\/urun\/ajan-kopek\/","title":{"rendered":"Ajan K\u00f6pek"},"content":{"rendered":"<p>K\u00f6pek \u015fovlar\u0131n\u0131n aranan ismi boxer Br\u00fct\u00fcs, bu sene \u015fova \u00fcnl\u00fc bir k\u00f6pe\u011fin kat\u0131laca\u011f\u0131na dair dedikodular\u0131 ara\u015ft\u0131rmas\u0131n\u0131 istedi\u011finde Maddy kendini bir dedektif\u00e7ilik oyununun i\u00e7inde buluyor. Peki kim bu \u00fcnl\u00fc k\u00f6pek ve \u015fova niye kat\u0131lacak? Acaba Maddy Br\u00fct\u00fcs\u2019\u00fcn hile yapmas\u0131n\u0131 engelleyebilecek mi? Ve daha \u00f6nemli bir soru: Kedi Hamlet\u2019in tuvalet temizli\u011fi tak\u0131nt\u0131s\u0131 nereden \u00e7\u0131kt\u0131?  <\/p>\n","protected":false},"excerpt":{"rendered":"<p>K\u00f6pek \u015fovlar\u0131n\u0131n aranan ismi boxer Br\u00fct\u00fcs, bu sene \u015fova \u00fcnl\u00fc bir k\u00f6pe\u011fin kat\u0131laca\u011f\u0131na dair dedikodular\u0131 ara\u015ft\u0131rmas\u0131n\u0131 istedi\u011finde Maddy kendini bir dedektif\u00e7ilik oyununun i\u00e7inde buluyor. Peki kim<span class=\"excerpt-hellip\"> [\u2026]<\/span><\/p>\n","protected":false},"featured_media":0,"template":"","meta":{"_monsterinsights_skip_tracking":false,"_monsterinsights_sitenote_active":false,"_monsterinsights_sitenote_note":"","_monsterinsights_sitenote_category":0},"product_brand":[],"product_cat":[12274,12284],"product_tag":[],"class_list":{"0":"post-749032","1":"product","2":"type-product","3":"status-publish","5":"product_cat-cocuk-ve-genclik-kitaplari","6":"product_cat-hikayeler","7":"pa_cilt-ciltsiz","8":"pa_tur-kitap","9":"pa_yayinevi-mundi","10":"pa_yazar-lou-treleaven","12":"first","13":"instock","14":"sale","15":"shipping-taxable","16":"purchasable","17":"product-type-simple"},"_links":{"self":[{"href":"https:\/\/roveyayinevi.com.tr\/index.php\/wp-json\/wp\/v2\/product\/749032","targetHints":{"allow":["GET"]}}],"collection":[{"href":"https:\/\/roveyayinevi.com.tr\/index.php\/wp-json\/wp\/v2\/product"}],"about":[{"href":"https:\/\/roveyayinevi.com.tr\/index.php\/wp-json\/wp\/v2\/types\/product"}],"wp:attachment":[{"href":"https:\/\/roveyayinevi.com.tr\/index.php\/wp-json\/wp\/v2\/media?parent=749032"}],"wp:term":[{"taxonomy":"product_brand","embeddable":true,"href":"https:\/\/roveyayinevi.com.tr\/index.php\/wp-json\/wp\/v2\/product_brand?post=749032"},{"taxonomy":"product_cat","embeddable":true,"href":"https:\/\/roveyayinevi.com.tr\/index.php\/wp-json\/wp\/v2\/product_cat?post=749032"},{"taxonomy":"product_tag","embeddable":true,"href":"https:\/\/roveyayinevi.com.tr\/index.php\/wp-json\/wp\/v2\/product_tag?post=749032"}],"curies":[{"name":"wp","href":"https:\/\/api.w.org\/{rel}","templated":true}]}}