{"id":749031,"date":"2025-08-28T03:45:38","date_gmt":"2025-08-28T00:45:38","guid":{"rendered":"https:\/\/roveyayinevi.com.tr\/index.php\/urun\/kenzut-tuhaf\/"},"modified":"2026-04-16T03:01:42","modified_gmt":"2026-04-16T00:01:42","slug":"kenzut-tuhaf","status":"publish","type":"product","link":"https:\/\/roveyayinevi.com.tr\/index.php\/urun\/kenzut-tuhaf\/","title":{"rendered":"Kenz\u00fc\u2019t-Tuhaf"},"content":{"rendered":"<p>14. y\u00fczy\u0131lda \u0130sfahan\u2019da yaz\u0131lm\u0131\u015f olan ve Hasan-\u0131 K\u00e2\u015f\u00e2n\u00ee isminde kimli\u011fi me\u00e7hul bir yazara atfedilen Kenz\u00fc\u2019t-Tuhaf, m\u00fczik d\u00fc\u015f\u00fcncesi tarihine dair g\u00fcn\u00fcm\u00fcze ula\u015fan en \u00f6nemli kaynaklardan biridir. Hem m\u00fcellifin kendisi hakk\u0131nda verdi\u011fi bilgiler, hem de metnin dili ve \u00fcsl\u00fbbu d\u00f6nemin bir \u201c\u015fair-m\u00fczisyen\u201di taraf\u0131ndan kaleme al\u0131nd\u0131\u011f\u0131n\u0131 g\u00f6sterir. T\u00fcrk\u00e7eye \u201cHediyeler Hazinesi\u201d olarak terc\u00fcme edilebilecek bu ris\u00e2le, hacim olarak olduk\u00e7a k\u00fc\u00e7\u00fck olmas\u0131na ra\u011fmen, Do\u011fu k\u00fclt\u00fcr\u00fcn\u00fcn m\u00fczikal ge\u00e7mi\u015fine \u0131\u015f\u0131k tutmas\u0131 a\u00e7\u0131s\u0131ndan bir \u201chazine\u201d de\u011ferindedir. \u00d6zellikle, tarihi bilgilerin olduk\u00e7a az oldu\u011fu \u00e7alg\u0131lar konusunda \u00e7ok ince detaylar bar\u0131nd\u0131rmas\u0131 ve anlat\u0131mlar\u0131 \u00e7izimlerle zenginle\u015ftirmesi sayesinde, m\u00fczik tarihinin en ilgin\u00e7 konular\u0131ndan biri olan \u00e7alg\u0131lar hakk\u0131nda muhte\u015fem veriler sunar. Elinizdeki kitap, 14. y\u00fczy\u0131l\u0131n bu e\u015fsiz m\u00fczik ris\u00e2lesinde yer alan bilgilerin tarihsel ve k\u00fclt\u00fcrel ba\u011flam\u0131 i\u00e7inde de\u011ferlendirildi\u011fi bir ara\u015ft\u0131rma yaz\u0131s\u0131n\u0131 ve metnin Fars\u00e7adan T\u00fcrk\u00e7eye a\u00e7\u0131klamal\u0131 terc\u00fcmesini i\u00e7ermektedir. <\/p>\n","protected":false},"excerpt":{"rendered":"<p>14. y\u00fczy\u0131lda \u0130sfahan\u2019da yaz\u0131lm\u0131\u015f olan ve Hasan-\u0131 K\u00e2\u015f\u00e2n\u00ee isminde kimli\u011fi me\u00e7hul bir yazara atfedilen Kenz\u00fc\u2019t-Tuhaf, m\u00fczik d\u00fc\u015f\u00fcncesi tarihine dair g\u00fcn\u00fcm\u00fcze ula\u015fan en \u00f6nemli kaynaklardan biridir. Hem<span class=\"excerpt-hellip\"> [\u2026]<\/span><\/p>\n","protected":false},"featured_media":0,"template":"","meta":{"_monsterinsights_skip_tracking":false,"_monsterinsights_sitenote_active":false,"_monsterinsights_sitenote_note":"","_monsterinsights_sitenote_category":0},"product_brand":[],"product_cat":[12408],"product_tag":[],"class_list":{"0":"post-749031","1":"product","2":"type-product","3":"status-publish","5":"product_cat-sanat","6":"pa_cilt-ciltsiz","7":"pa_tur-kitap","8":"pa_yayinevi-vakifbank-kultur-yayinlari","9":"pa_yazar-kolektif","11":"first","12":"instock","13":"sale","14":"shipping-taxable","15":"purchasable","16":"product-type-simple"},"_links":{"self":[{"href":"https:\/\/roveyayinevi.com.tr\/index.php\/wp-json\/wp\/v2\/product\/749031","targetHints":{"allow":["GET"]}}],"collection":[{"href":"https:\/\/roveyayinevi.com.tr\/index.php\/wp-json\/wp\/v2\/product"}],"about":[{"href":"https:\/\/roveyayinevi.com.tr\/index.php\/wp-json\/wp\/v2\/types\/product"}],"wp:attachment":[{"href":"https:\/\/roveyayinevi.com.tr\/index.php\/wp-json\/wp\/v2\/media?parent=749031"}],"wp:term":[{"taxonomy":"product_brand","embeddable":true,"href":"https:\/\/roveyayinevi.com.tr\/index.php\/wp-json\/wp\/v2\/product_brand?post=749031"},{"taxonomy":"product_cat","embeddable":true,"href":"https:\/\/roveyayinevi.com.tr\/index.php\/wp-json\/wp\/v2\/product_cat?post=749031"},{"taxonomy":"product_tag","embeddable":true,"href":"https:\/\/roveyayinevi.com.tr\/index.php\/wp-json\/wp\/v2\/product_tag?post=749031"}],"curies":[{"name":"wp","href":"https:\/\/api.w.org\/{rel}","templated":true}]}}