{"id":749030,"date":"2025-08-28T03:45:36","date_gmt":"2025-08-28T00:45:36","guid":{"rendered":"https:\/\/roveyayinevi.com.tr\/index.php\/urun\/dede-korkuttan-oykuler\/"},"modified":"2026-04-16T03:01:42","modified_gmt":"2026-04-16T00:01:42","slug":"dede-korkuttan-oykuler","status":"publish","type":"product","link":"https:\/\/roveyayinevi.com.tr\/index.php\/urun\/dede-korkuttan-oykuler\/","title":{"rendered":"Dede Korkut&#8217;tan \u00d6yk\u00fcler"},"content":{"rendered":"<p>&#8220;Anlat\u0131l\u0131\u015f\u0131 \u00e7ok \u00f6ncelere dayanan, 15 ve 16. y\u00fczy\u0131llarda yaz\u0131ya ge\u00e7irildi\u011fi d\u00fc\u015f\u00fcn\u00fclen Dede Korkut Kitab\u0131\u2019nda, O\u011fuz T\u00fcrklerinin k\u00fclt\u00fcrel varl\u0131\u011f\u0131, ya\u015fad\u0131klar\u0131 topraklar\u0131 savunma diren\u00e7leri, kahramanl\u0131klar\u0131, ahlak de\u011ferleri konu edilmi\u015ftir. Halk\u0131n g\u00f6rg\u00fcs\u00fc, ahlak aray\u0131\u015f\u0131, k\u00fclt\u00fcrel birikimini olu\u015fturan t\u00f6rele\u015fmi\u015f insanl\u0131k de\u011ferleri kurumsalla\u015ft\u0131\u011f\u0131 d\u00f6nem i\u00e7inde eriyip gitmemi\u015f, insan\u0131n zaman i\u00e7inde de\u011fi\u015fen alg\u0131 g\u00fcc\u00fc ve kavray\u0131\u015f yetene\u011fiyle de\u011fi\u015fime u\u011frayarak sonraki \u00e7a\u011flarda da izini s\u00fcrd\u00fcrm\u00fc\u015ft\u00fcr.&#8221; Usta edebiyat\u00e7\u0131 Adnan Binyazar, edebiyat\u0131m\u0131z\u0131n yaz\u0131ya ge\u00e7irilen ilk destans\u0131 hik\u00e2yelerini i\u00e7eren Dede Korkut Kitab\u0131\u2019ndan d\u00f6rt \u00f6yk\u00fcy\u00fc gen\u00e7 okurlar i\u00e7in yeniden kaleme ald\u0131. <\/p>\n","protected":false},"excerpt":{"rendered":"<p>&#8220;Anlat\u0131l\u0131\u015f\u0131 \u00e7ok \u00f6ncelere dayanan, 15 ve 16. y\u00fczy\u0131llarda yaz\u0131ya ge\u00e7irildi\u011fi d\u00fc\u015f\u00fcn\u00fclen Dede Korkut Kitab\u0131\u2019nda, O\u011fuz T\u00fcrklerinin k\u00fclt\u00fcrel varl\u0131\u011f\u0131, ya\u015fad\u0131klar\u0131 topraklar\u0131 savunma diren\u00e7leri, kahramanl\u0131klar\u0131, ahlak de\u011ferleri konu<span class=\"excerpt-hellip\"> [\u2026]<\/span><\/p>\n","protected":false},"featured_media":0,"template":"","meta":{"_monsterinsights_skip_tracking":false,"_monsterinsights_sitenote_active":false,"_monsterinsights_sitenote_note":"","_monsterinsights_sitenote_category":0},"product_brand":[],"product_cat":[12274,12284],"product_tag":[],"class_list":{"0":"post-749030","1":"product","2":"type-product","3":"status-publish","5":"product_cat-cocuk-ve-genclik-kitaplari","6":"product_cat-hikayeler","7":"pa_cilt-ciltsiz","8":"pa_tur-kitap","9":"pa_yayinevi-can-cocuk-yayinlari","10":"pa_yazar-adnan-binyazar","12":"first","13":"instock","14":"sale","15":"shipping-taxable","16":"purchasable","17":"product-type-simple"},"_links":{"self":[{"href":"https:\/\/roveyayinevi.com.tr\/index.php\/wp-json\/wp\/v2\/product\/749030","targetHints":{"allow":["GET"]}}],"collection":[{"href":"https:\/\/roveyayinevi.com.tr\/index.php\/wp-json\/wp\/v2\/product"}],"about":[{"href":"https:\/\/roveyayinevi.com.tr\/index.php\/wp-json\/wp\/v2\/types\/product"}],"wp:attachment":[{"href":"https:\/\/roveyayinevi.com.tr\/index.php\/wp-json\/wp\/v2\/media?parent=749030"}],"wp:term":[{"taxonomy":"product_brand","embeddable":true,"href":"https:\/\/roveyayinevi.com.tr\/index.php\/wp-json\/wp\/v2\/product_brand?post=749030"},{"taxonomy":"product_cat","embeddable":true,"href":"https:\/\/roveyayinevi.com.tr\/index.php\/wp-json\/wp\/v2\/product_cat?post=749030"},{"taxonomy":"product_tag","embeddable":true,"href":"https:\/\/roveyayinevi.com.tr\/index.php\/wp-json\/wp\/v2\/product_tag?post=749030"}],"curies":[{"name":"wp","href":"https:\/\/api.w.org\/{rel}","templated":true}]}}