{"id":749026,"date":"2025-08-28T03:45:25","date_gmt":"2025-08-28T00:45:25","guid":{"rendered":"https:\/\/roveyayinevi.com.tr\/index.php\/urun\/ask-hakkinda-konusmalar\/"},"modified":"2026-04-16T03:01:42","modified_gmt":"2026-04-16T00:01:42","slug":"ask-hakkinda-konusmalar","status":"publish","type":"product","link":"https:\/\/roveyayinevi.com.tr\/index.php\/urun\/ask-hakkinda-konusmalar\/","title":{"rendered":"A\u015fk Hakk\u0131nda Konu\u015fmalar"},"content":{"rendered":"<p>A\u015fk cevap de\u011fil, ba\u015flang\u0131c\u0131 i\u015faret eden bir \u00e7izgidir.    Y\u00fczy\u0131llard\u0131r \u00fczerine konu\u015fulmaya devam eden bir duygudur a\u015fk&#8230; A\u015fk\u0131n binbir rengi, hali vard\u0131r, bazen bir insana y\u00f6nelir bazen bir a\u011faca, bazen sihirli bir an\u0131n havas\u0131nda gizlenir. Ama o hep vard\u0131r, her t\u00fcrl\u00fc \u015fekle boyan\u0131r ve daima eylemdedir. Bizi d\u00fcnyaya ba\u011flayan \u015fey a\u015fkt\u0131r. A\u015fk bir aray\u0131\u015f, bir yuva, birbirimize ula\u015fmak i\u00e7in yaratt\u0131\u011f\u0131m\u0131z g\u00fc\u00e7t\u00fcr. Bir fincan \u00e7aya e\u015flik eden \u015fefkat ve kahkahad\u0131r, \u201c\u00f6z\u00fcr dilerim\u201ddir ve birlikte yarat\u0131lan bir d\u00fcnyad\u0131r. O her an \u00e7\u0131k\u0131lan bir yolculuktur. Gazeteci Natasha Lunn, A\u015fk Hakk\u0131nda Konu\u015fmalar kitab\u0131nda a\u015fk\u0131n ne oldu\u011funa, nas\u0131l ya\u015fand\u0131\u011f\u0131na ve nas\u0131l var edildi\u011fine dair bilinen kal\u0131plar\u0131n \u00f6tesine uzan\u0131yor. Arkada\u015fl\u0131k, yas, kay\u0131plar aras\u0131ndan do\u011fan a\u015fklardan, insan\u0131n kendisine varan yolculu\u011funda bitmeyen bir aray\u0131\u015f\u0131n pe\u015finde a\u015fk\u0131n her halini anlat\u0131yor. A\u015fk Hakk\u0131nda Konu\u015fmalar sadece a\u015fk\u0131n ne oldu\u011funu bilmek i\u00e7in de\u011fil, ne kadar \u00f6nemli oldu\u011funu da anlamak ve onu \u00f6zenle ya\u015famak i\u00e7in ger\u00e7ek bir rehber.<\/p>\n","protected":false},"excerpt":{"rendered":"<p>A\u015fk cevap de\u011fil, ba\u015flang\u0131c\u0131 i\u015faret eden bir \u00e7izgidir. Y\u00fczy\u0131llard\u0131r \u00fczerine konu\u015fulmaya devam eden bir duygudur a\u015fk&#8230; A\u015fk\u0131n binbir rengi, hali vard\u0131r, bazen bir insana y\u00f6nelir bazen<span class=\"excerpt-hellip\"> [\u2026]<\/span><\/p>\n","protected":false},"featured_media":0,"template":"","meta":{"_monsterinsights_skip_tracking":false,"_monsterinsights_sitenote_active":false,"_monsterinsights_sitenote_note":"","_monsterinsights_sitenote_category":0},"product_brand":[],"product_cat":[12364,12376],"product_tag":[],"class_list":{"0":"post-749026","1":"product","2":"type-product","3":"status-publish","5":"product_cat-genel-konular","6":"product_cat-kisisel-gelisim","7":"pa_cilt-ciltsiz","8":"pa_tur-kitap","9":"pa_yayinevi-serenad-yayinevi","10":"pa_yazar-natasha-lunn","12":"first","13":"instock","14":"sale","15":"shipping-taxable","16":"purchasable","17":"product-type-simple"},"_links":{"self":[{"href":"https:\/\/roveyayinevi.com.tr\/index.php\/wp-json\/wp\/v2\/product\/749026","targetHints":{"allow":["GET"]}}],"collection":[{"href":"https:\/\/roveyayinevi.com.tr\/index.php\/wp-json\/wp\/v2\/product"}],"about":[{"href":"https:\/\/roveyayinevi.com.tr\/index.php\/wp-json\/wp\/v2\/types\/product"}],"wp:attachment":[{"href":"https:\/\/roveyayinevi.com.tr\/index.php\/wp-json\/wp\/v2\/media?parent=749026"}],"wp:term":[{"taxonomy":"product_brand","embeddable":true,"href":"https:\/\/roveyayinevi.com.tr\/index.php\/wp-json\/wp\/v2\/product_brand?post=749026"},{"taxonomy":"product_cat","embeddable":true,"href":"https:\/\/roveyayinevi.com.tr\/index.php\/wp-json\/wp\/v2\/product_cat?post=749026"},{"taxonomy":"product_tag","embeddable":true,"href":"https:\/\/roveyayinevi.com.tr\/index.php\/wp-json\/wp\/v2\/product_tag?post=749026"}],"curies":[{"name":"wp","href":"https:\/\/api.w.org\/{rel}","templated":true}]}}