{"id":749024,"date":"2025-08-28T03:45:23","date_gmt":"2025-08-28T00:45:23","guid":{"rendered":"https:\/\/roveyayinevi.com.tr\/index.php\/urun\/demokraasi-yalanlari-ve-secimler\/"},"modified":"2026-04-16T03:01:42","modified_gmt":"2026-04-16T00:01:42","slug":"demokraasi-yalanlari-ve-secimler","status":"publish","type":"product","link":"https:\/\/roveyayinevi.com.tr\/index.php\/urun\/demokraasi-yalanlari-ve-secimler\/","title":{"rendered":"Demokraasi Yalanlar\u0131 ve Se\u00e7imler"},"content":{"rendered":"<p>\u201cMemleket dayan\u0131\u015fma isteyen bir birli\u011fe muhta\u00e7t\u0131r. Alelade politikac\u0131larla milleti par\u00e7alamak h\u0131yanettir.\u201d \u2013 Mustafa Kemal Atat\u00fcrk   Se\u00e7im g\u00fcvenli\u011fi, T\u00fcrkiye siyasetinin uzun zamand\u0131r \u00f6nemli ba\u015fl\u0131klar\u0131ndan biri. Bu konuda uzun s\u00fcre g\u00fcndemi me\u015fgul eden kararlardan biri, Y\u00fcksek Se\u00e7im Kurulu\u2019nun referandumda oylama devam ederken \u201cm\u00fch\u00fcrs\u00fcz oylar\u0131n kabul edilece\u011fini\u201d a\u00e7\u0131klamas\u0131yd\u0131. \u201cTrafoya kedi girdi!\u201d a\u00e7\u0131klamas\u0131ndan sonra t\u00fcm se\u00e7imler \u015faibe alt\u0131nda kald\u0131. Bu kedi bir t\u00fcrl\u00fc o trafodan \u00e7\u0131kamad\u0131. Demokrasi bir ama\u00e7 olamaz. Demokrasi bir adalet mekanizmas\u0131 olabilir. Demokrasi tramvay\u0131na binenler, inenler uzun zamand\u0131r g\u00f6r\u00fcl\u00fcyor ve tart\u0131\u015f\u0131l\u0131yor. T\u00fcrk demokrasi tarihi ve se\u00e7imleri son yirmi y\u0131l d\u0131\u015f\u0131nda bu kadar tart\u0131\u015f\u0131lmad\u0131, \u201c\u015f\u00fcpheli sand\u0131k\u201d diyebilece\u011fimiz faili me\u00e7hul sand\u0131klar h\u00e2l\u00e2 muamma. Siyaset ve demokrasi tarihimize \u201c\u015faibeli se\u00e7imlerin\u201d damga vurmas\u0131na t\u00fcm siyasi partiler m\u00fcsaade etti. Halk ise kendi zaferleri ile mutmain oldu. Bug\u00fcn 1946\u2019dan itibaren se\u00e7imlerin sonu\u00e7lar\u0131n\u0131n asl\u0131nda T\u00fcrkiye\u2019de iktidar\u0131 tayin etmedi\u011fini, as\u0131l meselenin g\u00f6r\u00fcnmeyen y\u00fcz\u00fcn\u00fcn kullan\u0131lan sistem, say\u0131lan oy, sahip \u00e7\u0131k\u0131lmayan sand\u0131k ve e\u011fitim, d\u00fcr\u00fcstl\u00fck ve ahlak oldu\u011funu g\u00f6r\u00fcyoruz. Davulu kim \u00e7alarsa iktidar o de\u011fil. \u00c7\u00fcnk\u00fc tokmak ba\u015fkas\u0131n\u0131n elinde. Bug\u00fcn gelmi\u015f oldu\u011fumuz nokta se\u00e7im k\u00fclt\u00fcr\u00fc, demokrasi ve demokratik denilebilecek bir \u015feylerin sadece c\u00fcmlelerden ibaret oldu\u011fudur. Bu kitapta \u00e7al\u0131nan gelece\u011fimizi belgeleriyle anlatt\u0131m. <\/p>\n","protected":false},"excerpt":{"rendered":"<p>\u201cMemleket dayan\u0131\u015fma isteyen bir birli\u011fe muhta\u00e7t\u0131r. Alelade politikac\u0131larla milleti par\u00e7alamak h\u0131yanettir.\u201d \u2013 Mustafa Kemal Atat\u00fcrk Se\u00e7im g\u00fcvenli\u011fi, T\u00fcrkiye siyasetinin uzun zamand\u0131r \u00f6nemli ba\u015fl\u0131klar\u0131ndan biri. Bu konuda<span class=\"excerpt-hellip\"> [\u2026]<\/span><\/p>\n","protected":false},"featured_media":0,"template":"","meta":{"_monsterinsights_skip_tracking":false,"_monsterinsights_sitenote_active":false,"_monsterinsights_sitenote_note":"","_monsterinsights_sitenote_category":0},"product_brand":[],"product_cat":[13590,12337],"product_tag":[],"class_list":{"0":"post-749024","1":"product","2":"type-product","3":"status-publish","5":"product_cat-arastirma-inceleme-politika-siyaset","6":"product_cat-politika-siyaset","7":"pa_cilt-ciltsiz","8":"pa_tur-kitap","9":"pa_yayinevi-destek-yayinlari","10":"pa_yazar-huseyin-hakki-kahveci","12":"first","13":"instock","14":"sale","15":"shipping-taxable","16":"purchasable","17":"product-type-simple"},"_links":{"self":[{"href":"https:\/\/roveyayinevi.com.tr\/index.php\/wp-json\/wp\/v2\/product\/749024","targetHints":{"allow":["GET"]}}],"collection":[{"href":"https:\/\/roveyayinevi.com.tr\/index.php\/wp-json\/wp\/v2\/product"}],"about":[{"href":"https:\/\/roveyayinevi.com.tr\/index.php\/wp-json\/wp\/v2\/types\/product"}],"wp:attachment":[{"href":"https:\/\/roveyayinevi.com.tr\/index.php\/wp-json\/wp\/v2\/media?parent=749024"}],"wp:term":[{"taxonomy":"product_brand","embeddable":true,"href":"https:\/\/roveyayinevi.com.tr\/index.php\/wp-json\/wp\/v2\/product_brand?post=749024"},{"taxonomy":"product_cat","embeddable":true,"href":"https:\/\/roveyayinevi.com.tr\/index.php\/wp-json\/wp\/v2\/product_cat?post=749024"},{"taxonomy":"product_tag","embeddable":true,"href":"https:\/\/roveyayinevi.com.tr\/index.php\/wp-json\/wp\/v2\/product_tag?post=749024"}],"curies":[{"name":"wp","href":"https:\/\/api.w.org\/{rel}","templated":true}]}}