{"id":749023,"date":"2025-08-28T03:45:21","date_gmt":"2025-08-28T00:45:21","guid":{"rendered":"https:\/\/roveyayinevi.com.tr\/index.php\/urun\/sekreter-kimin-nesi-var-2\/"},"modified":"2026-04-16T03:01:42","modified_gmt":"2026-04-16T00:01:42","slug":"sekreter-kimin-nesi-var-2","status":"publish","type":"product","link":"https:\/\/roveyayinevi.com.tr\/index.php\/urun\/sekreter-kimin-nesi-var-2\/","title":{"rendered":"Sekreter Kim\u2019in Nesi Var 2"},"content":{"rendered":"<p>Sekreter Kim Mi So, be\u011fenilmek i\u00e7in her \u015feye sahip. Herkesi ba\u015ftan \u00e7\u0131kar\u0131yor. Patronu Lee Young Jun ne pahas\u0131na olursa olsun, g\u00fczel kad\u0131n\u0131 kazanmaya yeminli ama ne yaz\u0131k ki gen\u00e7 kad\u0131n art\u0131k kazan\u0131lacak bir kalp de\u011fil. Ba\u015fka bir \u201cb\u00fcy\u00fcleyici prens\u201d i\u015fleri alt\u00fcst ediyor! Kahraman\u0131m\u0131z\u0131 bu kadar etkileyen bu gizemli \u201ckurtar\u0131c\u0131\u201d kimdir acaba? <\/p>\n","protected":false},"excerpt":{"rendered":"<p>Sekreter Kim Mi So, be\u011fenilmek i\u00e7in her \u015feye sahip. Herkesi ba\u015ftan \u00e7\u0131kar\u0131yor. Patronu Lee Young Jun ne pahas\u0131na olursa olsun, g\u00fczel kad\u0131n\u0131 kazanmaya yeminli ama ne<span class=\"excerpt-hellip\"> [\u2026]<\/span><\/p>\n","protected":false},"featured_media":0,"template":"","meta":{"_monsterinsights_skip_tracking":false,"_monsterinsights_sitenote_active":false,"_monsterinsights_sitenote_note":"","_monsterinsights_sitenote_category":0},"product_brand":[],"product_cat":[12416,12291],"product_tag":[],"class_list":{"0":"post-749023","1":"product","2":"type-product","3":"status-publish","5":"product_cat-cizgi-roman","6":"product_cat-edebiyat","7":"pa_cilt-ciltsiz","8":"pa_tur-kitap","9":"pa_yayinevi-athica-yayinlari","10":"pa_yazar-jeong-gyeong-yun","12":"first","13":"instock","14":"sale","15":"shipping-taxable","16":"purchasable","17":"product-type-simple"},"_links":{"self":[{"href":"https:\/\/roveyayinevi.com.tr\/index.php\/wp-json\/wp\/v2\/product\/749023","targetHints":{"allow":["GET"]}}],"collection":[{"href":"https:\/\/roveyayinevi.com.tr\/index.php\/wp-json\/wp\/v2\/product"}],"about":[{"href":"https:\/\/roveyayinevi.com.tr\/index.php\/wp-json\/wp\/v2\/types\/product"}],"wp:attachment":[{"href":"https:\/\/roveyayinevi.com.tr\/index.php\/wp-json\/wp\/v2\/media?parent=749023"}],"wp:term":[{"taxonomy":"product_brand","embeddable":true,"href":"https:\/\/roveyayinevi.com.tr\/index.php\/wp-json\/wp\/v2\/product_brand?post=749023"},{"taxonomy":"product_cat","embeddable":true,"href":"https:\/\/roveyayinevi.com.tr\/index.php\/wp-json\/wp\/v2\/product_cat?post=749023"},{"taxonomy":"product_tag","embeddable":true,"href":"https:\/\/roveyayinevi.com.tr\/index.php\/wp-json\/wp\/v2\/product_tag?post=749023"}],"curies":[{"name":"wp","href":"https:\/\/api.w.org\/{rel}","templated":true}]}}