{"id":749021,"date":"2025-08-28T03:45:18","date_gmt":"2025-08-28T00:45:18","guid":{"rendered":"https:\/\/roveyayinevi.com.tr\/index.php\/urun\/selahaddin-eyyubi-ve-donemi\/"},"modified":"2026-04-16T03:01:42","modified_gmt":"2026-04-16T00:01:42","slug":"selahaddin-eyyubi-ve-donemi","status":"publish","type":"product","link":"https:\/\/roveyayinevi.com.tr\/index.php\/urun\/selahaddin-eyyubi-ve-donemi\/","title":{"rendered":"Selahaddin Eyyubi ve D\u00f6nemi"},"content":{"rendered":"<p>T\u00fcrk ve \u0130slam tarihi uzman\u0131 Prof. Dr. Ramazan \u015ee\u015fen\u2019in Sel\u00e2haddin Eyy\u00fbb\u00ee ve Eyy\u00fbb\u00ee Devleti hakk\u0131nda y\u0131llardan beri s\u00fcrd\u00fcrd\u00fc\u011f\u00fc ara\u015ft\u0131rmalar\u0131n neticelerini ihtiva eden bu zengin muhteval\u0131 eserde d\u00f6nemin devlet ve toplum hayat\u0131n\u0131n \u00e7e\u015fitli y\u00f6nleri incelenmektedir. 12. y\u00fczy\u0131l \u0130slam d\u00fcnyas\u0131n\u0131n \u00f6nde gelen liderlerinden Sel\u00e2haddin\u2019in Ha\u00e7l\u0131 seferleri s\u0131ras\u0131nda ve d\u0131\u015f\u0131nda siyasi ve asker\u00ee hayatta oynad\u0131\u011f\u0131 tarih\u00ee rol\u00fc ele alan kitap ayn\u0131 zamanda, Sel\u00e2haddin y\u00f6netiminde devlet idaresi, ekonomi, adalet, sa\u011fl\u0131k, k\u00fclt\u00fcr ve bilim sahalar\u0131nda sa\u011flanan geli\u015fmeleri de incelemektedir.<\/p>\n","protected":false},"excerpt":{"rendered":"<p>T\u00fcrk ve \u0130slam tarihi uzman\u0131 Prof. Dr. Ramazan \u015ee\u015fen\u2019in Sel\u00e2haddin Eyy\u00fbb\u00ee ve Eyy\u00fbb\u00ee Devleti hakk\u0131nda y\u0131llardan beri s\u00fcrd\u00fcrd\u00fc\u011f\u00fc ara\u015ft\u0131rmalar\u0131n neticelerini ihtiva eden bu zengin muhteval\u0131 eserde<span class=\"excerpt-hellip\"> [\u2026]<\/span><\/p>\n","protected":false},"featured_media":0,"template":"","meta":{"_monsterinsights_skip_tracking":false,"_monsterinsights_sitenote_active":false,"_monsterinsights_sitenote_note":"","_monsterinsights_sitenote_category":0},"product_brand":[],"product_cat":[12718,12719,18109],"product_tag":[],"class_list":{"0":"post-749021","1":"product","2":"type-product","3":"status-publish","5":"product_cat-din","6":"product_cat-islam","7":"product_cat-islam-tarihi","8":"pa_cilt-ciltsiz","9":"pa_tur-kitap","10":"pa_yayinevi-bilge-kultur-sanat","11":"pa_yazar-ramazan-sesen","13":"first","14":"instock","15":"sale","16":"shipping-taxable","17":"purchasable","18":"product-type-simple"},"_links":{"self":[{"href":"https:\/\/roveyayinevi.com.tr\/index.php\/wp-json\/wp\/v2\/product\/749021","targetHints":{"allow":["GET"]}}],"collection":[{"href":"https:\/\/roveyayinevi.com.tr\/index.php\/wp-json\/wp\/v2\/product"}],"about":[{"href":"https:\/\/roveyayinevi.com.tr\/index.php\/wp-json\/wp\/v2\/types\/product"}],"wp:attachment":[{"href":"https:\/\/roveyayinevi.com.tr\/index.php\/wp-json\/wp\/v2\/media?parent=749021"}],"wp:term":[{"taxonomy":"product_brand","embeddable":true,"href":"https:\/\/roveyayinevi.com.tr\/index.php\/wp-json\/wp\/v2\/product_brand?post=749021"},{"taxonomy":"product_cat","embeddable":true,"href":"https:\/\/roveyayinevi.com.tr\/index.php\/wp-json\/wp\/v2\/product_cat?post=749021"},{"taxonomy":"product_tag","embeddable":true,"href":"https:\/\/roveyayinevi.com.tr\/index.php\/wp-json\/wp\/v2\/product_tag?post=749021"}],"curies":[{"name":"wp","href":"https:\/\/api.w.org\/{rel}","templated":true}]}}