{"id":749020,"date":"2025-08-28T03:45:16","date_gmt":"2025-08-28T00:45:16","guid":{"rendered":"https:\/\/roveyayinevi.com.tr\/index.php\/urun\/gunduslerinin-yasayan-denizi\/"},"modified":"2026-04-16T03:01:42","modified_gmt":"2026-04-16T00:01:42","slug":"gunduslerinin-yasayan-denizi","status":"publish","type":"product","link":"https:\/\/roveyayinevi.com.tr\/index.php\/urun\/gunduslerinin-yasayan-denizi\/","title":{"rendered":"G\u00fcnd\u00fc\u015flerinin Ya\u015fayan Denizi"},"content":{"rendered":"<p>O y\u0131l Tasmanya\u2019da yaz bitmek bilmiyordu. Ola\u011fan kurallar\u0131n hi\u00e7biri ge\u00e7erli de\u011fildi. \u0130lkbahar ya\u011fmurlar\u0131 yoktu, yaz ya\u011fmurlar\u0131 yoktu. Her g\u00fcn bir \u00f6ncekinden s\u0131cak ya da daha s\u0131cakt\u0131. Buna kar\u015f\u0131n, parlak ya da mutlu bir yaz de\u011fildi.   S\u00f6nd\u00fcr\u00fclemeyen yang\u0131nlar, t\u00fckenen t\u00fcrler, insanlar\u0131n payla\u015ft\u0131\u011f\u0131 felaket haberleri g\u00fcndemi kaplam\u0131\u015fken i\u015finin, b\u00fcy\u00fcyen o\u011flunun ve orta ya\u015f\u0131 ge\u00e7meye ba\u015flayan bedeninin tela\u015flar\u0131yla u\u011fra\u015fan mimar Anna, 87 ya\u015f\u0131ndaki annesinin hastaneye kald\u0131r\u0131ld\u0131\u011f\u0131n\u0131 karde\u015finden gelen bir mesajla \u00f6\u011frenir. Karde\u015fleriyle birlikte annelerini hayatta tutmak i\u00e7in gereken her \u015feyi yapmaya karar verirler, ancak Anna\u2019n\u0131n hem kendi bedeninde hem \u00e7evresinde \u00fcrk\u00fct\u00fcc\u00fc eksilmelerin, kaybolmalar\u0131n ba\u015flamas\u0131yla birlikte hayat\u0131n ve ailesinin g\u00f6z ard\u0131 edilmi\u015f baz\u0131 ger\u00e7ekleri su y\u00fcz\u00fcne \u00e7\u0131kar.   G\u00fcnd\u00fc\u015flerinin Ya\u015fayan Denizi modern insan\u0131n en temel ger\u00e7e\u011fe, \u00f6l\u00fcml\u00fcl\u00fc\u011fe bile meydan okurken neleri kaybedebilece\u011fine dair b\u00fcy\u00fcl\u00fc, hiper-ger\u00e7ek\u00e7i bir anlat\u0131.  G\u00fcn\u00fcm\u00fcz d\u00fcnyas\u0131n\u0131n kaotik ortam\u0131  i\u00e7inde hakikatin nas\u0131l kayboldu\u011funa  dair Saramago\u2019yu aratmayan  \u00e7a\u011fda\u015f bir aile meseli.   \u201cD\u00fcnyan\u0131n her taraf\u0131ndan yazarlar \u015fu soruyu cevaplamak i\u00e7in bo\u011fu\u015fuyor: Bunca y\u0131k\u0131m, bunca korku aras\u0131nda edebiyat ne ortaya koyabilir? G\u00fcnd\u00fc\u015flerinin Ya\u015fayan Denizi Flanagan\u2019\u0131n bu soruya \u00e7arp\u0131c\u0131, y\u00fcrek burkucu cevab\u0131.\u201d \u2014 Guardian Australia <\/p>\n","protected":false},"excerpt":{"rendered":"<p>O y\u0131l Tasmanya\u2019da yaz bitmek bilmiyordu. Ola\u011fan kurallar\u0131n hi\u00e7biri ge\u00e7erli de\u011fildi. \u0130lkbahar ya\u011fmurlar\u0131 yoktu, yaz ya\u011fmurlar\u0131 yoktu. Her g\u00fcn bir \u00f6ncekinden s\u0131cak ya da daha s\u0131cakt\u0131.<span class=\"excerpt-hellip\"> [\u2026]<\/span><\/p>\n","protected":false},"featured_media":0,"template":"","meta":{"_monsterinsights_skip_tracking":false,"_monsterinsights_sitenote_active":false,"_monsterinsights_sitenote_note":"","_monsterinsights_sitenote_category":0},"product_brand":[],"product_cat":[12291,12711],"product_tag":[],"class_list":{"0":"post-749020","1":"product","2":"type-product","3":"status-publish","5":"product_cat-edebiyat","6":"product_cat-roman-oyku","7":"pa_cilt-ciltsiz","8":"pa_tur-kitap","9":"pa_yayinevi-sia-kitap","10":"pa_yazar-richard-flanagan","12":"first","13":"instock","14":"sale","15":"shipping-taxable","16":"purchasable","17":"product-type-simple"},"_links":{"self":[{"href":"https:\/\/roveyayinevi.com.tr\/index.php\/wp-json\/wp\/v2\/product\/749020","targetHints":{"allow":["GET"]}}],"collection":[{"href":"https:\/\/roveyayinevi.com.tr\/index.php\/wp-json\/wp\/v2\/product"}],"about":[{"href":"https:\/\/roveyayinevi.com.tr\/index.php\/wp-json\/wp\/v2\/types\/product"}],"wp:attachment":[{"href":"https:\/\/roveyayinevi.com.tr\/index.php\/wp-json\/wp\/v2\/media?parent=749020"}],"wp:term":[{"taxonomy":"product_brand","embeddable":true,"href":"https:\/\/roveyayinevi.com.tr\/index.php\/wp-json\/wp\/v2\/product_brand?post=749020"},{"taxonomy":"product_cat","embeddable":true,"href":"https:\/\/roveyayinevi.com.tr\/index.php\/wp-json\/wp\/v2\/product_cat?post=749020"},{"taxonomy":"product_tag","embeddable":true,"href":"https:\/\/roveyayinevi.com.tr\/index.php\/wp-json\/wp\/v2\/product_tag?post=749020"}],"curies":[{"name":"wp","href":"https:\/\/api.w.org\/{rel}","templated":true}]}}