{"id":749018,"date":"2025-08-28T03:45:13","date_gmt":"2025-08-28T00:45:13","guid":{"rendered":"https:\/\/roveyayinevi.com.tr\/index.php\/urun\/biyografik-sherlock-ciltli\/"},"modified":"2026-04-13T03:07:50","modified_gmt":"2026-04-13T00:07:50","slug":"biyografik-sherlock-ciltli","status":"publish","type":"product","link":"https:\/\/roveyayinevi.com.tr\/index.php\/urun\/biyografik-sherlock-ciltli\/","title":{"rendered":"Biyografik Sherlock (Ciltli)"},"content":{"rendered":"<p>Sherlock Holmes; yayg\u0131n olarak bilindi\u011fi \u00fczere arkada\u015f\u0131 Dr. Watson\u2019la maceradan maceraya ko\u015fan, Sir Arthur Conan Doyle\u2019un yaratt\u0131\u011f\u0131 ilk modern dedektiftir. Ancak bu kurgusal ikiliyi ger\u00e7ek d\u00fcnyada ya\u015fam\u0131\u015f insanlar kabul edip Oyun\u2019u kurallar\u0131na g\u00f6re oynayan bu kitapla bildiklerinizin \u00f6tesine ge\u00e7ecek, Sherlock\u2019un altm\u0131\u015f vakal\u0131k maceralar\u0131n\u0131n detaylar\u0131na tan\u0131k olacak, Baker Soka\u011f\u0131 221B\u2019de Dr. Watson\u2019la ya\u015fad\u0131klar\u0131 evin e\u015fyalar\u0131n\u0131 inceleyecek, bir sava\u015f sanat\u0131 olan Bartitsu\u2019nun inceliklerini \u00f6\u011frenecek, olay yeri inceleme i\u015fine katk\u0131lar\u0131 gibi bir\u00e7ok detayl\u0131 konu hakk\u0131nda bilgi sahibi olacaks\u0131n\u0131z.   Biyografik serisi farkl\u0131 alanlardan d\u00fcnyan\u0131n en \u00f6nemli yarat\u0131c\u0131 isimlerinin biyografilerini tamamen yeni bir yakla\u015f\u0131mla okurlara sunuyor. Ayn\u0131 zamanda bu ki\u015filere dair birbirinden ilgin\u00e7, detayl\u0131 bilgileri resimlerle ve kolay anla\u015f\u0131l\u0131r kategoriler e\u015fli\u011finde aktararak zevkli bir \u00f6\u011frenme yolculu\u011fu vaat ediyor. \u00d6zel hayatlar\u0131yla ilgili detaylar, ya\u015fad\u0131klar\u0131 d\u00f6nemde d\u00fcnyada olup bitenler, kendilerini etkileyen olaylar, \u00e7al\u0131\u015fmalar\u0131yla ilgili ilgin\u00e7 istatistikler ve d\u00fc\u015f\u00fcnsel miraslar\u0131n\u0131n b\u0131rakt\u0131\u011f\u0131 izler e\u015fli\u011finde serinin kahramanlar\u0131 hakk\u0131nda derinlemesine bilgiler edinmeye haz\u0131r m\u0131s\u0131n\u0131z?   Kalaba\u015f pipo: Sherlock taraf\u0131ndan hi\u00e7 kullan\u0131lmad\u0131 ama tiyatrocu William Gillette y\u00fcz\u00fcn\u00fc gizlemedi\u011fi i\u00e7in onu sonradan dahil etti.   <\/p>\n","protected":false},"excerpt":{"rendered":"<p>Sherlock Holmes; yayg\u0131n olarak bilindi\u011fi \u00fczere arkada\u015f\u0131 Dr. Watson\u2019la maceradan maceraya ko\u015fan, Sir Arthur Conan Doyle\u2019un yaratt\u0131\u011f\u0131 ilk modern dedektiftir. Ancak bu kurgusal ikiliyi ger\u00e7ek d\u00fcnyada<span class=\"excerpt-hellip\"> [\u2026]<\/span><\/p>\n","protected":false},"featured_media":0,"template":"","meta":{"_monsterinsights_skip_tracking":false,"_monsterinsights_sitenote_active":false,"_monsterinsights_sitenote_note":"","_monsterinsights_sitenote_category":0},"product_brand":[],"product_cat":[14009,12291],"product_tag":[],"class_list":{"0":"post-749018","1":"product","2":"type-product","3":"status-publish","5":"product_cat-biyografi-otobiyografi-edebiyat","6":"product_cat-edebiyat","7":"pa_cilt-ciltli","8":"pa_tur-kitap","9":"pa_yayinevi-nepal-kitap","10":"pa_yazar-viv-croot","12":"first","13":"instock","14":"sale","15":"shipping-taxable","16":"purchasable","17":"product-type-simple"},"_links":{"self":[{"href":"https:\/\/roveyayinevi.com.tr\/index.php\/wp-json\/wp\/v2\/product\/749018","targetHints":{"allow":["GET"]}}],"collection":[{"href":"https:\/\/roveyayinevi.com.tr\/index.php\/wp-json\/wp\/v2\/product"}],"about":[{"href":"https:\/\/roveyayinevi.com.tr\/index.php\/wp-json\/wp\/v2\/types\/product"}],"wp:attachment":[{"href":"https:\/\/roveyayinevi.com.tr\/index.php\/wp-json\/wp\/v2\/media?parent=749018"}],"wp:term":[{"taxonomy":"product_brand","embeddable":true,"href":"https:\/\/roveyayinevi.com.tr\/index.php\/wp-json\/wp\/v2\/product_brand?post=749018"},{"taxonomy":"product_cat","embeddable":true,"href":"https:\/\/roveyayinevi.com.tr\/index.php\/wp-json\/wp\/v2\/product_cat?post=749018"},{"taxonomy":"product_tag","embeddable":true,"href":"https:\/\/roveyayinevi.com.tr\/index.php\/wp-json\/wp\/v2\/product_tag?post=749018"}],"curies":[{"name":"wp","href":"https:\/\/api.w.org\/{rel}","templated":true}]}}