{"id":749017,"date":"2025-08-28T03:45:12","date_gmt":"2025-08-28T00:45:12","guid":{"rendered":"https:\/\/roveyayinevi.com.tr\/index.php\/urun\/biyografik-leonardo-ciltli\/"},"modified":"2026-04-16T03:01:42","modified_gmt":"2026-04-16T00:01:42","slug":"biyografik-leonardo-ciltli","status":"publish","type":"product","link":"https:\/\/roveyayinevi.com.tr\/index.php\/urun\/biyografik-leonardo-ciltli\/","title":{"rendered":"Biyografik Leonardo (Ciltli)"},"content":{"rendered":"<p>Leonardo da Vinci; yayg\u0131n olarak bilindi\u011fi \u00fczere R\u00f6nesans ak\u0131m\u0131n\u0131n \u00f6nde gelen isimlerinden biri olan, d\u00fcnyan\u0131n en \u00fcnl\u00fc resimlerinden Mona Lisa ve Son Ak\u015fam Yeme\u011fi\u2019nin sahibi \u0130talyan d\u00e2hidir. Ancak bu kitapla bildiklerinizin \u00f6tesine ge\u00e7ecek, yapt\u0131\u011f\u0131 anatomi \u00e7al\u0131\u015fmalar\u0131nda ula\u015ft\u0131\u011f\u0131 sonu\u00e7lar, defterinde yer alan bir bitki sosu tarifi, \u00e7izdi\u011fi kanal rotas\u0131, tasarlad\u0131\u011f\u0131 aletler, kay\u0131p eserleri gibi bir\u00e7ok detayl\u0131 konu hakk\u0131nda bilgi sahibi olacaks\u0131n\u0131z.   Biyografik serisi farkl\u0131 alanlardan d\u00fcnyan\u0131n en \u00f6nemli yarat\u0131c\u0131 isimlerinin biyografilerini tamamen yeni bir yakla\u015f\u0131mla okurlara sunuyor. Ayn\u0131 zamanda bu ki\u015filere dair birbirinden ilgin\u00e7, detayl\u0131 bilgileri resimlerle ve kolay anla\u015f\u0131l\u0131r kategoriler e\u015fli\u011finde aktararak zevkli bir \u00f6\u011frenme yolculu\u011fu vaat ediyor. \u00d6zel hayatlar\u0131yla ilgili detaylar, ya\u015fad\u0131klar\u0131 d\u00f6nemde d\u00fcnyada olup bitenler, kendilerini etkileyen olaylar, \u00e7al\u0131\u015fmalar\u0131yla ilgili ilgin\u00e7 istatistikler ve d\u00fc\u015f\u00fcnsel miraslar\u0131n\u0131n b\u0131rakt\u0131\u011f\u0131 izler e\u015fli\u011finde serinin kahramanlar\u0131 hakk\u0131nda derinlemesine bilgiler edinmeye haz\u0131r m\u0131s\u0131n\u0131z?   Sangin veya k\u0131rm\u0131z\u0131 tebe\u015fir: Leonardo taraf\u0131ndan \u00e7izimlerini ve tasar\u0131mlar\u0131n\u0131 \u00fcretirken kullan\u0131ld\u0131. <\/p>\n","protected":false},"excerpt":{"rendered":"<p>Leonardo da Vinci; yayg\u0131n olarak bilindi\u011fi \u00fczere R\u00f6nesans ak\u0131m\u0131n\u0131n \u00f6nde gelen isimlerinden biri olan, d\u00fcnyan\u0131n en \u00fcnl\u00fc resimlerinden Mona Lisa ve Son Ak\u015fam Yeme\u011fi\u2019nin sahibi \u0130talyan<span class=\"excerpt-hellip\"> [\u2026]<\/span><\/p>\n","protected":false},"featured_media":0,"template":"","meta":{"_monsterinsights_skip_tracking":false,"_monsterinsights_sitenote_active":false,"_monsterinsights_sitenote_note":"","_monsterinsights_sitenote_category":0},"product_brand":[],"product_cat":[14009,12291],"product_tag":[],"class_list":{"0":"post-749017","1":"product","2":"type-product","3":"status-publish","5":"product_cat-biyografi-otobiyografi-edebiyat","6":"product_cat-edebiyat","7":"pa_cilt-ciltli","8":"pa_tur-kitap","9":"pa_yayinevi-nepal-kitap","10":"pa_yazar-andrew-kirk","12":"first","13":"instock","14":"sale","15":"shipping-taxable","16":"purchasable","17":"product-type-simple"},"_links":{"self":[{"href":"https:\/\/roveyayinevi.com.tr\/index.php\/wp-json\/wp\/v2\/product\/749017","targetHints":{"allow":["GET"]}}],"collection":[{"href":"https:\/\/roveyayinevi.com.tr\/index.php\/wp-json\/wp\/v2\/product"}],"about":[{"href":"https:\/\/roveyayinevi.com.tr\/index.php\/wp-json\/wp\/v2\/types\/product"}],"wp:attachment":[{"href":"https:\/\/roveyayinevi.com.tr\/index.php\/wp-json\/wp\/v2\/media?parent=749017"}],"wp:term":[{"taxonomy":"product_brand","embeddable":true,"href":"https:\/\/roveyayinevi.com.tr\/index.php\/wp-json\/wp\/v2\/product_brand?post=749017"},{"taxonomy":"product_cat","embeddable":true,"href":"https:\/\/roveyayinevi.com.tr\/index.php\/wp-json\/wp\/v2\/product_cat?post=749017"},{"taxonomy":"product_tag","embeddable":true,"href":"https:\/\/roveyayinevi.com.tr\/index.php\/wp-json\/wp\/v2\/product_tag?post=749017"}],"curies":[{"name":"wp","href":"https:\/\/api.w.org\/{rel}","templated":true}]}}