{"id":749011,"date":"2025-08-28T03:45:04","date_gmt":"2025-08-28T00:45:04","guid":{"rendered":"https:\/\/roveyayinevi.com.tr\/index.php\/urun\/kendi-kendinin-gardiyani-olma\/"},"modified":"2026-04-11T14:18:10","modified_gmt":"2026-04-11T11:18:10","slug":"kendi-kendinin-gardiyani-olma","status":"publish","type":"product","link":"https:\/\/roveyayinevi.com.tr\/index.php\/urun\/kendi-kendinin-gardiyani-olma\/","title":{"rendered":"Kendi Kendinin Gardiyan\u0131 Olma"},"content":{"rendered":"<p>D\u00dcNYAYI DE\u011e\u0130\u015eT\u0130REM\u0130YORSAN KEND\u0130N\u0130 DE\u011e\u0130\u015eT\u0130R.   \u015eimdiye kadar edindi\u011fin her tecr\u00fcbeyle, ya\u015fad\u0131\u011f\u0131n her duyguyla ve \u00f6\u011frendi\u011fin her bilgiyle kendine bir miza\u00e7 ve bir zihin yap\u0131s\u0131 in\u015fa ettin. E\u011fer b\u00fct\u00fcn bunlar seni korumaya, geli\u015fmeye ve mutlu etmeye yetmiyorsa art\u0131k, sence in\u015fa etti\u011fin \u015fey asl\u0131nda bir hapishane olabilir mi? Fark\u0131nda olmadan kendi esaretine hizmet ediyor olabilir misin? De\u011fi\u015fen duygu durumlar\u0131nla maniple etti\u011fin zihnin, hayat\u0131n\u0131 kolayla\u015ft\u0131rmak ve geli\u015fimine destek olmak yerine, seni korkutuyor, yava\u015flat\u0131yor, k\u00f6reltiyor, k\u0131s\u0131tl\u0131yor ve aldat\u0131yor olabilir. Bu demir kap\u0131lar\u0131n \u00fczerindeki kilitleri a\u00e7abilecek bir gardiyan yok d\u0131\u015far\u0131da. Kendinin gardiyan\u0131 oldu\u011funu fark etmedi\u011fin s\u00fcrece, de\u011fi\u015fken duygu durumlar\u0131nla ve maniple edilmi\u015f d\u00fc\u015f\u00fcncelerinle zihninin k\u00f6lesi olarak ya\u015famaya mahk\u00fbm edilirsin. Bu kitap, kendi ellerinle saklad\u0131\u011f\u0131n anahtar\u0131n yerini sana hat\u0131rlatmak \u00fczere kaleme al\u0131nd\u0131. Kendine mutlu ve \u00f6zg\u00fcr bir hayat bor\u00e7lusun. \u0130\u00e7indeki gardiyan\u0131, ger\u00e7ek bir kahramanla takas etmenin zaman\u0131 gelmedi mi?   <\/p>\n","protected":false},"excerpt":{"rendered":"<p>D\u00dcNYAYI DE\u011e\u0130\u015eT\u0130REM\u0130YORSAN KEND\u0130N\u0130 DE\u011e\u0130\u015eT\u0130R. \u015eimdiye kadar edindi\u011fin her tecr\u00fcbeyle, ya\u015fad\u0131\u011f\u0131n her duyguyla ve \u00f6\u011frendi\u011fin her bilgiyle kendine bir miza\u00e7 ve bir zihin yap\u0131s\u0131 in\u015fa ettin. E\u011fer<span class=\"excerpt-hellip\"> [\u2026]<\/span><\/p>\n","protected":false},"featured_media":0,"template":"","meta":{"_monsterinsights_skip_tracking":false,"_monsterinsights_sitenote_active":false,"_monsterinsights_sitenote_note":"","_monsterinsights_sitenote_category":0},"product_brand":[],"product_cat":[12364,12376],"product_tag":[],"class_list":{"0":"post-749011","1":"product","2":"type-product","3":"status-publish","5":"product_cat-genel-konular","6":"product_cat-kisisel-gelisim","7":"pa_cilt-ciltsiz","8":"pa_tur-kitap","9":"pa_yayinevi-destek-yayinlari","10":"pa_yazar-sanal-klinik","12":"first","13":"instock","14":"sale","15":"shipping-taxable","16":"purchasable","17":"product-type-simple"},"_links":{"self":[{"href":"https:\/\/roveyayinevi.com.tr\/index.php\/wp-json\/wp\/v2\/product\/749011","targetHints":{"allow":["GET"]}}],"collection":[{"href":"https:\/\/roveyayinevi.com.tr\/index.php\/wp-json\/wp\/v2\/product"}],"about":[{"href":"https:\/\/roveyayinevi.com.tr\/index.php\/wp-json\/wp\/v2\/types\/product"}],"wp:attachment":[{"href":"https:\/\/roveyayinevi.com.tr\/index.php\/wp-json\/wp\/v2\/media?parent=749011"}],"wp:term":[{"taxonomy":"product_brand","embeddable":true,"href":"https:\/\/roveyayinevi.com.tr\/index.php\/wp-json\/wp\/v2\/product_brand?post=749011"},{"taxonomy":"product_cat","embeddable":true,"href":"https:\/\/roveyayinevi.com.tr\/index.php\/wp-json\/wp\/v2\/product_cat?post=749011"},{"taxonomy":"product_tag","embeddable":true,"href":"https:\/\/roveyayinevi.com.tr\/index.php\/wp-json\/wp\/v2\/product_tag?post=749011"}],"curies":[{"name":"wp","href":"https:\/\/api.w.org\/{rel}","templated":true}]}}