{"id":749010,"date":"2025-08-28T03:45:03","date_gmt":"2025-08-28T00:45:03","guid":{"rendered":"https:\/\/roveyayinevi.com.tr\/index.php\/urun\/saglikli-bir-iliski-kisisel-ozgurlukle-baslar\/"},"modified":"2026-04-16T03:01:42","modified_gmt":"2026-04-16T00:01:42","slug":"saglikli-bir-iliski-kisisel-ozgurlukle-baslar","status":"publish","type":"product","link":"https:\/\/roveyayinevi.com.tr\/index.php\/urun\/saglikli-bir-iliski-kisisel-ozgurlukle-baslar\/","title":{"rendered":"Sa\u011fl\u0131kl\u0131 Bir \u0130li\u015fki Ki\u015fisel \u00d6zg\u00fcrl\u00fckle Ba\u015flar"},"content":{"rendered":"<p>\u201cSEVG\u0130 DOLU B\u0130R \u0130L\u0130\u015eK\u0130, HER \u0130K\u0130 YANIN DA KAZANDI\u011eI, \u0130K\u0130 K\u0130\u015e\u0130L\u0130K B\u0130R OYUNDUR.\u201d Severken, kendi \u201cbiricik\u201dli\u011fimizi yitirir ya da bunu bir ba\u015fkas\u0131ndan almaya \u00e7al\u0131\u015f\u0131r\u0131z. \u201cBir olmu\u015f\u201d gibi g\u00f6r\u00fcnmeyi \u00e7ok istemek, bunun i\u00e7in yan\u0131p tutu\u015fmak, kendi yans\u0131mam\u0131z\u0131 ba\u015fkas\u0131nda g\u00f6rmek istememize neden olur, bu da kendi ki\u015filik \u00f6zelliklerimizi bir ba\u015fkas\u0131na yapay olarak y\u00fcklemeye \u00e7al\u0131\u015fmam\u0131za yol a\u00e7ar. Erich Fromm \u201cSevmenin tek yolu \u00f6zg\u00fcrce sevmektir\u201d der. Ger\u00e7ek sevgi bir ba\u015fkas\u0131n\u0131n t\u00fcm\u00fcyle ayr\u0131 bir birey oldu\u011funu kabul etmek, di\u011fer ki\u015finin de\u011fi\u015fik g\u00f6r\u00fc\u015flerine, tercihlerine ve inan\u00e7lar\u0131na sayg\u0131 g\u00f6stermektir. Sevgi, ki\u015finin kendi d\u0131\u015f\u0131nda, bir ba\u015fka ki\u015fi ya da nesneyle, kendisinin ayr\u0131 biri olma \u00f6zelli\u011fini ve kendi benli\u011finin b\u00fct\u00fcnl\u00fc\u011f\u00fcn\u00fc koruyarak birle\u015fmesidir. <\/p>\n","protected":false},"excerpt":{"rendered":"<p>\u201cSEVG\u0130 DOLU B\u0130R \u0130L\u0130\u015eK\u0130, HER \u0130K\u0130 YANIN DA KAZANDI\u011eI, \u0130K\u0130 K\u0130\u015e\u0130L\u0130K B\u0130R OYUNDUR.\u201d Severken, kendi \u201cbiricik\u201dli\u011fimizi yitirir ya da bunu bir ba\u015fkas\u0131ndan almaya \u00e7al\u0131\u015f\u0131r\u0131z. \u201cBir olmu\u015f\u201d<span class=\"excerpt-hellip\"> [\u2026]<\/span><\/p>\n","protected":false},"featured_media":0,"template":"","meta":{"_monsterinsights_skip_tracking":false,"_monsterinsights_sitenote_active":false,"_monsterinsights_sitenote_note":"","_monsterinsights_sitenote_category":0},"product_brand":[],"product_cat":[12357],"product_tag":[],"class_list":{"0":"post-749010","1":"product","2":"type-product","3":"status-publish","5":"product_cat-psikoloji","6":"pa_cilt-ciltsiz","7":"pa_tur-kitap","8":"pa_yayinevi-destek-yayinlari","9":"pa_yazar-ertugrul-koroglu","11":"first","12":"instock","13":"sale","14":"shipping-taxable","15":"purchasable","16":"product-type-simple"},"_links":{"self":[{"href":"https:\/\/roveyayinevi.com.tr\/index.php\/wp-json\/wp\/v2\/product\/749010","targetHints":{"allow":["GET"]}}],"collection":[{"href":"https:\/\/roveyayinevi.com.tr\/index.php\/wp-json\/wp\/v2\/product"}],"about":[{"href":"https:\/\/roveyayinevi.com.tr\/index.php\/wp-json\/wp\/v2\/types\/product"}],"wp:attachment":[{"href":"https:\/\/roveyayinevi.com.tr\/index.php\/wp-json\/wp\/v2\/media?parent=749010"}],"wp:term":[{"taxonomy":"product_brand","embeddable":true,"href":"https:\/\/roveyayinevi.com.tr\/index.php\/wp-json\/wp\/v2\/product_brand?post=749010"},{"taxonomy":"product_cat","embeddable":true,"href":"https:\/\/roveyayinevi.com.tr\/index.php\/wp-json\/wp\/v2\/product_cat?post=749010"},{"taxonomy":"product_tag","embeddable":true,"href":"https:\/\/roveyayinevi.com.tr\/index.php\/wp-json\/wp\/v2\/product_tag?post=749010"}],"curies":[{"name":"wp","href":"https:\/\/api.w.org\/{rel}","templated":true}]}}