{"id":749006,"date":"2025-08-28T03:44:56","date_gmt":"2025-08-28T00:44:56","guid":{"rendered":"https:\/\/roveyayinevi.com.tr\/index.php\/urun\/arkadasligin-paytak-adimlari\/"},"modified":"2026-04-16T03:01:42","modified_gmt":"2026-04-16T00:01:42","slug":"arkadasligin-paytak-adimlari","status":"publish","type":"product","link":"https:\/\/roveyayinevi.com.tr\/index.php\/urun\/arkadasligin-paytak-adimlari\/","title":{"rendered":"Arkada\u015fl\u0131\u011f\u0131n Paytak Ad\u0131mlar\u0131"},"content":{"rendered":"<p>Karla kapl\u0131 yollar\u0131n bulu\u015fturdu\u011fu iki arkada\u015fla tan\u0131\u015f\u0131n: Ak\u00e7a ve Pinku! Ak\u00e7a, yo\u011fun kar ya\u011f\u0131\u015f\u0131 nedeniyle okula gidemiyor. Evde, can\u0131 s\u0131k\u0131l\u0131yor. Pinku ise sadece \u00e7ok kar varken okula gidebiliyor. Farkl\u0131 ko\u015fullarda hayat s\u00fcren bu ikilinin yolu kesi\u015fecek ve k\u0131\u015f so\u011fu\u011funda s\u0131cac\u0131k bir dostluk ba\u015flayacak. <\/p>\n","protected":false},"excerpt":{"rendered":"<p>Karla kapl\u0131 yollar\u0131n bulu\u015fturdu\u011fu iki arkada\u015fla tan\u0131\u015f\u0131n: Ak\u00e7a ve Pinku! Ak\u00e7a, yo\u011fun kar ya\u011f\u0131\u015f\u0131 nedeniyle okula gidemiyor. Evde, can\u0131 s\u0131k\u0131l\u0131yor. Pinku ise sadece \u00e7ok kar varken<span class=\"excerpt-hellip\"> [\u2026]<\/span><\/p>\n","protected":false},"featured_media":0,"template":"","meta":{"_monsterinsights_skip_tracking":false,"_monsterinsights_sitenote_active":false,"_monsterinsights_sitenote_note":"","_monsterinsights_sitenote_category":0},"product_brand":[],"product_cat":[12274,12284],"product_tag":[],"class_list":{"0":"post-749006","1":"product","2":"type-product","3":"status-publish","5":"product_cat-cocuk-ve-genclik-kitaplari","6":"product_cat-hikayeler","7":"pa_cilt-ciltsiz","8":"pa_tur-kitap","9":"pa_yayinevi-vakifbank-kultur-yayinlari","10":"pa_yazar-fatma-nur-kaptanoglu","12":"first","13":"instock","14":"sale","15":"shipping-taxable","16":"purchasable","17":"product-type-simple"},"_links":{"self":[{"href":"https:\/\/roveyayinevi.com.tr\/index.php\/wp-json\/wp\/v2\/product\/749006","targetHints":{"allow":["GET"]}}],"collection":[{"href":"https:\/\/roveyayinevi.com.tr\/index.php\/wp-json\/wp\/v2\/product"}],"about":[{"href":"https:\/\/roveyayinevi.com.tr\/index.php\/wp-json\/wp\/v2\/types\/product"}],"wp:attachment":[{"href":"https:\/\/roveyayinevi.com.tr\/index.php\/wp-json\/wp\/v2\/media?parent=749006"}],"wp:term":[{"taxonomy":"product_brand","embeddable":true,"href":"https:\/\/roveyayinevi.com.tr\/index.php\/wp-json\/wp\/v2\/product_brand?post=749006"},{"taxonomy":"product_cat","embeddable":true,"href":"https:\/\/roveyayinevi.com.tr\/index.php\/wp-json\/wp\/v2\/product_cat?post=749006"},{"taxonomy":"product_tag","embeddable":true,"href":"https:\/\/roveyayinevi.com.tr\/index.php\/wp-json\/wp\/v2\/product_tag?post=749006"}],"curies":[{"name":"wp","href":"https:\/\/api.w.org\/{rel}","templated":true}]}}