{"id":749005,"date":"2025-08-28T03:44:55","date_gmt":"2025-08-28T00:44:55","guid":{"rendered":"https:\/\/roveyayinevi.com.tr\/index.php\/urun\/leoyu-affediyorum\/"},"modified":"2026-04-16T03:01:42","modified_gmt":"2026-04-16T00:01:42","slug":"leoyu-affediyorum","status":"publish","type":"product","link":"https:\/\/roveyayinevi.com.tr\/index.php\/urun\/leoyu-affediyorum\/","title":{"rendered":"Leo&#8217;yu Affediyorum"},"content":{"rendered":"<p>Leo okul bah\u00e7esinde oynarlarken bir arkada\u015f\u0131n\u0131n resimlerini kazara su birikintisine d\u00fc\u015f\u00fcr\u00fcyor. S\u0131n\u0131f arkada\u015flar\u0131 ya\u015fanan olay nedeniyle hem \u00fcz\u00fcl\u00fcyor hem de Leo\u2019ya k\u0131z\u0131yorlar. Derken Leo \u00f6z\u00fcr dilemenin, resimleri zarar g\u00f6ren arkada\u015f\u0131 da Leo\u2019yu affetmenin bir yolunu buluyor.   Leo\u2019yu Affediyorum, \u00f6z\u00fcr dilerken ve affederken hissetti\u011fimiz karma\u015f\u0131k duygular\u0131 ele alan, anlay\u0131\u015f \u00fczerine bir sessiz kitap. Kitab\u0131n sonunda yer alan k\u0131lavuzda ise birini incitti\u011fimizde ya da birisi bizi incitti\u011finde neler yapabilece\u011fimizle ilgili \u00f6neriler sunuluyor.    <\/p>\n","protected":false},"excerpt":{"rendered":"<p>Leo okul bah\u00e7esinde oynarlarken bir arkada\u015f\u0131n\u0131n resimlerini kazara su birikintisine d\u00fc\u015f\u00fcr\u00fcyor. S\u0131n\u0131f arkada\u015flar\u0131 ya\u015fanan olay nedeniyle hem \u00fcz\u00fcl\u00fcyor hem de Leo\u2019ya k\u0131z\u0131yorlar. Derken Leo \u00f6z\u00fcr dilemenin,<span class=\"excerpt-hellip\"> [\u2026]<\/span><\/p>\n","protected":false},"featured_media":0,"template":"","meta":{"_monsterinsights_skip_tracking":false,"_monsterinsights_sitenote_active":false,"_monsterinsights_sitenote_note":"","_monsterinsights_sitenote_category":0},"product_brand":[],"product_cat":[12274,15842],"product_tag":[],"class_list":{"0":"post-749005","1":"product","2":"type-product","3":"status-publish","5":"product_cat-cocuk-ve-genclik-kitaplari","6":"product_cat-egitici-kitaplar","7":"pa_cilt-ciltsiz","8":"pa_tur-kitap","9":"pa_yayinevi-redhouse-kidz-yayinlari","10":"pa_yazar-kerascoet","12":"first","13":"instock","14":"sale","15":"shipping-taxable","16":"purchasable","17":"product-type-simple"},"_links":{"self":[{"href":"https:\/\/roveyayinevi.com.tr\/index.php\/wp-json\/wp\/v2\/product\/749005","targetHints":{"allow":["GET"]}}],"collection":[{"href":"https:\/\/roveyayinevi.com.tr\/index.php\/wp-json\/wp\/v2\/product"}],"about":[{"href":"https:\/\/roveyayinevi.com.tr\/index.php\/wp-json\/wp\/v2\/types\/product"}],"wp:attachment":[{"href":"https:\/\/roveyayinevi.com.tr\/index.php\/wp-json\/wp\/v2\/media?parent=749005"}],"wp:term":[{"taxonomy":"product_brand","embeddable":true,"href":"https:\/\/roveyayinevi.com.tr\/index.php\/wp-json\/wp\/v2\/product_brand?post=749005"},{"taxonomy":"product_cat","embeddable":true,"href":"https:\/\/roveyayinevi.com.tr\/index.php\/wp-json\/wp\/v2\/product_cat?post=749005"},{"taxonomy":"product_tag","embeddable":true,"href":"https:\/\/roveyayinevi.com.tr\/index.php\/wp-json\/wp\/v2\/product_tag?post=749005"}],"curies":[{"name":"wp","href":"https:\/\/api.w.org\/{rel}","templated":true}]}}