{"id":749004,"date":"2025-08-28T03:44:53","date_gmt":"2025-08-28T00:44:53","guid":{"rendered":"https:\/\/roveyayinevi.com.tr\/index.php\/urun\/asr-i-saadetten-gecmise-hikayeler\/"},"modified":"2026-04-16T03:01:42","modified_gmt":"2026-04-16T00:01:42","slug":"asr-i-saadetten-gecmise-hikayeler","status":"publish","type":"product","link":"https:\/\/roveyayinevi.com.tr\/index.php\/urun\/asr-i-saadetten-gecmise-hikayeler\/","title":{"rendered":"Asr-\u0131 Saadetten Ge\u00e7mi\u015fe Hikayeler"},"content":{"rendered":"<p>Bir D\u00fcnya d\u00fc\u015f\u00fcn\u00fcn ki semaya uzanan ellerin ve a\u00e7\u0131lan ellerle birlikte yap\u0131lan dualar\u0131n y\u00fcz\u00fc suyu h\u00fcrmetine d\u00f6n\u00fcyor. Bir alem ki kap\u0131lar\u0131n\u0131 sana sonuna kadar a\u00e7\u0131yor ama seni o kap\u0131dan i\u00e7eriye girmek i\u00e7in asla zorlam\u0131yor. Bir \u00fcmmet d\u00fc\u015f\u00fcn\u00fcn ki peygamberinin a\u015fk\u0131yla yan\u0131p tutu\u015fuyor. O ne g\u00fczel din, o ne g\u00fczel peygamber, o ne g\u00fczel duad\u0131r. Hikayelerse \u00f6\u011freticidir ve bir hikaye bazen binlerce g\u00f6n\u00fcle dokunabilir. G\u00f6n\u00fcllere nasihat zerk eden bu hikayeler dinleyenlerin ve okuyanlar\u0131n ibret kap\u0131lar\u0131n\u0131 aralar. \u00d6yle ki \u201cOku!\u201d der ayeti kerime \u201cKalemle (yazmay\u0131) \u00f6\u011freten, (b\u00f6ylece) insana bilmedi\u011fini bildiren Rabbin sonsuz kerem sahibidir.\u201d Asr- Saadetten ge\u00e7mi\u015fe uzanan hikayeleri okurken tevekk\u00fcl edecek, ruhunuza bir nebze olsun nefes ald\u0131racak, kalbinizde ye\u015fertti\u011finiz \u0130slam tomurcuklar\u0131n\u0131 \u00e7i\u00e7eklendireceksiniz. G\u00fcl kokulu \u0130slam bah\u00e7enizin \u00e7i\u00e7ekleri solmas\u0131n. Onlar ki ne g\u00fczel hikaye, ne g\u00fczel \u00e7i\u00e7ek, ne g\u00fczel bah\u00e7edir.&#8212;Uzatmadan y\u00fczde y\u00fcz tam inanm\u0131\u015f kalp ve \u015feksiz \u015f\u00fcphesiz yo\u011frulmu\u015f tefekk\u00fcr etmi\u015f zihinler, ibadetlerde ciddi hassasiyet Rabbimizin izni ile kulu i\u015fte g\u00fczel h\u00e2le getirir.. Hatalardan Rabbim te\u00e2l\u00e2&#8217;n\u0131n ma\u011ffiretine si\u011f\u0131m\u0131r\u0131m. Yazimia evvel\u00e2 nefsimizedir. Du\u00e2 eder dua bekleriz in\u015faAllah.. Rabbil \u00e2lemin bizleri Kur&#8217;an ve s\u00fcnneti ya\u015fayan kullar\u0131ndan eyle. Amin!<\/p>\n","protected":false},"excerpt":{"rendered":"<p>Bir D\u00fcnya d\u00fc\u015f\u00fcn\u00fcn ki semaya uzanan ellerin ve a\u00e7\u0131lan ellerle birlikte yap\u0131lan dualar\u0131n y\u00fcz\u00fc suyu h\u00fcrmetine d\u00f6n\u00fcyor. Bir alem ki kap\u0131lar\u0131n\u0131 sana sonuna kadar a\u00e7\u0131yor ama<span class=\"excerpt-hellip\"> [\u2026]<\/span><\/p>\n","protected":false},"featured_media":0,"template":"","meta":{"_monsterinsights_skip_tracking":false,"_monsterinsights_sitenote_active":false,"_monsterinsights_sitenote_note":"","_monsterinsights_sitenote_category":0},"product_brand":[],"product_cat":[12291,18202],"product_tag":[],"class_list":{"0":"post-749004","1":"product","2":"type-product","3":"status-publish","5":"product_cat-edebiyat","6":"product_cat-hikaye","7":"pa_cilt-ciltsiz","8":"pa_tur-kitap","9":"pa_yayinevi-agnes-yayimcilik","10":"pa_yazar-netice-caliskan","12":"first","13":"instock","14":"sale","15":"shipping-taxable","16":"purchasable","17":"product-type-simple"},"_links":{"self":[{"href":"https:\/\/roveyayinevi.com.tr\/index.php\/wp-json\/wp\/v2\/product\/749004","targetHints":{"allow":["GET"]}}],"collection":[{"href":"https:\/\/roveyayinevi.com.tr\/index.php\/wp-json\/wp\/v2\/product"}],"about":[{"href":"https:\/\/roveyayinevi.com.tr\/index.php\/wp-json\/wp\/v2\/types\/product"}],"wp:attachment":[{"href":"https:\/\/roveyayinevi.com.tr\/index.php\/wp-json\/wp\/v2\/media?parent=749004"}],"wp:term":[{"taxonomy":"product_brand","embeddable":true,"href":"https:\/\/roveyayinevi.com.tr\/index.php\/wp-json\/wp\/v2\/product_brand?post=749004"},{"taxonomy":"product_cat","embeddable":true,"href":"https:\/\/roveyayinevi.com.tr\/index.php\/wp-json\/wp\/v2\/product_cat?post=749004"},{"taxonomy":"product_tag","embeddable":true,"href":"https:\/\/roveyayinevi.com.tr\/index.php\/wp-json\/wp\/v2\/product_tag?post=749004"}],"curies":[{"name":"wp","href":"https:\/\/api.w.org\/{rel}","templated":true}]}}