{"id":749002,"date":"2025-08-28T03:44:50","date_gmt":"2025-08-28T00:44:50","guid":{"rendered":"https:\/\/roveyayinevi.com.tr\/index.php\/urun\/benim-hikayem-5\/"},"modified":"2026-04-15T03:11:40","modified_gmt":"2026-04-15T00:11:40","slug":"benim-hikayem-5","status":"publish","type":"product","link":"https:\/\/roveyayinevi.com.tr\/index.php\/urun\/benim-hikayem-5\/","title":{"rendered":"Benim Hikayem"},"content":{"rendered":"<p>Her insan\u0131n, her hayat\u0131n hikayesi farkl\u0131d\u0131r. Bir \u00f6m\u00fcr y\u00fczlerce hikaye saklar.  Kimisini hikayesi olgunla\u015ft\u0131r\u0131r, kimisinin ise \u00e7ocuk ruhlar\u0131n\u0131 d\u00f6ker ortaya . Baz\u0131 tesad\u00fcfler , g\u00fczel ba\u015flang\u0131\u00e7lara vesile olur. Sen yeter ki sabretmesini bil ,Allah sabredeni sever .A\u015fk sevgi ve onlarca ger\u00e7ek hayattan duyguyu i\u00e7inde bar\u0131nd\u0131ran bir kitap ki her insan i\u00e7inde bir umut tutunacak bir dal bulacak. Belki a\u011flayacak ,belki g\u00fcleceksiniz ama ne hissederseniz hissedin kitab\u0131 elinizden b\u0131rakmayacaks\u0131n\u0131z.   Evet ,Benim Hikayem beni ,bizi anlatacak. Benim Hikayem sizlere hayattan birer par\u00e7a sunacak. Ben Benim Hik\u00e2yem\u2019i  yazaca\u011f\u0131m . Siz okur iken kendi hikayelerinizi bulacaks\u0131n\u0131z.   Biz kendimizi yazd\u0131k ,siz hik\u00e2yelerimizi kendinizde saklayabilecek misiniz ? &#8212;Bu Biz ne y\u0131k\u0131ld\u0131k ne de \u00e7\u00f6kt\u00fck!  Sadece \u00f6n\u00fcm\u00fczde ya\u015famaya de\u011fil , Ya\u015fanmaya de\u011fer, D\u00fc\u015fledi\u011fimiz D\u00fcnyada mevsim nevbahar Ya\u015farken k\u00f6t\u00fc giden g\u00fcnlerin Umut dolu yar\u0131nlar\u0131 \u0130klimleri de ekledik&#8230; Renklerin her tonunu yans\u0131ts\u0131n diye Rengi solmu\u015f Gazeller d\u00f6kt\u00fck&#8230; R\u00fczgar\u0131n azimetine direnmeyenler savrulmu\u015ftu \u00e7oktan&#8230;&#8230;.. Umut belki aylar\u0131n belki de y\u0131llar\u0131n ard\u0131ndad\u0131r. M\u0131sralar\u0131n sat\u0131rlar\u0131na yolculuk etmeye sen de kat\u0131l\u201e. <\/p>\n","protected":false},"excerpt":{"rendered":"<p>Her insan\u0131n, her hayat\u0131n hikayesi farkl\u0131d\u0131r. Bir \u00f6m\u00fcr y\u00fczlerce hikaye saklar. Kimisini hikayesi olgunla\u015ft\u0131r\u0131r, kimisinin ise \u00e7ocuk ruhlar\u0131n\u0131 d\u00f6ker ortaya . Baz\u0131 tesad\u00fcfler , g\u00fczel ba\u015flang\u0131\u00e7lara<span class=\"excerpt-hellip\"> [\u2026]<\/span><\/p>\n","protected":false},"featured_media":0,"template":"","meta":{"_monsterinsights_skip_tracking":false,"_monsterinsights_sitenote_active":false,"_monsterinsights_sitenote_note":"","_monsterinsights_sitenote_category":0},"product_brand":[],"product_cat":[12291,18202],"product_tag":[],"class_list":{"0":"post-749002","1":"product","2":"type-product","3":"status-publish","5":"product_cat-edebiyat","6":"product_cat-hikaye","7":"pa_cilt-ciltsiz","8":"pa_tur-kitap","9":"pa_yayinevi-agnes-yayimcilik","10":"pa_yazar-kolektif","12":"first","13":"instock","14":"sale","15":"shipping-taxable","16":"purchasable","17":"product-type-simple"},"_links":{"self":[{"href":"https:\/\/roveyayinevi.com.tr\/index.php\/wp-json\/wp\/v2\/product\/749002","targetHints":{"allow":["GET"]}}],"collection":[{"href":"https:\/\/roveyayinevi.com.tr\/index.php\/wp-json\/wp\/v2\/product"}],"about":[{"href":"https:\/\/roveyayinevi.com.tr\/index.php\/wp-json\/wp\/v2\/types\/product"}],"wp:attachment":[{"href":"https:\/\/roveyayinevi.com.tr\/index.php\/wp-json\/wp\/v2\/media?parent=749002"}],"wp:term":[{"taxonomy":"product_brand","embeddable":true,"href":"https:\/\/roveyayinevi.com.tr\/index.php\/wp-json\/wp\/v2\/product_brand?post=749002"},{"taxonomy":"product_cat","embeddable":true,"href":"https:\/\/roveyayinevi.com.tr\/index.php\/wp-json\/wp\/v2\/product_cat?post=749002"},{"taxonomy":"product_tag","embeddable":true,"href":"https:\/\/roveyayinevi.com.tr\/index.php\/wp-json\/wp\/v2\/product_tag?post=749002"}],"curies":[{"name":"wp","href":"https:\/\/api.w.org\/{rel}","templated":true}]}}