{"id":748997,"date":"2025-08-28T03:44:43","date_gmt":"2025-08-28T00:44:43","guid":{"rendered":"https:\/\/roveyayinevi.com.tr\/index.php\/urun\/karanlik-harmoni\/"},"modified":"2026-04-16T03:01:41","modified_gmt":"2026-04-16T00:01:41","slug":"karanlik-harmoni","status":"publish","type":"product","link":"https:\/\/roveyayinevi.com.tr\/index.php\/urun\/karanlik-harmoni\/","title":{"rendered":"Karanl\u0131k Harmoni"},"content":{"rendered":"<p>Hayatta \u00f6l\u00fcmden daha k\u00f6t\u00fc \u015feyler de vard\u0131r. G\u00f6lgelerde gizlenen, r\u00fcyalar\u0131n\u0131za s\u0131zan \u015feyler. Var olmamas\u0131 gereken \u015feyler. Bir zamanlar uyuyan ama art\u0131k uyand\u0131r\u0131lm\u0131\u015f olan \u015feyler.   Callypso Lillis\u2019in damarlar\u0131nda art\u0131k hem laneti hem de \u015fans\u0131 say\u0131lan peri sihri ak\u0131yordu. Onu ruh e\u015fi ve Gece Kral\u0131 Desmond Flynn\u2019a ba\u011flayan bu sihir, \u00d6ted\u00fcnya&#8217;y\u0131 ve onunla birlikte Callie&#8217;yi de yok etmek isteyen Ruh H\u0131rs\u0131z\u0131&#8217;na kar\u015f\u0131 savunmas\u0131z b\u0131rak\u0131r.   Ancak \u00d6ted\u00fcnya\u2019ya d\u00fc\u015fen tek g\u00f6lge Ruh H\u0131rs\u0131z\u0131 de\u011fildi. Des\u2019in babas\u0131 dirilmi\u015f ve onu mezara g\u00f6nderen o\u011flundan intikam\u0131n\u0131 almak i\u00e7in kar\u015f\u0131lar\u0131na dikilmi\u015fti.Des ve Callie \u00e7ok ge\u00e7 olmadan bu iki adam\u0131 durdurman\u0131n bir yolunu bulmal\u0131d\u0131r: B\u00f6ylece krall\u0131klar aras\u0131nda dola\u015farak ipu\u00e7lar\u0131 toplar ve s\u0131rlar\u0131 \u00e7\u00f6zerler; ancak kader ve kaos pe\u015flerinden ayr\u0131lmaz. Kendilerini ve krall\u0131klar\u0131n\u0131 par\u00e7alamaya \u00e7al\u0131\u015fan k\u00f6t\u00fc g\u00fc\u00e7leri durdurman\u0131n bir yolunu bulamazlarsa, sadece kendi hayatlar\u0131n\u0131 de\u011fil, t\u00fcm perilerin hayatlar\u0131n\u0131 da riske atacaklard\u0131r&#8230; Ne yaz\u0131k ki \u00f6l\u00fcm, onlar i\u00e7in art\u0131k en k\u00f6t\u00fc sonu\u00e7 de\u011fildir. <\/p>\n","protected":false},"excerpt":{"rendered":"<p>Hayatta \u00f6l\u00fcmden daha k\u00f6t\u00fc \u015feyler de vard\u0131r. G\u00f6lgelerde gizlenen, r\u00fcyalar\u0131n\u0131za s\u0131zan \u015feyler. Var olmamas\u0131 gereken \u015feyler. Bir zamanlar uyuyan ama art\u0131k uyand\u0131r\u0131lm\u0131\u015f olan \u015feyler. Callypso Lillis\u2019in<span class=\"excerpt-hellip\"> [\u2026]<\/span><\/p>\n","protected":false},"featured_media":0,"template":"","meta":{"_monsterinsights_skip_tracking":false,"_monsterinsights_sitenote_active":false,"_monsterinsights_sitenote_note":"","_monsterinsights_sitenote_category":0},"product_brand":[],"product_cat":[12291,14777],"product_tag":[],"class_list":{"0":"post-748997","1":"product","2":"type-product","3":"status-publish","5":"product_cat-edebiyat","6":"product_cat-fantastik","7":"pa_cilt-ciltsiz","8":"pa_tur-kitap","9":"pa_yayinevi-marti-yayinlari","10":"pa_yazar-laura-thalassa","12":"first","13":"instock","14":"sale","15":"shipping-taxable","16":"purchasable","17":"product-type-simple"},"_links":{"self":[{"href":"https:\/\/roveyayinevi.com.tr\/index.php\/wp-json\/wp\/v2\/product\/748997","targetHints":{"allow":["GET"]}}],"collection":[{"href":"https:\/\/roveyayinevi.com.tr\/index.php\/wp-json\/wp\/v2\/product"}],"about":[{"href":"https:\/\/roveyayinevi.com.tr\/index.php\/wp-json\/wp\/v2\/types\/product"}],"wp:attachment":[{"href":"https:\/\/roveyayinevi.com.tr\/index.php\/wp-json\/wp\/v2\/media?parent=748997"}],"wp:term":[{"taxonomy":"product_brand","embeddable":true,"href":"https:\/\/roveyayinevi.com.tr\/index.php\/wp-json\/wp\/v2\/product_brand?post=748997"},{"taxonomy":"product_cat","embeddable":true,"href":"https:\/\/roveyayinevi.com.tr\/index.php\/wp-json\/wp\/v2\/product_cat?post=748997"},{"taxonomy":"product_tag","embeddable":true,"href":"https:\/\/roveyayinevi.com.tr\/index.php\/wp-json\/wp\/v2\/product_tag?post=748997"}],"curies":[{"name":"wp","href":"https:\/\/api.w.org\/{rel}","templated":true}]}}