{"id":748996,"date":"2025-08-28T03:44:41","date_gmt":"2025-08-28T00:44:41","guid":{"rendered":"https:\/\/roveyayinevi.com.tr\/index.php\/urun\/bilgelerden-ogutler-ve-hikayeler\/"},"modified":"2026-04-16T03:01:41","modified_gmt":"2026-04-16T00:01:41","slug":"bilgelerden-ogutler-ve-hikayeler","status":"publish","type":"product","link":"https:\/\/roveyayinevi.com.tr\/index.php\/urun\/bilgelerden-ogutler-ve-hikayeler\/","title":{"rendered":"Bilgelerden \u00d6\u011f\u00fctler ve Hikayeler"},"content":{"rendered":"<p>Bilgelik, bilgi edinme, idrak, g\u00f6rg\u00fc, sa\u011fduyu ve sezgisel anlay\u0131\u015f ile birlikte bu hususiyetleri \u00f6z\u00fcmseyebilme ve uygulayabilme kapasitesidir. Bir S\u00fcmer atas\u00f6z\u00fcnde bilgelerle ilgili \u015fu ifadeler yer almaktad\u0131r: \u201cBilge ki\u015fi karanl\u0131kta \u0131\u015f\u0131k, \u00e7\u0131kmaz sokakta yol buland\u0131r.\u201d Antik \u00e7a\u011fdan g\u00fcn\u00fcm\u00fcze \u00f6yle bilge insanlar ve s\u00f6zler vard\u0131r ki ya\u015fad\u0131\u011f\u0131 ve s\u00f6ylendi\u011fi \u00e7a\u011fa ait de\u011fillerdir. \u00c7a\u011f\u0131n \u00f6tesinde ya\u015farlar ve \u00e7a\u011f\u0131n \u00f6tesinde yank\u0131lan\u0131r, kabul g\u00f6r\u00fcrler. Bu kitab\u0131n yaz\u0131l\u0131\u015f gayesi de hayat\u0131n en anlaml\u0131 eylemlerinden biri olan \u201cokumak\u201d ile de\u011ferli hazinemiz siz \u00f6\u011frencileri, gen\u00e7lerimizi bulu\u015fturmakt\u0131r. Kitab\u0131m\u0131zda yer verdi\u011fimiz bilgeler ve onlar\u0131n verdi\u011fi \u00f6\u011f\u00fctler sizleri okuma al\u0131\u015fkanl\u0131\u011f\u0131na biraz daha yakla\u015ft\u0131racakt\u0131r. Mustafa Kemal Atat\u00fcrk\u2019\u00fcn de belirtti\u011fi gibi; \u201cEy y\u00fckselen yeni nesil, istikbal sizindir. Cumhuriyet\u2019i biz kurduk, O\u2019nu y\u00fckseltecek ve s\u00fcrd\u00fcrecek sizlersiniz. Herkes ulusal g\u00f6revini ve sorumlulu\u011funu bilmeli, memleket meseleleri \u00fczerinde o d\u00fc\u015f\u00fcnceyle, d\u00fc\u015f\u00fcn\u00fcp \u00e7al\u0131\u015fmay\u0131 g\u00f6rev edinmelidir. Kendiniz i\u00e7in de\u011fil, ba\u011fl\u0131 bulundu\u011funuz ulus i\u00e7in el birli\u011fi ile \u00e7al\u0131\u015f\u0131n\u0131z.\u201d <\/p>\n","protected":false},"excerpt":{"rendered":"<p>Bilgelik, bilgi edinme, idrak, g\u00f6rg\u00fc, sa\u011fduyu ve sezgisel anlay\u0131\u015f ile birlikte bu hususiyetleri \u00f6z\u00fcmseyebilme ve uygulayabilme kapasitesidir. Bir S\u00fcmer atas\u00f6z\u00fcnde bilgelerle ilgili \u015fu ifadeler yer almaktad\u0131r:<span class=\"excerpt-hellip\"> [\u2026]<\/span><\/p>\n","protected":false},"featured_media":0,"template":"","meta":{"_monsterinsights_skip_tracking":false,"_monsterinsights_sitenote_active":false,"_monsterinsights_sitenote_note":"","_monsterinsights_sitenote_category":0},"product_brand":[],"product_cat":[13072,12291],"product_tag":[],"class_list":{"0":"post-748996","1":"product","2":"type-product","3":"status-publish","5":"product_cat-arastirma-inceleme-referans","6":"product_cat-edebiyat","7":"pa_cilt-ciltsiz","8":"pa_tur-kitap","9":"pa_yayinevi-sinova-yayincilik","10":"pa_yazar-selcuk-silsupur","12":"first","13":"instock","14":"sale","15":"shipping-taxable","16":"purchasable","17":"product-type-simple"},"_links":{"self":[{"href":"https:\/\/roveyayinevi.com.tr\/index.php\/wp-json\/wp\/v2\/product\/748996","targetHints":{"allow":["GET"]}}],"collection":[{"href":"https:\/\/roveyayinevi.com.tr\/index.php\/wp-json\/wp\/v2\/product"}],"about":[{"href":"https:\/\/roveyayinevi.com.tr\/index.php\/wp-json\/wp\/v2\/types\/product"}],"wp:attachment":[{"href":"https:\/\/roveyayinevi.com.tr\/index.php\/wp-json\/wp\/v2\/media?parent=748996"}],"wp:term":[{"taxonomy":"product_brand","embeddable":true,"href":"https:\/\/roveyayinevi.com.tr\/index.php\/wp-json\/wp\/v2\/product_brand?post=748996"},{"taxonomy":"product_cat","embeddable":true,"href":"https:\/\/roveyayinevi.com.tr\/index.php\/wp-json\/wp\/v2\/product_cat?post=748996"},{"taxonomy":"product_tag","embeddable":true,"href":"https:\/\/roveyayinevi.com.tr\/index.php\/wp-json\/wp\/v2\/product_tag?post=748996"}],"curies":[{"name":"wp","href":"https:\/\/api.w.org\/{rel}","templated":true}]}}