{"id":748995,"date":"2025-08-28T03:44:39","date_gmt":"2025-08-28T00:44:39","guid":{"rendered":"https:\/\/roveyayinevi.com.tr\/index.php\/urun\/ulug-turkistandan-anadoluya-turk-masallari-2\/"},"modified":"2026-04-16T03:01:41","modified_gmt":"2026-04-16T00:01:41","slug":"ulug-turkistandan-anadoluya-turk-masallari-2","status":"publish","type":"product","link":"https:\/\/roveyayinevi.com.tr\/index.php\/urun\/ulug-turkistandan-anadoluya-turk-masallari-2\/","title":{"rendered":"Ulu\u011f T\u00fcrkistan\u2019dan Anadolu\u2019ya T\u00fcrk Masallar\u0131-2"},"content":{"rendered":"<p>Genellikle halk\u0131n yaratt\u0131\u011f\u0131, a\u011f\u0131zdan a\u011f\u0131za, ku\u015faktan ku\u015fa\u011fa s\u00fcr\u00fcp gelen, \u00e7o\u011funlukla ola\u011fan\u00fcst\u00fc durum ve olaylar\u0131 yine ola\u011fan\u00fcst\u00fc kahramanlara ba\u011flayarak anlatan halk hik\u00e2yelerine masal denir. Her toplumun kendine \u00f6zg\u00fc masallar\u0131 ve masal kahramanlar\u0131 vard\u0131r. Toplumlar masallar\u0131nda hayallerini, arzular\u0131n\u0131, sevin\u00e7lerini, \u00f6fkelerini ve sevgilerini hayal g\u00fcc\u00fcyle s\u00fcsleyerek anlatm\u0131\u015flard\u0131r. Kendilerinden sonraki nesillere bir mesaj ileterek bunlardan ders al\u0131nmas\u0131n\u0131 istemi\u015flerdir. Masallar umut kayna\u011f\u0131d\u0131r. K\u00f6t\u00fcl\u00fcklerden kurtulman\u0131n m\u00fcmk\u00fcn oldu\u011funu g\u00f6sterirler ve hepsinde iyiler \u00f6d\u00fcllendirilir, k\u00f6t\u00fcler ise cezaland\u0131r\u0131l\u0131r. Nihayet mutlu sona ula\u015f\u0131l\u0131r. Bu \u00e2lem mucizelerle doludur\u2026 Masallardaki sultanlar, \u015fehzadeler, cesur k\u00f6yl\u00fcler, b\u00fcy\u00fcc\u00fcler, cad\u0131lar, ejderhalar ve devler gibi kahramanlarda ger\u00e7ek d\u00fcnyadakine benzer korkularla, felaketlerle kar\u015f\u0131 kar\u015f\u0131yad\u0131rlar, ama burada arzular ger\u00e7ek olur. Bazen dervi\u015fler, bazen periler, bazen de konu\u015fan hayvanlar kahramanlar\u0131n imdad\u0131na yeti\u015firler. T\u00fcrkler, tarihin ba\u015flang\u0131c\u0131ndan beri masallar\u0131 ve efsaneleri ile dilden dile anlat\u0131lan \u00e7ok zengin bir masal hazinesine sahiptir. Sel\u00e7uk Sils\u00fcp\u00fcr, T\u00fcrk D\u00fcnyas\u0131ndan derlenmi\u015f birbirinden g\u00fczel masallar\u0131 bir araya getirmektedir. <\/p>\n","protected":false},"excerpt":{"rendered":"<p>Genellikle halk\u0131n yaratt\u0131\u011f\u0131, a\u011f\u0131zdan a\u011f\u0131za, ku\u015faktan ku\u015fa\u011fa s\u00fcr\u00fcp gelen, \u00e7o\u011funlukla ola\u011fan\u00fcst\u00fc durum ve olaylar\u0131 yine ola\u011fan\u00fcst\u00fc kahramanlara ba\u011flayarak anlatan halk hik\u00e2yelerine masal denir. Her toplumun kendine<span class=\"excerpt-hellip\"> [\u2026]<\/span><\/p>\n","protected":false},"featured_media":0,"template":"","meta":{"_monsterinsights_skip_tracking":false,"_monsterinsights_sitenote_active":false,"_monsterinsights_sitenote_note":"","_monsterinsights_sitenote_category":0},"product_brand":[],"product_cat":[13072,12291],"product_tag":[],"class_list":{"0":"post-748995","1":"product","2":"type-product","3":"status-publish","5":"product_cat-arastirma-inceleme-referans","6":"product_cat-edebiyat","7":"pa_cilt-ciltsiz","8":"pa_tur-kitap","9":"pa_yayinevi-sinova-yayincilik","10":"pa_yazar-selcuk-silsupur","12":"first","13":"instock","14":"sale","15":"shipping-taxable","16":"purchasable","17":"product-type-simple"},"_links":{"self":[{"href":"https:\/\/roveyayinevi.com.tr\/index.php\/wp-json\/wp\/v2\/product\/748995","targetHints":{"allow":["GET"]}}],"collection":[{"href":"https:\/\/roveyayinevi.com.tr\/index.php\/wp-json\/wp\/v2\/product"}],"about":[{"href":"https:\/\/roveyayinevi.com.tr\/index.php\/wp-json\/wp\/v2\/types\/product"}],"wp:attachment":[{"href":"https:\/\/roveyayinevi.com.tr\/index.php\/wp-json\/wp\/v2\/media?parent=748995"}],"wp:term":[{"taxonomy":"product_brand","embeddable":true,"href":"https:\/\/roveyayinevi.com.tr\/index.php\/wp-json\/wp\/v2\/product_brand?post=748995"},{"taxonomy":"product_cat","embeddable":true,"href":"https:\/\/roveyayinevi.com.tr\/index.php\/wp-json\/wp\/v2\/product_cat?post=748995"},{"taxonomy":"product_tag","embeddable":true,"href":"https:\/\/roveyayinevi.com.tr\/index.php\/wp-json\/wp\/v2\/product_tag?post=748995"}],"curies":[{"name":"wp","href":"https:\/\/api.w.org\/{rel}","templated":true}]}}