{"id":748988,"date":"2025-08-28T03:44:29","date_gmt":"2025-08-28T00:44:29","guid":{"rendered":"https:\/\/roveyayinevi.com.tr\/index.php\/urun\/cok-acayip-evliya-celebi-seyahatnameden-secmeler\/"},"modified":"2026-04-16T03:01:41","modified_gmt":"2026-04-16T00:01:41","slug":"cok-acayip-evliya-celebi-seyahatnameden-secmeler","status":"publish","type":"product","link":"https:\/\/roveyayinevi.com.tr\/index.php\/urun\/cok-acayip-evliya-celebi-seyahatnameden-secmeler\/","title":{"rendered":"\u00c7ok Acayip \u2013 Evliya \u00c7elebi Seyahatname\u2019den Se\u00e7meler"},"content":{"rendered":"<p>\u00c7ok Acayip \u00c7ook! Evliya \u00c7elebi, d\u00fcnyan\u0131n pek \u00e7ok \u00fclkesini gezmi\u015f, dola\u015fm\u0131\u015f \u00fcnl\u00fc bir seyyah\u0131m\u0131z\u2026Ama sadece gezip dola\u015fmakla kalmam\u0131\u015f; gezip g\u00f6rd\u00fcklerini, ya\u015fad\u0131klar\u0131n\u0131 ve duyduklar\u0131n\u0131 Seyahatn\u00e2me adl\u0131 10 ciltlik bir kitapta bize anlatm\u0131\u015f bir yazar\u0131m\u0131z\u2026 Seyahatn\u00e2me\u2019de, gezdi\u011fi yerlerle ilgili ayr\u0131nt\u0131l\u0131 ve \u00f6nemli bilgiler vermenin yan\u0131 s\u0131ra, \u201c\u00c7ok acayip!\u201d diyerek \u015fa\u015fk\u0131nl\u0131\u011f\u0131n\u0131 belirtti\u011fi pek \u00e7ok olay\u0131, insanlar\u0131, a\u011fa\u00e7lar\u0131, hayvanlar\u0131, da\u011flar\u0131, nehirleri de\u2026 Biraz abartarak, ama e\u011flenceli bir dille anlat\u0131r. Bu kitapta, Evliya \u00c7elebi\u2019nin, \u201c\u00c7ok acayip!\u201d diyerek anlatt\u0131\u011f\u0131 olaylardan ve g\u00f6zlemlerinden bir derleme yapt\u0131k. Evliya \u00c7elebi\u2019nin tatl\u0131 anlat\u0131m\u0131ndan okuyaca\u011f\u0131n\u0131z bu \u015fa\u015f\u0131rt\u0131c\u0131 hik\u00e2yeler sizlerin de ilgisini \u00e7ekecektir\u2026 \u0130yi okumalar. <\/p>\n","protected":false},"excerpt":{"rendered":"<p>\u00c7ok Acayip \u00c7ook! Evliya \u00c7elebi, d\u00fcnyan\u0131n pek \u00e7ok \u00fclkesini gezmi\u015f, dola\u015fm\u0131\u015f \u00fcnl\u00fc bir seyyah\u0131m\u0131z\u2026Ama sadece gezip dola\u015fmakla kalmam\u0131\u015f; gezip g\u00f6rd\u00fcklerini, ya\u015fad\u0131klar\u0131n\u0131 ve duyduklar\u0131n\u0131 Seyahatn\u00e2me adl\u0131 10<span class=\"excerpt-hellip\"> [\u2026]<\/span><\/p>\n","protected":false},"featured_media":0,"template":"","meta":{"_monsterinsights_skip_tracking":false,"_monsterinsights_sitenote_active":false,"_monsterinsights_sitenote_note":"","_monsterinsights_sitenote_category":0},"product_brand":[],"product_cat":[12291,18202],"product_tag":[],"class_list":{"0":"post-748988","1":"product","2":"type-product","3":"status-publish","5":"product_cat-edebiyat","6":"product_cat-hikaye","7":"pa_cilt-ciltsiz","8":"pa_tur-kitap","9":"pa_yayinevi-fom-kitap","10":"pa_yazar-suleyman-bulut","12":"first","13":"instock","14":"sale","15":"shipping-taxable","16":"purchasable","17":"product-type-simple"},"_links":{"self":[{"href":"https:\/\/roveyayinevi.com.tr\/index.php\/wp-json\/wp\/v2\/product\/748988","targetHints":{"allow":["GET"]}}],"collection":[{"href":"https:\/\/roveyayinevi.com.tr\/index.php\/wp-json\/wp\/v2\/product"}],"about":[{"href":"https:\/\/roveyayinevi.com.tr\/index.php\/wp-json\/wp\/v2\/types\/product"}],"wp:attachment":[{"href":"https:\/\/roveyayinevi.com.tr\/index.php\/wp-json\/wp\/v2\/media?parent=748988"}],"wp:term":[{"taxonomy":"product_brand","embeddable":true,"href":"https:\/\/roveyayinevi.com.tr\/index.php\/wp-json\/wp\/v2\/product_brand?post=748988"},{"taxonomy":"product_cat","embeddable":true,"href":"https:\/\/roveyayinevi.com.tr\/index.php\/wp-json\/wp\/v2\/product_cat?post=748988"},{"taxonomy":"product_tag","embeddable":true,"href":"https:\/\/roveyayinevi.com.tr\/index.php\/wp-json\/wp\/v2\/product_tag?post=748988"}],"curies":[{"name":"wp","href":"https:\/\/api.w.org\/{rel}","templated":true}]}}