{"id":748987,"date":"2025-08-28T03:44:27","date_gmt":"2025-08-28T00:44:27","guid":{"rendered":"https:\/\/roveyayinevi.com.tr\/index.php\/urun\/0303-dolunayda-acan-cicek-2\/"},"modified":"2026-04-16T03:01:41","modified_gmt":"2026-04-16T00:01:41","slug":"0303-dolunayda-acan-cicek-2","status":"publish","type":"product","link":"https:\/\/roveyayinevi.com.tr\/index.php\/urun\/0303-dolunayda-acan-cicek-2\/","title":{"rendered":"03:03 Dolunayda A\u00e7an \u00c7i\u00e7ek"},"content":{"rendered":"<p>\u201c\u0130tiraf edilen her g\u00fcnah, bir kereli\u011fine ba\u011f\u0131\u015flanmay\u0131 hak eder.\u201d   \u00c7i\u00e7ek, bu d\u00fcnyada grili\u011fi temsil etti\u011fine inan\u0131yordu. Hi\u00e7likten ibaret oldu\u011funu&#8230; Orada oldu\u011funu bilmesine ra\u011fmen g\u00f6rmemek i\u00e7in insanlar\u0131n ba\u015f\u0131n\u0131 \u00e7evirdi\u011fi ki\u015fiydi. Bu y\u00fczden insanlardan, \u00f6zellikle varl\u0131kl\u0131 olanlardan nefret etti. Kendisi gibi yoksul ve kimsesiz olanlarla da bar\u0131\u015famad\u0131.   Bir hayali veya bu d\u00fcnyadan istedi\u011fi bir \u015fey yoktu. En sevdi\u011fi renk, en sevdi\u011fi yemek bile yoktu. Ama hayat\u0131n onun i\u00e7in bir plan\u0131 daha vard\u0131.   Bir anla\u015fma yapt\u0131\u011f\u0131 m\u00fccevher tasar\u0131mc\u0131s\u0131 Ayza, hayat\u0131 \u00c7i\u00e7ek\u2019e sevdirebilece\u011fine inan\u0131yordu ancak zamanla \u00c7i\u00e7ek ile hayattan nefret etmeyi \u00f6\u011frenmeye ba\u015flayacakt\u0131.   \u0130kisi de bu anla\u015fmada kendi oyununu oynuyor ama kimse kimin kazanaca\u011f\u0131n\u0131 bilmiyor&#8230; <\/p>\n","protected":false},"excerpt":{"rendered":"<p>\u201c\u0130tiraf edilen her g\u00fcnah, bir kereli\u011fine ba\u011f\u0131\u015flanmay\u0131 hak eder.\u201d \u00c7i\u00e7ek, bu d\u00fcnyada grili\u011fi temsil etti\u011fine inan\u0131yordu. Hi\u00e7likten ibaret oldu\u011funu&#8230; Orada oldu\u011funu bilmesine ra\u011fmen g\u00f6rmemek i\u00e7in insanlar\u0131n<span class=\"excerpt-hellip\"> [\u2026]<\/span><\/p>\n","protected":false},"featured_media":0,"template":"","meta":{"_monsterinsights_skip_tracking":false,"_monsterinsights_sitenote_active":false,"_monsterinsights_sitenote_note":"","_monsterinsights_sitenote_category":0},"product_brand":[],"product_cat":[12291,12711],"product_tag":[],"class_list":{"0":"post-748987","1":"product","2":"type-product","3":"status-publish","5":"product_cat-edebiyat","6":"product_cat-roman-oyku","7":"pa_cilt-ciltsiz","8":"pa_tur-kitap","9":"pa_yayinevi-marti-yayinlari","10":"pa_yazar-n-g-kabal","12":"first","13":"instock","14":"sale","15":"shipping-taxable","16":"purchasable","17":"product-type-simple"},"_links":{"self":[{"href":"https:\/\/roveyayinevi.com.tr\/index.php\/wp-json\/wp\/v2\/product\/748987","targetHints":{"allow":["GET"]}}],"collection":[{"href":"https:\/\/roveyayinevi.com.tr\/index.php\/wp-json\/wp\/v2\/product"}],"about":[{"href":"https:\/\/roveyayinevi.com.tr\/index.php\/wp-json\/wp\/v2\/types\/product"}],"wp:attachment":[{"href":"https:\/\/roveyayinevi.com.tr\/index.php\/wp-json\/wp\/v2\/media?parent=748987"}],"wp:term":[{"taxonomy":"product_brand","embeddable":true,"href":"https:\/\/roveyayinevi.com.tr\/index.php\/wp-json\/wp\/v2\/product_brand?post=748987"},{"taxonomy":"product_cat","embeddable":true,"href":"https:\/\/roveyayinevi.com.tr\/index.php\/wp-json\/wp\/v2\/product_cat?post=748987"},{"taxonomy":"product_tag","embeddable":true,"href":"https:\/\/roveyayinevi.com.tr\/index.php\/wp-json\/wp\/v2\/product_tag?post=748987"}],"curies":[{"name":"wp","href":"https:\/\/api.w.org\/{rel}","templated":true}]}}