{"id":748986,"date":"2025-08-28T03:44:25","date_gmt":"2025-08-28T00:44:25","guid":{"rendered":"https:\/\/roveyayinevi.com.tr\/index.php\/urun\/02-02-aycicegi-karnavali\/"},"modified":"2026-04-16T03:01:41","modified_gmt":"2026-04-16T00:01:41","slug":"02-02-aycicegi-karnavali","status":"publish","type":"product","link":"https:\/\/roveyayinevi.com.tr\/index.php\/urun\/02-02-aycicegi-karnavali\/","title":{"rendered":"02 : 02 Ay\u00e7i\u00e7e\u011fi Karnaval\u0131"},"content":{"rendered":"<p>\u201cG\u00fcvenli kozamdan \u00e7\u0131km\u0131\u015ft\u0131m, kanatlar\u0131m arkamda b\u00fcy\u00fcyordu ve u\u00e7maya haz\u0131r oldu\u011fumu biliyordum.\u201d   D\u0131\u015f g\u00f6r\u00fcn\u00fc\u015fleri birebir benzese de hayatlar\u0131 ve hayalleri bir o kadar farkl\u0131yd\u0131. Dolunay y\u0131llar sonra ayr\u0131 d\u00fc\u011ft\u00fc\u011f\u00fc ikiz karde\u015fini bulmu\u015f ve k\u00fc\u00e7\u00fck bir aksilikle kendini onun hi\u00e7 bilmedi\u011fi hayat\u0131n\u0131n ortas\u0131na savurmu\u015ftu.   L\u00fcks ve konfor i\u00e7inde b\u00fcy\u00fcyen Dolunay\u2019\u0131n tek istedi\u011fi karde\u015fi hakk\u0131nda bilgi sahibi olmakt\u0131. Ancak ah\u015fap bir evde kimsesiz \u00e7ocuklarla birlikte ya\u015fad\u0131\u011f\u0131n\u0131 \u00f6\u011frendi\u011fi \u00c7i\u00e7ek\u2019in hayat\u0131 tahmin etti\u011finden daha zordu ve saklad\u0131klar\u0131 bununla s\u0131n\u0131rl\u0131 de\u011fildi.   Dolunay karde\u015finin s\u0131rlar\u0131n\u0131 ke\u015ffederken oynad\u0131\u011f\u0131 oyun tan\u0131k oldu\u011fu fedakarl\u0131k, dostluk ve kalbini ilk kez bu kadar h\u0131zl\u0131 att\u0131ran duygularla onun i\u00e7in bir karnavala d\u00f6n\u00fc\u015f\u00fcr.   Ka\u00e7t\u0131\u011f\u0131 hayat\u0131na d\u00f6n\u00fcp bu oyuna bir son mu verecekti yoksa ay\u00e7i\u00e7e\u011fi gibi y\u00fcz\u00fcn\u00fc g\u00fcne\u015fe d\u00f6nebilecek miydi? <\/p>\n","protected":false},"excerpt":{"rendered":"<p>\u201cG\u00fcvenli kozamdan \u00e7\u0131km\u0131\u015ft\u0131m, kanatlar\u0131m arkamda b\u00fcy\u00fcyordu ve u\u00e7maya haz\u0131r oldu\u011fumu biliyordum.\u201d D\u0131\u015f g\u00f6r\u00fcn\u00fc\u015fleri birebir benzese de hayatlar\u0131 ve hayalleri bir o kadar farkl\u0131yd\u0131. Dolunay y\u0131llar sonra<span class=\"excerpt-hellip\"> [\u2026]<\/span><\/p>\n","protected":false},"featured_media":0,"template":"","meta":{"_monsterinsights_skip_tracking":false,"_monsterinsights_sitenote_active":false,"_monsterinsights_sitenote_note":"","_monsterinsights_sitenote_category":0},"product_brand":[],"product_cat":[12291,12711],"product_tag":[],"class_list":{"0":"post-748986","1":"product","2":"type-product","3":"status-publish","5":"product_cat-edebiyat","6":"product_cat-roman-oyku","7":"pa_cilt-ciltsiz","8":"pa_tur-kitap","9":"pa_yayinevi-marti-yayinlari","10":"pa_yazar-n-g-kabal","12":"first","13":"instock","14":"sale","15":"shipping-taxable","16":"purchasable","17":"product-type-simple"},"_links":{"self":[{"href":"https:\/\/roveyayinevi.com.tr\/index.php\/wp-json\/wp\/v2\/product\/748986","targetHints":{"allow":["GET"]}}],"collection":[{"href":"https:\/\/roveyayinevi.com.tr\/index.php\/wp-json\/wp\/v2\/product"}],"about":[{"href":"https:\/\/roveyayinevi.com.tr\/index.php\/wp-json\/wp\/v2\/types\/product"}],"wp:attachment":[{"href":"https:\/\/roveyayinevi.com.tr\/index.php\/wp-json\/wp\/v2\/media?parent=748986"}],"wp:term":[{"taxonomy":"product_brand","embeddable":true,"href":"https:\/\/roveyayinevi.com.tr\/index.php\/wp-json\/wp\/v2\/product_brand?post=748986"},{"taxonomy":"product_cat","embeddable":true,"href":"https:\/\/roveyayinevi.com.tr\/index.php\/wp-json\/wp\/v2\/product_cat?post=748986"},{"taxonomy":"product_tag","embeddable":true,"href":"https:\/\/roveyayinevi.com.tr\/index.php\/wp-json\/wp\/v2\/product_tag?post=748986"}],"curies":[{"name":"wp","href":"https:\/\/api.w.org\/{rel}","templated":true}]}}