{"id":748984,"date":"2025-08-28T03:44:22","date_gmt":"2025-08-28T00:44:22","guid":{"rendered":"https:\/\/roveyayinevi.com.tr\/index.php\/urun\/0000-biri-sizi-dusunuyor-2\/"},"modified":"2026-04-16T03:01:41","modified_gmt":"2026-04-16T00:01:41","slug":"0000-biri-sizi-dusunuyor-2","status":"publish","type":"product","link":"https:\/\/roveyayinevi.com.tr\/index.php\/urun\/0000-biri-sizi-dusunuyor-2\/","title":{"rendered":"00:00 Biri Sizi D\u00fc\u015f\u00fcn\u00fcyor"},"content":{"rendered":"<p>\u201cY\u00fcksekten d\u00fc\u015fmek, ayaklar\u0131n yerden kesilmesi. Ya da a\u015f\u0131k olmak. Veya birine g\u00fcvenmek. Bana kal\u0131rsa hepsi ayn\u0131 \u015feydi.\u201d   \u0130ngiliz Dili ve Edebiyat\u0131 b\u00f6l\u00fcm\u00fcnde okuyan Nazl\u0131 ile Ezel, Jane Austen \u00fczerine ortak bir \u00f6dev haz\u0131rlamak zorunda kal\u0131rlar. Hayat\u0131n\u0131n her an\u0131n\u0131 planlayarak ya\u015fayan Nazl\u0131 i\u00e7in bu d\u00fczeltilmesi gereken bir problemdir ama zamanla ya\u015fam\u0131n\u0131 sorgulama ve kendini bulma yolculu\u011funa d\u00f6n\u00fc\u015f\u00fcr.   Hat\u0131rlayamad\u0131\u011f\u0131 ge\u00e7mi\u015finden kalan d\u00fc\u015f\u00fcncelerine g\u00f6m\u00fcl\u00fcrken ne en yak\u0131n arkada\u015f\u0131 Ecem, ne edebiyat ve sanatla ba\u015f\u0131n\u0131 d\u00f6nd\u00fcren Ezel ne de ailesi bu yolda ona yard\u0131mc\u0131 olamaz. Bu sadece onun \u00e7\u00f6zebilece\u011fi bir k\u00f6rd\u00fc\u011f\u00fcm halini al\u0131r.   Nazl\u0131 bir atl\u0131kar\u0131ncadaym\u0131\u015f gibi ba\u015f\u0131n\u0131 d\u00f6nd\u00fcren bu ser\u00fcvende hem kendini hem de a\u015fk\u0131n en derin halini bulmak \u00fczeredir. <\/p>\n","protected":false},"excerpt":{"rendered":"<p>\u201cY\u00fcksekten d\u00fc\u015fmek, ayaklar\u0131n yerden kesilmesi. Ya da a\u015f\u0131k olmak. Veya birine g\u00fcvenmek. Bana kal\u0131rsa hepsi ayn\u0131 \u015feydi.\u201d \u0130ngiliz Dili ve Edebiyat\u0131 b\u00f6l\u00fcm\u00fcnde okuyan Nazl\u0131 ile Ezel,<span class=\"excerpt-hellip\"> [\u2026]<\/span><\/p>\n","protected":false},"featured_media":0,"template":"","meta":{"_monsterinsights_skip_tracking":false,"_monsterinsights_sitenote_active":false,"_monsterinsights_sitenote_note":"","_monsterinsights_sitenote_category":0},"product_brand":[],"product_cat":[12291,12711],"product_tag":[],"class_list":{"0":"post-748984","1":"product","2":"type-product","3":"status-publish","5":"product_cat-edebiyat","6":"product_cat-roman-oyku","7":"pa_cilt-ciltsiz","8":"pa_tur-kitap","9":"pa_yayinevi-marti-yayinlari","10":"pa_yazar-n-g-kabal","12":"first","13":"instock","14":"sale","15":"shipping-taxable","16":"purchasable","17":"product-type-simple"},"_links":{"self":[{"href":"https:\/\/roveyayinevi.com.tr\/index.php\/wp-json\/wp\/v2\/product\/748984","targetHints":{"allow":["GET"]}}],"collection":[{"href":"https:\/\/roveyayinevi.com.tr\/index.php\/wp-json\/wp\/v2\/product"}],"about":[{"href":"https:\/\/roveyayinevi.com.tr\/index.php\/wp-json\/wp\/v2\/types\/product"}],"wp:attachment":[{"href":"https:\/\/roveyayinevi.com.tr\/index.php\/wp-json\/wp\/v2\/media?parent=748984"}],"wp:term":[{"taxonomy":"product_brand","embeddable":true,"href":"https:\/\/roveyayinevi.com.tr\/index.php\/wp-json\/wp\/v2\/product_brand?post=748984"},{"taxonomy":"product_cat","embeddable":true,"href":"https:\/\/roveyayinevi.com.tr\/index.php\/wp-json\/wp\/v2\/product_cat?post=748984"},{"taxonomy":"product_tag","embeddable":true,"href":"https:\/\/roveyayinevi.com.tr\/index.php\/wp-json\/wp\/v2\/product_tag?post=748984"}],"curies":[{"name":"wp","href":"https:\/\/api.w.org\/{rel}","templated":true}]}}