{"id":748982,"date":"2025-08-28T03:44:20","date_gmt":"2025-08-28T00:44:20","guid":{"rendered":"https:\/\/roveyayinevi.com.tr\/index.php\/urun\/gecmisten-gunumuze-bilim-felsefesi\/"},"modified":"2026-04-16T03:01:41","modified_gmt":"2026-04-16T00:01:41","slug":"gecmisten-gunumuze-bilim-felsefesi","status":"publish","type":"product","link":"https:\/\/roveyayinevi.com.tr\/index.php\/urun\/gecmisten-gunumuze-bilim-felsefesi\/","title":{"rendered":"Ge\u00e7mi\u015ften G\u00fcn\u00fcm\u00fcze Bilim Felsefesi"},"content":{"rendered":"<p>Postmodernizmin bilime dair ele\u015ftirel d\u00fc\u015f\u00fcnceyi nas\u0131l sorusuna indirgemi\u015f olmas\u0131, hi\u00e7 \u015f\u00fcphesiz en az bilimin cevaplara indirgenmesi kadar zararl\u0131d\u0131r. Dolay\u0131s\u0131yla bilimi felsef\u00ee olarak irdelemek isteyen \u00e7a\u011fda\u015f d\u00fc\u015f\u00fcncenin iki temel g\u00f6revi vard\u0131r: Geleneksel meseleleri yeniden g\u00fcndeme getirmek ve bilimin cevaplar de\u011fil sorular \u00fcretti\u011fini su y\u00fcz\u00fcne \u00e7\u0131karmak. Ge\u00e7mi\u015ften G\u00fcn\u00fcm\u00fcze Bilim Felsefesi\u2019ni yukar\u0131da s\u00f6z\u00fc edilen kayg\u0131larla tasarlad\u0131k. T\u00fcrkiye\u2019den ve d\u00fcnyadan bir\u00e7ok d\u00fc\u015f\u00fcn\u00fcr\u00fcn katk\u0131 sundu\u011fu kitab\u0131m\u0131zda; do\u011fa bilimlerinden mant\u0131\u011fa, psikiyatriden fenomenolojiye varana de\u011fin bilim felsefesine dair 12 yaz\u0131 yer al\u0131yor. Umar\u0131z ki ele\u015ftirel d\u00fc\u015f\u00fcnce i\u00e7in faydal\u0131 bir katk\u0131 olur. <\/p>\n","protected":false},"excerpt":{"rendered":"<p>Postmodernizmin bilime dair ele\u015ftirel d\u00fc\u015f\u00fcnceyi nas\u0131l sorusuna indirgemi\u015f olmas\u0131, hi\u00e7 \u015f\u00fcphesiz en az bilimin cevaplara indirgenmesi kadar zararl\u0131d\u0131r. Dolay\u0131s\u0131yla bilimi felsef\u00ee olarak irdelemek isteyen \u00e7a\u011fda\u015f d\u00fc\u015f\u00fcncenin<span class=\"excerpt-hellip\"> [\u2026]<\/span><\/p>\n","protected":false},"featured_media":0,"template":"","meta":{"_monsterinsights_skip_tracking":false,"_monsterinsights_sitenote_active":false,"_monsterinsights_sitenote_note":"","_monsterinsights_sitenote_category":0},"product_brand":[],"product_cat":[16038,12388],"product_tag":[],"class_list":{"0":"post-748982","1":"product","2":"type-product","3":"status-publish","5":"product_cat-arastirma-inceleme-referans-felsefe","6":"product_cat-felsefe","7":"pa_cilt-ciltsiz","8":"pa_tur-kitap","9":"pa_yayinevi-pinhan-yayincilik","10":"pa_yazar-kolektif","12":"first","13":"instock","14":"sale","15":"shipping-taxable","16":"purchasable","17":"product-type-simple"},"_links":{"self":[{"href":"https:\/\/roveyayinevi.com.tr\/index.php\/wp-json\/wp\/v2\/product\/748982","targetHints":{"allow":["GET"]}}],"collection":[{"href":"https:\/\/roveyayinevi.com.tr\/index.php\/wp-json\/wp\/v2\/product"}],"about":[{"href":"https:\/\/roveyayinevi.com.tr\/index.php\/wp-json\/wp\/v2\/types\/product"}],"wp:attachment":[{"href":"https:\/\/roveyayinevi.com.tr\/index.php\/wp-json\/wp\/v2\/media?parent=748982"}],"wp:term":[{"taxonomy":"product_brand","embeddable":true,"href":"https:\/\/roveyayinevi.com.tr\/index.php\/wp-json\/wp\/v2\/product_brand?post=748982"},{"taxonomy":"product_cat","embeddable":true,"href":"https:\/\/roveyayinevi.com.tr\/index.php\/wp-json\/wp\/v2\/product_cat?post=748982"},{"taxonomy":"product_tag","embeddable":true,"href":"https:\/\/roveyayinevi.com.tr\/index.php\/wp-json\/wp\/v2\/product_tag?post=748982"}],"curies":[{"name":"wp","href":"https:\/\/api.w.org\/{rel}","templated":true}]}}