{"id":748981,"date":"2025-08-28T03:44:19","date_gmt":"2025-08-28T00:44:19","guid":{"rendered":"https:\/\/roveyayinevi.com.tr\/index.php\/urun\/cadilar-ebeler-ve-hemsireler\/"},"modified":"2026-04-16T03:01:41","modified_gmt":"2026-04-16T00:01:41","slug":"cadilar-ebeler-ve-hemsireler","status":"publish","type":"product","link":"https:\/\/roveyayinevi.com.tr\/index.php\/urun\/cadilar-ebeler-ve-hemsireler\/","title":{"rendered":"Cad\u0131lar, Ebeler ve Hem\u015fireler"},"content":{"rendered":"<p>Cad\u0131lar, Ebeler ve Hem\u015fireler, Amerika Birle\u015fik Devletleri&#8217;ndeki ikinci dalga feminizm hareketi i\u00e7inden \u00e7\u0131kan bir belgedir.1970&#8217;lerin ba\u015f\u0131nda feministler, sa\u011fl\u0131k sisteminin kad\u0131nlar\u0131 \u00e7e\u015fitli \u015fekillerde suistimal etti\u011fini veya onlara adaletsizce davrand\u0131\u011f\u0131n\u0131 fark etmeye ba\u015flad\u0131lar. Sa\u011fl\u0131k alan\u0131nda \u00e7al\u0131\u015fan kad\u0131nlar\u0131n rolleri, b\u00fcy\u00fck oranda hem\u015firelik ve yard\u0131mc\u0131 hem\u015firelik gibi alt rollerle s\u0131n\u0131rland\u0131r\u0131l\u0131yordu. Kad\u0131nlar\u0131n her zaman, her \u015fart alt\u0131nda kendi bedenleri ve sa\u011fl\u0131klar\u0131yla ilgili bu derece g\u00fc\u00e7s\u00fczle\u015ftirilmi\u015f olamayaca\u011f\u0131ndan \u015f\u00fcphelenmeye ba\u015flad\u0131k. Kad\u0131nlar\u0131n bilgisizli\u011fi ve g\u00fc\u00e7s\u00fczle\u015ftirilmesi meselesinin eskiden beri s\u00fcregelen bir durum olmad\u0131\u011f\u0131n\u0131, aksine bilimsel t\u0131bb\u0131n ortaya \u00e7\u0131kmas\u0131ndan hemen \u00f6nce, 19. y\u00fczy\u0131l ba\u015flar\u0131nda Amerika&#8217;da cereyan eden uzatmal\u0131 bir iktidar m\u00fccadelesinin sonucu oldu\u011funu \u00f6\u011frendik. Avrupa&#8217;da erken modern d\u00f6neme kadar giden benzer bir iktidar m\u00fccadelesinin belirtilerine rastlad\u0131k ve bu d\u00f6nemin alayl\u0131 kad\u0131n \u015fifac\u0131lar\u0131n\u0131n nas\u0131l s\u0131kl\u0131kla &#8220;cad\u0131lar&#8221; olarak hedef g\u00f6sterildi\u011fini anlad\u0131k. Tarihsel olarak kad\u0131nlar\u0131n \u015fifac\u0131l\u0131k rollerinden d\u0131\u015flanmas\u0131n\u0131 me\u015frula\u015ft\u0131racak hi\u00e7bir tutarl\u0131 gerek\u00e7e yoktur. Cad\u0131lar, pragmatik, empirist ve edepsiz olduklar\u0131 gerek\u00e7esiyle sald\u0131r\u0131ya u\u011frad\u0131. Ama 19. y\u00fczy\u0131lda retorik tersine d\u00f6nd\u00fc: Kad\u0131nlar son derece bilim d\u0131\u015f\u0131, hassas ve duygusal oluverdiler. Stereotipler, erkeklerin i\u015fine gelecek \u015fekilde de\u011fi\u015fir, biz de\u011fil. Bizim &#8220;do\u011fu\u015ftan gelen kad\u0131ns\u0131 do\u011fam\u0131z&#8221; da bug\u00fcnk\u00fc itaatk\u00e2rl\u0131\u011f\u0131m\u0131z\u0131 hakl\u0131 \u00e7\u0131karacak hi\u00e7bir \u015fey bulunmuyor.<\/p>\n","protected":false},"excerpt":{"rendered":"<p>Cad\u0131lar, Ebeler ve Hem\u015fireler, Amerika Birle\u015fik Devletleri&#8217;ndeki ikinci dalga feminizm hareketi i\u00e7inden \u00e7\u0131kan bir belgedir.1970&#8217;lerin ba\u015f\u0131nda feministler, sa\u011fl\u0131k sisteminin kad\u0131nlar\u0131 \u00e7e\u015fitli \u015fekillerde suistimal etti\u011fini veya onlara<span class=\"excerpt-hellip\"> [\u2026]<\/span><\/p>\n","protected":false},"featured_media":0,"template":"","meta":{"_monsterinsights_skip_tracking":false,"_monsterinsights_sitenote_active":false,"_monsterinsights_sitenote_note":"","_monsterinsights_sitenote_category":0},"product_brand":[],"product_cat":[12304],"product_tag":[],"class_list":{"0":"post-748981","1":"product","2":"type-product","3":"status-publish","5":"product_cat-tarih","6":"pa_cilt-ciltsiz","7":"pa_tur-kitap","8":"pa_yayinevi-pinhan-yayincilik","9":"pa_yazar-barbara-ehrenreich-deirdre-english","11":"first","12":"instock","13":"sale","14":"shipping-taxable","15":"purchasable","16":"product-type-simple"},"_links":{"self":[{"href":"https:\/\/roveyayinevi.com.tr\/index.php\/wp-json\/wp\/v2\/product\/748981","targetHints":{"allow":["GET"]}}],"collection":[{"href":"https:\/\/roveyayinevi.com.tr\/index.php\/wp-json\/wp\/v2\/product"}],"about":[{"href":"https:\/\/roveyayinevi.com.tr\/index.php\/wp-json\/wp\/v2\/types\/product"}],"wp:attachment":[{"href":"https:\/\/roveyayinevi.com.tr\/index.php\/wp-json\/wp\/v2\/media?parent=748981"}],"wp:term":[{"taxonomy":"product_brand","embeddable":true,"href":"https:\/\/roveyayinevi.com.tr\/index.php\/wp-json\/wp\/v2\/product_brand?post=748981"},{"taxonomy":"product_cat","embeddable":true,"href":"https:\/\/roveyayinevi.com.tr\/index.php\/wp-json\/wp\/v2\/product_cat?post=748981"},{"taxonomy":"product_tag","embeddable":true,"href":"https:\/\/roveyayinevi.com.tr\/index.php\/wp-json\/wp\/v2\/product_tag?post=748981"}],"curies":[{"name":"wp","href":"https:\/\/api.w.org\/{rel}","templated":true}]}}