{"id":748980,"date":"2025-08-28T03:44:18","date_gmt":"2025-08-28T00:44:18","guid":{"rendered":"https:\/\/roveyayinevi.com.tr\/index.php\/urun\/misir-tarihi\/"},"modified":"2026-04-16T03:01:41","modified_gmt":"2026-04-16T00:01:41","slug":"misir-tarihi","status":"publish","type":"product","link":"https:\/\/roveyayinevi.com.tr\/index.php\/urun\/misir-tarihi\/","title":{"rendered":"M\u0131s\u0131r Tarihi"},"content":{"rendered":"<p>Manethon\u2019un M\u0131s\u0131r Tarihi eseri, M\u0131s\u0131r k\u00fclt\u00fcr\u00fcn\u00fc ve tarihini ana dili Eski Yunanca olan insanlara anlatan ilk kitap olmas\u0131 nedeniyle b\u00fcy\u00fck \u00f6neme sahiptir. G\u00fcn\u00fcm\u00fcze tam olarak ula\u015fmam\u0131\u015f olan bu eser, Josephus, Julius Africanus, Eusebios, Georgios Synkellos gibi isimlerin Manethon\u2019dan yapt\u0131\u011f\u0131 al\u0131nt\u0131lar sayesinde tamamlanabilmi\u015ftir. S\u00f6z konusu bu al\u0131nt\u0131lar sayesinde, \u00f6zellikle de Josephus\u2019un al\u0131nt\u0131lar\u0131 ve yorumlar\u0131 sayesinde, Manethon\u2019un verdi\u011fi bilgilerin do\u011frulanma ve yanl\u0131\u015flanma imk\u00e2n\u0131 do\u011fmu\u015ftur. Bu nedenle kitap yaln\u0131zca M\u0131s\u0131r hakk\u0131nda bilgi almak isteyenler i\u00e7in de\u011fil ayn\u0131 zamanda s\u00f6z konusu b\u00f6lgede ya\u015fam\u0131\u015f olan di\u011fer k\u00fclt\u00fcrler hakk\u0131nda \u00e7al\u0131\u015fmalar yapan ara\u015ft\u0131rmac\u0131lar i\u00e7in de kaynak kitap olmu\u015ftur. Hem teolojik hem de tarihsel bir bak\u0131\u015f a\u00e7\u0131s\u0131yla okunabilecek M\u0131s\u0131r Tarihi, tanr\u0131-krallar\u0131n h\u00fck\u00fcm s\u00fcrd\u00fc\u011f\u00fc d\u00f6nemden ba\u015flayarak II. Pers \u0130ktidar\u0131 D\u00f6nemi\u2019ne kadar h\u00fck\u00fcm s\u00fcrm\u00fc\u015f olan krallar ve onlar\u0131n i\u015fleri hakk\u0131nda bilgi vermektedir. Bu kitap ayr\u0131ca Manethon&#8217;a ait oldu\u011fu d\u00fc\u015f\u00fcn\u00fclen Kutsal Kitap, Do\u011fa \u00c7al\u0131\u015fmalar\u0131n\u0131n Bir \u00d6zeti, Festivaller \u00dczerine, Antik Rit\u00fceller ve Din \u00dczerine, Kyphi Yap\u0131m\u0131 \u00dczerine ve Sothis Kitab\u0131 eserlerinden g\u00fcn\u00fcm\u00fcze kalan b\u00f6l\u00fcmlerin \u00e7evirisini de i\u00e7ermektedir.<\/p>\n","protected":false},"excerpt":{"rendered":"<p>Manethon\u2019un M\u0131s\u0131r Tarihi eseri, M\u0131s\u0131r k\u00fclt\u00fcr\u00fcn\u00fc ve tarihini ana dili Eski Yunanca olan insanlara anlatan ilk kitap olmas\u0131 nedeniyle b\u00fcy\u00fck \u00f6neme sahiptir. G\u00fcn\u00fcm\u00fcze tam olarak ula\u015fmam\u0131\u015f<span class=\"excerpt-hellip\"> [\u2026]<\/span><\/p>\n","protected":false},"featured_media":0,"template":"","meta":{"_monsterinsights_skip_tracking":false,"_monsterinsights_sitenote_active":false,"_monsterinsights_sitenote_note":"","_monsterinsights_sitenote_category":0},"product_brand":[],"product_cat":[12312,12304],"product_tag":[],"class_list":{"0":"post-748980","1":"product","2":"type-product","3":"status-publish","5":"product_cat-diger","6":"product_cat-tarih","7":"pa_cilt-ciltsiz","8":"pa_tur-kitap","9":"pa_yayinevi-pinhan-yayincilik","10":"pa_yazar-manethon","12":"first","13":"instock","14":"sale","15":"shipping-taxable","16":"purchasable","17":"product-type-simple"},"_links":{"self":[{"href":"https:\/\/roveyayinevi.com.tr\/index.php\/wp-json\/wp\/v2\/product\/748980","targetHints":{"allow":["GET"]}}],"collection":[{"href":"https:\/\/roveyayinevi.com.tr\/index.php\/wp-json\/wp\/v2\/product"}],"about":[{"href":"https:\/\/roveyayinevi.com.tr\/index.php\/wp-json\/wp\/v2\/types\/product"}],"wp:attachment":[{"href":"https:\/\/roveyayinevi.com.tr\/index.php\/wp-json\/wp\/v2\/media?parent=748980"}],"wp:term":[{"taxonomy":"product_brand","embeddable":true,"href":"https:\/\/roveyayinevi.com.tr\/index.php\/wp-json\/wp\/v2\/product_brand?post=748980"},{"taxonomy":"product_cat","embeddable":true,"href":"https:\/\/roveyayinevi.com.tr\/index.php\/wp-json\/wp\/v2\/product_cat?post=748980"},{"taxonomy":"product_tag","embeddable":true,"href":"https:\/\/roveyayinevi.com.tr\/index.php\/wp-json\/wp\/v2\/product_tag?post=748980"}],"curies":[{"name":"wp","href":"https:\/\/api.w.org\/{rel}","templated":true}]}}