{"id":748977,"date":"2025-08-28T03:44:14","date_gmt":"2025-08-28T00:44:14","guid":{"rendered":"https:\/\/roveyayinevi.com.tr\/index.php\/urun\/cocugunuzun-beyni-ve-baglanma\/"},"modified":"2026-04-16T03:01:41","modified_gmt":"2026-04-16T00:01:41","slug":"cocugunuzun-beyni-ve-baglanma","status":"publish","type":"product","link":"https:\/\/roveyayinevi.com.tr\/index.php\/urun\/cocugunuzun-beyni-ve-baglanma\/","title":{"rendered":"\u00c7ocu\u011funuzun Beyni ve Ba\u011flanma"},"content":{"rendered":"<p>\u00c7ocuk psikiyatristi Daniel J. Siegel ve \u00e7ocuk geli\u015fim uzman\u0131 Mary Hartzell, mutlu ve psikolojik a\u00e7\u0131dan g\u00fc\u00e7l\u00fc \u00e7ocuklar yeti\u015ftirmek i\u00e7in kendi \u00e7ocukluk deneyimlerimizi anlamland\u0131rmam\u0131z gerekti\u011fini s\u00f6yl\u00fcyor. Yazarlar, n\u00f6robiyoloji ve ba\u011flanma ara\u015ft\u0131rmalar\u0131ndan elde edilen \u00e7arp\u0131c\u0131 bulgularla ki\u015filer aras\u0131 ili\u015fkilerin beyin geli\u015fimini nas\u0131l etkiledi\u011fini a\u00e7\u0131klarken, ebeveynlere hem \u00e7ocuklar\u0131n\u0131 \u015fefkatli ve esnek yeti\u015ftirmeleri hem de kendi duygular\u0131n\u0131 daha iyi anlamalar\u0131 i\u00e7in rehberlik ediyor. Bununla birlikte, kendi deneyimlerinden ve hayat\u0131n i\u00e7inden verdikleri \u00f6rneklerle kapsaml\u0131 ve doyurucu bir anlat\u0131m ortaya koyuyor.   Pek \u00e7ok ebeveynin zihnini me\u015fgul eden \u201cEbeveynimin benim \u00e7ocuklu\u011fumda yapt\u0131\u011f\u0131 hatalar\u0131, ben de \u00e7ocu\u011fumda tekrar edecek miyim?\u201d, \u201cNas\u0131l daha iyi bir ebeveyn olurum?\u201d, \u201c\u00c7ocu\u011fumla ba\u011f\u0131m\u0131 nas\u0131l g\u00fc\u00e7lendirebilirim?\u201d gibi sorular\u0131n cevaplar\u0131 da t\u00fcm ayr\u0131nt\u0131lar\u0131yla ele al\u0131n\u0131yor. \u00c7ocuklar\u0131n beyin geli\u015fimine dair b\u00fcy\u00fcleyici bilgilerle dolu bu kitap; ebeveynlerin, ebeveyn olmak isteyenlerin ve hatta zihinsel s\u00fcre\u00e7lerini ve duygular\u0131n\u0131 anlamland\u0131rmak isteyen t\u00fcm bireylerin okumas\u0131 gereken bir eser.   <\/p>\n","protected":false},"excerpt":{"rendered":"<p>\u00c7ocuk psikiyatristi Daniel J. Siegel ve \u00e7ocuk geli\u015fim uzman\u0131 Mary Hartzell, mutlu ve psikolojik a\u00e7\u0131dan g\u00fc\u00e7l\u00fc \u00e7ocuklar yeti\u015ftirmek i\u00e7in kendi \u00e7ocukluk deneyimlerimizi anlamland\u0131rmam\u0131z gerekti\u011fini s\u00f6yl\u00fcyor. Yazarlar,<span class=\"excerpt-hellip\"> [\u2026]<\/span><\/p>\n","protected":false},"featured_media":0,"template":"","meta":{"_monsterinsights_skip_tracking":false,"_monsterinsights_sitenote_active":false,"_monsterinsights_sitenote_note":"","_monsterinsights_sitenote_category":0},"product_brand":[],"product_cat":[12831,12324],"product_tag":[],"class_list":{"0":"post-748977","1":"product","2":"type-product","3":"status-publish","5":"product_cat-aile-ve-cocuk","6":"product_cat-sosyoloji","7":"pa_cilt-ciltsiz","8":"pa_tur-kitap","9":"pa_yayinevi-diyojen-yayincilik","10":"pa_yazar-daniel-j-siegel-mary-hartzell","12":"first","13":"instock","14":"sale","15":"shipping-taxable","16":"purchasable","17":"product-type-simple"},"_links":{"self":[{"href":"https:\/\/roveyayinevi.com.tr\/index.php\/wp-json\/wp\/v2\/product\/748977","targetHints":{"allow":["GET"]}}],"collection":[{"href":"https:\/\/roveyayinevi.com.tr\/index.php\/wp-json\/wp\/v2\/product"}],"about":[{"href":"https:\/\/roveyayinevi.com.tr\/index.php\/wp-json\/wp\/v2\/types\/product"}],"wp:attachment":[{"href":"https:\/\/roveyayinevi.com.tr\/index.php\/wp-json\/wp\/v2\/media?parent=748977"}],"wp:term":[{"taxonomy":"product_brand","embeddable":true,"href":"https:\/\/roveyayinevi.com.tr\/index.php\/wp-json\/wp\/v2\/product_brand?post=748977"},{"taxonomy":"product_cat","embeddable":true,"href":"https:\/\/roveyayinevi.com.tr\/index.php\/wp-json\/wp\/v2\/product_cat?post=748977"},{"taxonomy":"product_tag","embeddable":true,"href":"https:\/\/roveyayinevi.com.tr\/index.php\/wp-json\/wp\/v2\/product_tag?post=748977"}],"curies":[{"name":"wp","href":"https:\/\/api.w.org\/{rel}","templated":true}]}}