{"id":748976,"date":"2025-08-28T03:44:12","date_gmt":"2025-08-28T00:44:12","guid":{"rendered":"https:\/\/roveyayinevi.com.tr\/index.php\/urun\/ser-cicekleri\/"},"modified":"2026-04-16T03:01:41","modified_gmt":"2026-04-16T00:01:41","slug":"ser-cicekleri","status":"publish","type":"product","link":"https:\/\/roveyayinevi.com.tr\/index.php\/urun\/ser-cicekleri\/","title":{"rendered":"\u015eer \u00c7i\u00e7ekleri"},"content":{"rendered":"<p>Baudelaire\u2019in \u015eer \u00c7i\u00e7ekleri, \u015fiir evreninde neredeyse kutsal bir kitap g\u00f6r\u00fcn\u00fcm\u00fcndedir. \u015eer \u00c7i\u00e7ekleri\u2019nden esinlenmeyen bir \u015fair neredeyse yok gibidir. Arthur Rimbaud, St\u00e9phane Mallarm\u00e9, Paul Val\u00e9ry ve daha niceleri ruhsal besinlerini bu kitapta bulmu\u015flard\u0131r. \u015eiirlerdeki benzersiz anlat\u0131m, duyarl\u0131l\u0131k, betimlemeler, bi\u00e7im ve ahenk ve i\u00e7erikteki zenginlik bir\u00e7ok \u015fairde derin bir etki ve ba\u011fl\u0131l\u0131k yarat\u0131r, \u00f6yle ki bu zincire s\u0131k\u0131ca tutunurlar. \u201cYeni bir \u00fcrperi\u015f yaratt\u0131n\u0131z\u201d diyor Victor Hugo, Frans\u0131z \u015fiirinin prensine hitap ederken\u2026 Rimbaud, Baudelaire\u2019i bir \u201ck\u00e2hin\u201d olarak g\u00f6r\u00fcyordu. Val\u00e9ry ise hakl\u0131 olarak Baudelaire\u2019in \u015fiirlerini ne tarihsel \u015fiirlere ne efsanelere ne de felsefi \u00f6yk\u00fclere benzetecektir. Hay\u0131r! \u015eer \u00c7i\u00e7ekleri\u2019nde yaln\u0131zca \u015fiir vard\u0131r, \u015fiirin saf \u00f6z\u00fc bulunmaktad\u0131r. Baudelaire\u2019de modern ya\u015fam\u0131n b\u00fct\u00fcn \u00e7izgi ve renkleri ortaya \u00e7\u0131kar: Can s\u0131k\u0131nt\u0131s\u0131, bekleyi\u015f, korku ve kayg\u0131lar, i\u00e7g\u00fcd\u00fcler, a\u015fk ve g\u00fcnah, k\u00f6t\u00fcl\u00fck ve masumiyet, mitoloji ve hayvanlar, \u00e7ocuk ve kad\u0131nlar, hep birlikte e\u015fsiz bir s\u00f6yleyi\u015fin i\u00e7erisinde bulurlar kendilerini. T\u00fcm varl\u0131klar \u015fair taraf\u0131ndan kendilerine sunulan g\u00f6revi eksiksiz yerine getirirler: Konu\u015furlar, \u00fcrperirler, severler ve en \u00e7ok da ac\u0131 \u00e7ekerler. <\/p>\n","protected":false},"excerpt":{"rendered":"<p>Baudelaire\u2019in \u015eer \u00c7i\u00e7ekleri, \u015fiir evreninde neredeyse kutsal bir kitap g\u00f6r\u00fcn\u00fcm\u00fcndedir. \u015eer \u00c7i\u00e7ekleri\u2019nden esinlenmeyen bir \u015fair neredeyse yok gibidir. Arthur Rimbaud, St\u00e9phane Mallarm\u00e9, Paul Val\u00e9ry ve daha<span class=\"excerpt-hellip\"> [\u2026]<\/span><\/p>\n","protected":false},"featured_media":0,"template":"","meta":{"_monsterinsights_skip_tracking":false,"_monsterinsights_sitenote_active":false,"_monsterinsights_sitenote_note":"","_monsterinsights_sitenote_category":0},"product_brand":[],"product_cat":[12291,12509],"product_tag":[],"class_list":{"0":"post-748976","1":"product","2":"type-product","3":"status-publish","5":"product_cat-edebiyat","6":"product_cat-siir","7":"pa_cilt-ciltsiz","8":"pa_tur-kitap","9":"pa_yayinevi-dogu-bati-yayinlari","10":"pa_yazar-charles-baudelaire","12":"first","13":"instock","14":"sale","15":"shipping-taxable","16":"purchasable","17":"product-type-simple"},"_links":{"self":[{"href":"https:\/\/roveyayinevi.com.tr\/index.php\/wp-json\/wp\/v2\/product\/748976","targetHints":{"allow":["GET"]}}],"collection":[{"href":"https:\/\/roveyayinevi.com.tr\/index.php\/wp-json\/wp\/v2\/product"}],"about":[{"href":"https:\/\/roveyayinevi.com.tr\/index.php\/wp-json\/wp\/v2\/types\/product"}],"wp:attachment":[{"href":"https:\/\/roveyayinevi.com.tr\/index.php\/wp-json\/wp\/v2\/media?parent=748976"}],"wp:term":[{"taxonomy":"product_brand","embeddable":true,"href":"https:\/\/roveyayinevi.com.tr\/index.php\/wp-json\/wp\/v2\/product_brand?post=748976"},{"taxonomy":"product_cat","embeddable":true,"href":"https:\/\/roveyayinevi.com.tr\/index.php\/wp-json\/wp\/v2\/product_cat?post=748976"},{"taxonomy":"product_tag","embeddable":true,"href":"https:\/\/roveyayinevi.com.tr\/index.php\/wp-json\/wp\/v2\/product_tag?post=748976"}],"curies":[{"name":"wp","href":"https:\/\/api.w.org\/{rel}","templated":true}]}}