{"id":748968,"date":"2025-08-28T03:43:59","date_gmt":"2025-08-28T00:43:59","guid":{"rendered":"https:\/\/roveyayinevi.com.tr\/index.php\/urun\/ayla-odekan-armagani-sanat-tarihinde-disiplinlerarasi-yaklasimlar\/"},"modified":"2026-04-16T03:01:41","modified_gmt":"2026-04-16T00:01:41","slug":"ayla-odekan-armagani-sanat-tarihinde-disiplinlerarasi-yaklasimlar","status":"publish","type":"product","link":"https:\/\/roveyayinevi.com.tr\/index.php\/urun\/ayla-odekan-armagani-sanat-tarihinde-disiplinlerarasi-yaklasimlar\/","title":{"rendered":"Ayla \u00d6dekan Arma\u011fan\u0131 &#8211; Sanat Tarihinde Disiplinleraras\u0131 Yakla\u015f\u0131mlar"},"content":{"rendered":"<p>Prof. Dr. Ayla \u00d6dekan, disiplinler ve k\u00fclt\u00fcrler aras\u0131 yakla\u015f\u0131m\u0131 ile T\u00fcrkiye\u2019de sanat tarihinin \u00f6nc\u00fc akademisyenlerinden biri olmu\u015ftur. Farkl\u0131 alanlarda \u00fcretmi\u015f oldu\u011fu \u00e7ok say\u0131daki yay\u0131n\u0131 ile \u00e7e\u015fitli bilimsel ve k\u00fclt\u00fcrel faaliyetleri, \u00d6dekan\u2019\u0131n bilime ve k\u00fclt\u00fcre yapt\u0131\u011f\u0131 katk\u0131lar\u0131n ne denli \u00f6nemli oldu\u011funu g\u00f6stermektedir. \u0130stanbul \u00dcniversitesi, Mimar Sinan G\u00fczel Sanatlar \u00dcniversitesi ve \u00f6zellikle de \u0130stanbul Teknik \u00dcniversitesinde uzun y\u0131llar g\u00f6rev yapm\u0131\u015f olan Prof.\u00d6dekan, \u00e7ok say\u0131da \u00f6\u011frenci yeti\u015ftirmi\u015f, sanat tarihi e\u011fitimine \u00f6nemli katk\u0131larda bulunmu\u015ftur.<\/p>\n","protected":false},"excerpt":{"rendered":"<p>Prof. Dr. Ayla \u00d6dekan, disiplinler ve k\u00fclt\u00fcrler aras\u0131 yakla\u015f\u0131m\u0131 ile T\u00fcrkiye\u2019de sanat tarihinin \u00f6nc\u00fc akademisyenlerinden biri olmu\u015ftur. Farkl\u0131 alanlarda \u00fcretmi\u015f oldu\u011fu \u00e7ok say\u0131daki yay\u0131n\u0131 ile \u00e7e\u015fitli<span class=\"excerpt-hellip\"> [\u2026]<\/span><\/p>\n","protected":false},"featured_media":0,"template":"","meta":{"_monsterinsights_skip_tracking":false,"_monsterinsights_sitenote_active":false,"_monsterinsights_sitenote_note":"","_monsterinsights_sitenote_category":0},"product_brand":[],"product_cat":[12408,14197],"product_tag":[],"class_list":{"0":"post-748968","1":"product","2":"type-product","3":"status-publish","5":"product_cat-sanat","6":"product_cat-sanat-tarihi","7":"pa_cilt-ciltsiz","8":"pa_tur-kitap","9":"pa_yayinevi-koc-universitesi-yayinlari","10":"pa_yazar-kolektif","12":"first","13":"instock","14":"sale","15":"shipping-taxable","16":"purchasable","17":"product-type-simple"},"_links":{"self":[{"href":"https:\/\/roveyayinevi.com.tr\/index.php\/wp-json\/wp\/v2\/product\/748968","targetHints":{"allow":["GET"]}}],"collection":[{"href":"https:\/\/roveyayinevi.com.tr\/index.php\/wp-json\/wp\/v2\/product"}],"about":[{"href":"https:\/\/roveyayinevi.com.tr\/index.php\/wp-json\/wp\/v2\/types\/product"}],"wp:attachment":[{"href":"https:\/\/roveyayinevi.com.tr\/index.php\/wp-json\/wp\/v2\/media?parent=748968"}],"wp:term":[{"taxonomy":"product_brand","embeddable":true,"href":"https:\/\/roveyayinevi.com.tr\/index.php\/wp-json\/wp\/v2\/product_brand?post=748968"},{"taxonomy":"product_cat","embeddable":true,"href":"https:\/\/roveyayinevi.com.tr\/index.php\/wp-json\/wp\/v2\/product_cat?post=748968"},{"taxonomy":"product_tag","embeddable":true,"href":"https:\/\/roveyayinevi.com.tr\/index.php\/wp-json\/wp\/v2\/product_tag?post=748968"}],"curies":[{"name":"wp","href":"https:\/\/api.w.org\/{rel}","templated":true}]}}