{"id":748967,"date":"2025-08-28T03:43:57","date_gmt":"2025-08-28T00:43:57","guid":{"rendered":"https:\/\/roveyayinevi.com.tr\/index.php\/urun\/kotu-tabiat-iyi-doga\/"},"modified":"2026-04-16T03:01:41","modified_gmt":"2026-04-16T00:01:41","slug":"kotu-tabiat-iyi-doga","status":"publish","type":"product","link":"https:\/\/roveyayinevi.com.tr\/index.php\/urun\/kotu-tabiat-iyi-doga\/","title":{"rendered":"K\u00f6t\u00fc Tabiat, \u0130yi Do\u011fa"},"content":{"rendered":"<p>Hep ayn\u0131 izler mi var d\u00fcnyan\u0131n d\u00f6rt bir k\u00f6\u015fesinde? Fenal\u0131\u011f\u0131n bariz i\u015faretleri, fesat ve hasetin eskiye uzanan k\u00f6kleri mi?   Bak, bir koku dola\u015f\u0131yor k\u0131rlarda, da\u011flarda. \u015eiddeti arzulayan insano\u011flundan yay\u0131lan i\u00e7 bay\u0131lt\u0131c\u0131 rayiha. \u0130\u015fte, birbirine kar\u0131\u015f\u0131yor insan\u0131n k\u00f6t\u00fcl\u00fc\u011f\u00fc ile do\u011fan\u0131n safl\u0131\u011f\u0131.   G\u00fczel metinler bile onaram\u0131yor bu ak\u0131l almaz \u00e7\u00fcr\u00fcmeyi; ince ince \u00e7izilmi\u015f suretler donakal\u0131yor ak k\u00e2\u011f\u0131tlar \u00fczerinde; akl\u0131n eli kolu ba\u011flan\u0131yor, dil dama\u011fa yap\u0131\u015f\u0131yor. Kalem tutan mahir parmaklar, g\u00fczelim mavi m\u00fcrekkebin k\u00e2\u011f\u0131da b\u0131rakt\u0131\u011f\u0131 i\u015faretler \u00e7aresiz kal\u0131yor bu amans\u0131z has\u0131m kar\u015f\u0131s\u0131nda.   Bir meram anlatmaya giri\u015fmi\u015fken ak\u0131p giden metin sersemliyor, iki yana yalpal\u0131yor; \u015fiire meylederken hik\u00e2ye oluveriyor, hik\u00e2yeye se\u011firteyim derken \u015fiire d\u00f6n\u00fcyor, d\u00fczyaz\u0131ya meydan okurken manzuma boyun e\u011fiyor.   Do\u011fan\u0131n iyili\u011fini, insan\u0131n tabiat\u0131n\u0131 hik\u00e2ye etmeye kelam da yetmiyor kalem de&#8230; <\/p>\n","protected":false},"excerpt":{"rendered":"<p>Hep ayn\u0131 izler mi var d\u00fcnyan\u0131n d\u00f6rt bir k\u00f6\u015fesinde? Fenal\u0131\u011f\u0131n bariz i\u015faretleri, fesat ve hasetin eskiye uzanan k\u00f6kleri mi? Bak, bir koku dola\u015f\u0131yor k\u0131rlarda, da\u011flarda. \u015eiddeti<span class=\"excerpt-hellip\"> [\u2026]<\/span><\/p>\n","protected":false},"featured_media":0,"template":"","meta":{"_monsterinsights_skip_tracking":false,"_monsterinsights_sitenote_active":false,"_monsterinsights_sitenote_note":"","_monsterinsights_sitenote_category":0},"product_brand":[],"product_cat":[12291,12711],"product_tag":[],"class_list":{"0":"post-748967","1":"product","2":"type-product","3":"status-publish","5":"product_cat-edebiyat","6":"product_cat-roman-oyku","7":"pa_cilt-ciltsiz","8":"pa_tur-kitap","9":"pa_yayinevi-yapi-kredi-yayinlari","10":"pa_yazar-tuncer-erdem","12":"first","13":"instock","14":"sale","15":"shipping-taxable","16":"purchasable","17":"product-type-simple"},"_links":{"self":[{"href":"https:\/\/roveyayinevi.com.tr\/index.php\/wp-json\/wp\/v2\/product\/748967","targetHints":{"allow":["GET"]}}],"collection":[{"href":"https:\/\/roveyayinevi.com.tr\/index.php\/wp-json\/wp\/v2\/product"}],"about":[{"href":"https:\/\/roveyayinevi.com.tr\/index.php\/wp-json\/wp\/v2\/types\/product"}],"wp:attachment":[{"href":"https:\/\/roveyayinevi.com.tr\/index.php\/wp-json\/wp\/v2\/media?parent=748967"}],"wp:term":[{"taxonomy":"product_brand","embeddable":true,"href":"https:\/\/roveyayinevi.com.tr\/index.php\/wp-json\/wp\/v2\/product_brand?post=748967"},{"taxonomy":"product_cat","embeddable":true,"href":"https:\/\/roveyayinevi.com.tr\/index.php\/wp-json\/wp\/v2\/product_cat?post=748967"},{"taxonomy":"product_tag","embeddable":true,"href":"https:\/\/roveyayinevi.com.tr\/index.php\/wp-json\/wp\/v2\/product_tag?post=748967"}],"curies":[{"name":"wp","href":"https:\/\/api.w.org\/{rel}","templated":true}]}}