{"id":748963,"date":"2025-08-28T03:43:52","date_gmt":"2025-08-28T00:43:52","guid":{"rendered":"https:\/\/roveyayinevi.com.tr\/index.php\/urun\/vatan-yahut-silistre-13\/"},"modified":"2026-04-16T03:01:40","modified_gmt":"2026-04-16T00:01:40","slug":"vatan-yahut-silistre-13","status":"publish","type":"product","link":"https:\/\/roveyayinevi.com.tr\/index.php\/urun\/vatan-yahut-silistre-13\/","title":{"rendered":"Vatan Yahut Silistre"},"content":{"rendered":"<p>\u201cVatan Yahut Silistre\u201d, 1872\u2019de Nam\u0131k Kemal (1840-1888) taraf\u0131ndan kaleme al\u0131nm\u0131\u015f, as\u0131l ad\u0131 \u201cVATAN\u201d olan bir tiyatro oyunudur. Eser, T\u00fcrk edebiyat\u0131nda bat\u0131l\u0131 anlamda ilk tiyatro eseri olmas\u0131n\u0131n yan\u0131nda \u201cvatan\u201d temal\u0131 ilk oyun olma \u00f6zelli\u011fini de ta\u015f\u0131r. Bundan dolay\u0131 yazar\u0131na \u201cH\u00fcrriyet \u015eairi\u201d s\u0131fat\u0131n\u0131 kazand\u0131rm\u0131\u015ft\u0131r. Romantizm ak\u0131m\u0131n\u0131n edebiyat\u0131m\u0131zdaki k\u0131ymetli \u00f6rneklerinden biri olmas\u0131n\u0131n yan\u0131nda, oyunun sergilenmesi sonucunda ya\u015fanan olaylar ile de T\u00fcrk edebiyat\u0131nda \u00f6nemli bir yere sahiptir. <\/p>\n","protected":false},"excerpt":{"rendered":"<p>\u201cVatan Yahut Silistre\u201d, 1872\u2019de Nam\u0131k Kemal (1840-1888) taraf\u0131ndan kaleme al\u0131nm\u0131\u015f, as\u0131l ad\u0131 \u201cVATAN\u201d olan bir tiyatro oyunudur. Eser, T\u00fcrk edebiyat\u0131nda bat\u0131l\u0131 anlamda ilk tiyatro eseri olmas\u0131n\u0131n<span class=\"excerpt-hellip\"> [\u2026]<\/span><\/p>\n","protected":false},"featured_media":0,"template":"","meta":{"_monsterinsights_skip_tracking":false,"_monsterinsights_sitenote_active":false,"_monsterinsights_sitenote_note":"","_monsterinsights_sitenote_category":0},"product_brand":[],"product_cat":[12291,14272],"product_tag":[],"class_list":{"0":"post-748963","1":"product","2":"type-product","3":"status-publish","5":"product_cat-edebiyat","6":"product_cat-tiyatro","7":"pa_cilt-ciltsiz","8":"pa_tur-kitap","9":"pa_yayinevi-myrina-yayinlari","10":"pa_yazar-namik-kemal","12":"first","13":"instock","14":"sale","15":"shipping-taxable","16":"purchasable","17":"product-type-simple"},"_links":{"self":[{"href":"https:\/\/roveyayinevi.com.tr\/index.php\/wp-json\/wp\/v2\/product\/748963","targetHints":{"allow":["GET"]}}],"collection":[{"href":"https:\/\/roveyayinevi.com.tr\/index.php\/wp-json\/wp\/v2\/product"}],"about":[{"href":"https:\/\/roveyayinevi.com.tr\/index.php\/wp-json\/wp\/v2\/types\/product"}],"wp:attachment":[{"href":"https:\/\/roveyayinevi.com.tr\/index.php\/wp-json\/wp\/v2\/media?parent=748963"}],"wp:term":[{"taxonomy":"product_brand","embeddable":true,"href":"https:\/\/roveyayinevi.com.tr\/index.php\/wp-json\/wp\/v2\/product_brand?post=748963"},{"taxonomy":"product_cat","embeddable":true,"href":"https:\/\/roveyayinevi.com.tr\/index.php\/wp-json\/wp\/v2\/product_cat?post=748963"},{"taxonomy":"product_tag","embeddable":true,"href":"https:\/\/roveyayinevi.com.tr\/index.php\/wp-json\/wp\/v2\/product_tag?post=748963"}],"curies":[{"name":"wp","href":"https:\/\/api.w.org\/{rel}","templated":true}]}}