{"id":748962,"date":"2025-08-28T03:43:50","date_gmt":"2025-08-28T00:43:50","guid":{"rendered":"https:\/\/roveyayinevi.com.tr\/index.php\/urun\/intibah-14\/"},"modified":"2026-04-16T03:01:40","modified_gmt":"2026-04-16T00:01:40","slug":"intibah-14","status":"publish","type":"product","link":"https:\/\/roveyayinevi.com.tr\/index.php\/urun\/intibah-14\/","title":{"rendered":"\u0130ntibah"},"content":{"rendered":"<p>Nam\u0131k Kemal (1840-1888), T\u00fcrk edebiyat\u0131nda ilk edebi roman olarak bilinen \u201c\u0130ntibah: Serg\u00fcze\u015ft-i Ali Bey\u201d (Uyan\u0131\u015f: Ali Bey&#8217;in Maceras\u0131) adl\u0131 bu eseri, 1873-1876 y\u0131llar\u0131 aras\u0131nda K\u0131br\u0131s-Magosa\u2019da s\u00fcrg\u00fcndeyken yazm\u0131\u015ft\u0131r. Zengin bir ailenin o\u011flu olan Ali Bey, Mehpeyker ad\u0131nda hafifme\u015frep bir kad\u0131na \u00e2\u015f\u0131k olur ve b\u00fct\u00fcn hayat\u0131 de\u011fi\u015fir. Roman bir a\u015fk \u00f6yk\u00fcs\u00fc etraf\u0131nda ge\u00e7mekle birlikte, Osmanl\u0131 D\u00f6nemi\u2019nde \u0130stanbul ya\u015fant\u0131s\u0131n\u0131 b\u00fcy\u00fck bir \u00e7\u0131plakl\u0131\u011f\u0131 ile de g\u00f6zler \u00f6n\u00fcne serer. Eser gerek anlat\u0131m bi\u00e7imi gerek kurgusu gerek de\u011findi\u011fi konular bak\u0131m\u0131ndan T\u00fcrk Klasikleri aras\u0131ndaki \u00f6zel yerini hak ederek alm\u0131\u015ft\u0131r.     <\/p>\n","protected":false},"excerpt":{"rendered":"<p>Nam\u0131k Kemal (1840-1888), T\u00fcrk edebiyat\u0131nda ilk edebi roman olarak bilinen \u201c\u0130ntibah: Serg\u00fcze\u015ft-i Ali Bey\u201d (Uyan\u0131\u015f: Ali Bey&#8217;in Maceras\u0131) adl\u0131 bu eseri, 1873-1876 y\u0131llar\u0131 aras\u0131nda K\u0131br\u0131s-Magosa\u2019da s\u00fcrg\u00fcndeyken<span class=\"excerpt-hellip\"> [\u2026]<\/span><\/p>\n","protected":false},"featured_media":0,"template":"","meta":{"_monsterinsights_skip_tracking":false,"_monsterinsights_sitenote_active":false,"_monsterinsights_sitenote_note":"","_monsterinsights_sitenote_category":0},"product_brand":[],"product_cat":[12291,12711],"product_tag":[],"class_list":{"0":"post-748962","1":"product","2":"type-product","3":"status-publish","5":"product_cat-edebiyat","6":"product_cat-roman-oyku","7":"pa_cilt-ciltsiz","8":"pa_tur-kitap","9":"pa_yayinevi-myrina-yayinlari","10":"pa_yazar-namik-kemal","12":"first","13":"instock","14":"sale","15":"shipping-taxable","16":"purchasable","17":"product-type-simple"},"_links":{"self":[{"href":"https:\/\/roveyayinevi.com.tr\/index.php\/wp-json\/wp\/v2\/product\/748962","targetHints":{"allow":["GET"]}}],"collection":[{"href":"https:\/\/roveyayinevi.com.tr\/index.php\/wp-json\/wp\/v2\/product"}],"about":[{"href":"https:\/\/roveyayinevi.com.tr\/index.php\/wp-json\/wp\/v2\/types\/product"}],"wp:attachment":[{"href":"https:\/\/roveyayinevi.com.tr\/index.php\/wp-json\/wp\/v2\/media?parent=748962"}],"wp:term":[{"taxonomy":"product_brand","embeddable":true,"href":"https:\/\/roveyayinevi.com.tr\/index.php\/wp-json\/wp\/v2\/product_brand?post=748962"},{"taxonomy":"product_cat","embeddable":true,"href":"https:\/\/roveyayinevi.com.tr\/index.php\/wp-json\/wp\/v2\/product_cat?post=748962"},{"taxonomy":"product_tag","embeddable":true,"href":"https:\/\/roveyayinevi.com.tr\/index.php\/wp-json\/wp\/v2\/product_tag?post=748962"}],"curies":[{"name":"wp","href":"https:\/\/api.w.org\/{rel}","templated":true}]}}