{"id":748958,"date":"2025-08-28T03:43:45","date_gmt":"2025-08-28T00:43:45","guid":{"rendered":"https:\/\/roveyayinevi.com.tr\/index.php\/urun\/kitap-lik-226-mart-nisan-2023\/"},"modified":"2026-04-16T03:01:40","modified_gmt":"2026-04-16T00:01:40","slug":"kitap-lik-226-mart-nisan-2023","status":"publish","type":"product","link":"https:\/\/roveyayinevi.com.tr\/index.php\/urun\/kitap-lik-226-mart-nisan-2023\/","title":{"rendered":"Kitap-l\u0131k 226 \/ Mart \u2013 Nisan 2023"},"content":{"rendered":"<p>Garabed Bey ve \u201cT\u00fcrkiye\u2019de Edebi Hareket\u201d   Yap\u0131 Kredi Yay\u0131nlar\u0131 taraf\u0131ndan yay\u0131mlanmakta olan kitap-l\u0131k dergisinin 226. say\u0131s\u0131 kapak konusu Garabed Bey\u2019in (1870-1899) \u201cT\u00fcrkiye\u2019de Edebi Hareket\u201d yaz\u0131s\u0131. Habil Sa\u011flam\u2019\u0131n ara\u015ft\u0131rmas\u0131yla olu\u015fan dosyada Garabed Bey\u2019in ya\u015fam\u0131, siyasi g\u00f6r\u00fc\u015fleri, Fransa\u2019daki entelekt\u00fcel ili\u015fkileri ve 1894 y\u0131l\u0131nda Frans\u0131zca yay\u0131mlanm\u0131\u015f makalesi yer al\u0131yor. S\u00f6z konusu makale milliyet\u00e7i d\u00fc\u015f\u00fcncelerin geli\u015fti\u011fi bir zamanda gen\u00e7 bir Osmanl\u0131 ayd\u0131n\u0131n\u0131n kaleminden \u00e7\u0131km\u0131\u015f 19. y\u00fczy\u0131l T\u00fcrk edebiyat\u0131n\u0131n panoramas\u0131 niteli\u011finde.   H\u00fcseyin Peker, G\u00fcltekin Emre, \u0130zzet G\u00f6ldeli, Melih Elhan, G\u00fclce Ba\u015fer, Kadir Aydemir, Emel Kaya, Petek Sinem Dulun, Emin Kaya, Mik\u00e2il S\u00f6ylemez, Bekir Dad\u0131r, Hasan Ege Karanfil ve Yi\u011fit Kerim Arslan \u015fiirleri; \u0130lhan Durusel, Muzaffer Kale, Eylem Ata G\u00fcle\u00e7, Nuray Tekin, \u015eebnem Balevi, Mehmet M\u00fcmtaz Tuzcu, Remzi Karabulut, H\u00e2le Sert, Yasemin Olur, R\u0131dvan Hatun ve H\u00fclda S\u00fclo\u015f \u00f6yk\u00fcleri; \u015eavkar Alt\u0131nel, Mehmet Erg\u00fcven, Abdullah U\u00e7man, Sinan Bak\u0131r, Evren Ku\u00e7lu, Mukadder \u00d6zge\u00e7 yaz\u0131lar\u0131; Y\u00fccel Kay\u0131ran \u015fiir, Feyza Hep\u00e7ilingirler \u00f6yk\u00fc, Zarife Biliz-I\u015f\u0131k Erg\u00fcden \u015fiir \u00e7evirisi ve \u00c7i\u011fdem Erkal \u00e7eviri s\u00f6yle\u015fileriyle  kitap-l\u0131k dergisinin 226. say\u0131s\u0131nda. kitap-l\u0131k 30 y\u0131ld\u0131r iyi edebiyat\u0131n adresi. <\/p>\n","protected":false},"excerpt":{"rendered":"<p>Garabed Bey ve \u201cT\u00fcrkiye\u2019de Edebi Hareket\u201d Yap\u0131 Kredi Yay\u0131nlar\u0131 taraf\u0131ndan yay\u0131mlanmakta olan kitap-l\u0131k dergisinin 226. say\u0131s\u0131 kapak konusu Garabed Bey\u2019in (1870-1899) \u201cT\u00fcrkiye\u2019de Edebi Hareket\u201d yaz\u0131s\u0131. Habil<span class=\"excerpt-hellip\"> [\u2026]<\/span><\/p>\n","protected":false},"featured_media":0,"template":"","meta":{"_monsterinsights_skip_tracking":false,"_monsterinsights_sitenote_active":false,"_monsterinsights_sitenote_note":"","_monsterinsights_sitenote_category":0},"product_brand":[],"product_cat":[30023,13527],"product_tag":[],"class_list":{"0":"post-748958","1":"product","2":"type-product","3":"status-publish","5":"product_cat-edebiyat-sureli-yayinlar","6":"product_cat-sureli-yayinlar","7":"pa_cilt-ciltsiz","8":"pa_tur-dergi","9":"pa_yayinevi-yapi-kredi-yayinlari-dergi","10":"pa_yazar-kolektif","12":"first","13":"instock","14":"sale","15":"shipping-taxable","16":"purchasable","17":"product-type-simple"},"_links":{"self":[{"href":"https:\/\/roveyayinevi.com.tr\/index.php\/wp-json\/wp\/v2\/product\/748958","targetHints":{"allow":["GET"]}}],"collection":[{"href":"https:\/\/roveyayinevi.com.tr\/index.php\/wp-json\/wp\/v2\/product"}],"about":[{"href":"https:\/\/roveyayinevi.com.tr\/index.php\/wp-json\/wp\/v2\/types\/product"}],"wp:attachment":[{"href":"https:\/\/roveyayinevi.com.tr\/index.php\/wp-json\/wp\/v2\/media?parent=748958"}],"wp:term":[{"taxonomy":"product_brand","embeddable":true,"href":"https:\/\/roveyayinevi.com.tr\/index.php\/wp-json\/wp\/v2\/product_brand?post=748958"},{"taxonomy":"product_cat","embeddable":true,"href":"https:\/\/roveyayinevi.com.tr\/index.php\/wp-json\/wp\/v2\/product_cat?post=748958"},{"taxonomy":"product_tag","embeddable":true,"href":"https:\/\/roveyayinevi.com.tr\/index.php\/wp-json\/wp\/v2\/product_tag?post=748958"}],"curies":[{"name":"wp","href":"https:\/\/api.w.org\/{rel}","templated":true}]}}