{"id":748957,"date":"2025-08-28T03:43:43","date_gmt":"2025-08-28T00:43:43","guid":{"rendered":"https:\/\/roveyayinevi.com.tr\/index.php\/urun\/ingilizce-resimli-sozluk\/"},"modified":"2026-04-16T03:01:40","modified_gmt":"2026-04-16T00:01:40","slug":"ingilizce-resimli-sozluk","status":"publish","type":"product","link":"https:\/\/roveyayinevi.com.tr\/index.php\/urun\/ingilizce-resimli-sozluk\/","title":{"rendered":"\u0130ngilizce Resimli S\u00f6zl\u00fck"},"content":{"rendered":"<p>\u0130ngilizce s\u00f6z da\u011farc\u0131\u011f\u0131n\u0131 geli\u015ftirmek \u00fczere haz\u0131rlanan bu s\u00f6zl\u00fck, \u00e7ocuklar\u0131n yeni s\u00f6zc\u00fckleri daha kolay \u00f6\u011frenebilece\u011fi \u015fekilde tasarlanm\u0131\u015ft\u0131r.. Bu resimli s\u00f6zl\u00fckle \u00e7ocuklar, konu b\u00fct\u00fcnl\u00fc\u011f\u00fc i\u00e7inde g\u00f6rsellerle birlikte verilen s\u00f6zc\u00fckleri h\u0131zla kavrayacak ve kal\u0131c\u0131 olarak \u00f6\u011frenecekler. <\/p>\n","protected":false},"excerpt":{"rendered":"<p>\u0130ngilizce s\u00f6z da\u011farc\u0131\u011f\u0131n\u0131 geli\u015ftirmek \u00fczere haz\u0131rlanan bu s\u00f6zl\u00fck, \u00e7ocuklar\u0131n yeni s\u00f6zc\u00fckleri daha kolay \u00f6\u011frenebilece\u011fi \u015fekilde tasarlanm\u0131\u015ft\u0131r.. Bu resimli s\u00f6zl\u00fckle \u00e7ocuklar, konu b\u00fct\u00fcnl\u00fc\u011f\u00fc i\u00e7inde g\u00f6rsellerle birlikte verilen<span class=\"excerpt-hellip\"> [\u2026]<\/span><\/p>\n","protected":false},"featured_media":0,"template":"","meta":{"_monsterinsights_skip_tracking":false,"_monsterinsights_sitenote_active":false,"_monsterinsights_sitenote_note":"","_monsterinsights_sitenote_category":0},"product_brand":[],"product_cat":[12274,15842],"product_tag":[],"class_list":{"0":"post-748957","1":"product","2":"type-product","3":"status-publish","5":"product_cat-cocuk-ve-genclik-kitaplari","6":"product_cat-egitici-kitaplar","7":"pa_cilt-ciltsiz","8":"pa_tur-kitap","9":"pa_yayinevi-is-bankasi-kultur-yayinlari","10":"pa_yazar-elcin-kuzucu","12":"first","13":"instock","14":"sale","15":"shipping-taxable","16":"purchasable","17":"product-type-simple"},"_links":{"self":[{"href":"https:\/\/roveyayinevi.com.tr\/index.php\/wp-json\/wp\/v2\/product\/748957","targetHints":{"allow":["GET"]}}],"collection":[{"href":"https:\/\/roveyayinevi.com.tr\/index.php\/wp-json\/wp\/v2\/product"}],"about":[{"href":"https:\/\/roveyayinevi.com.tr\/index.php\/wp-json\/wp\/v2\/types\/product"}],"wp:attachment":[{"href":"https:\/\/roveyayinevi.com.tr\/index.php\/wp-json\/wp\/v2\/media?parent=748957"}],"wp:term":[{"taxonomy":"product_brand","embeddable":true,"href":"https:\/\/roveyayinevi.com.tr\/index.php\/wp-json\/wp\/v2\/product_brand?post=748957"},{"taxonomy":"product_cat","embeddable":true,"href":"https:\/\/roveyayinevi.com.tr\/index.php\/wp-json\/wp\/v2\/product_cat?post=748957"},{"taxonomy":"product_tag","embeddable":true,"href":"https:\/\/roveyayinevi.com.tr\/index.php\/wp-json\/wp\/v2\/product_tag?post=748957"}],"curies":[{"name":"wp","href":"https:\/\/api.w.org\/{rel}","templated":true}]}}