{"id":748955,"date":"2025-08-28T03:43:40","date_gmt":"2025-08-28T00:43:40","guid":{"rendered":"https:\/\/roveyayinevi.com.tr\/index.php\/urun\/irinaya-gore-seffaflik\/"},"modified":"2026-04-16T03:01:40","modified_gmt":"2026-04-16T00:01:40","slug":"irinaya-gore-seffaflik","status":"publish","type":"product","link":"https:\/\/roveyayinevi.com.tr\/index.php\/urun\/irinaya-gore-seffaflik\/","title":{"rendered":"Irina&#8217;ya G\u00f6re \u015eeffafl\u0131k"},"content":{"rendered":"<p>Y\u0131l 2058. \u0130nternetin geli\u015fmi\u015f bir s\u00fcr\u00fcm\u00fc olan A\u011f, hayat\u0131n her alan\u0131na h\u00e2kim olmu\u015ftur. \u015eeffafl\u0131k politikas\u0131 gere\u011fi vatanda\u015flara ait her t\u00fcrl\u00fc bilgi eri\u015fime a\u00e7\u0131k bir bi\u00e7imde A\u011f\u2019da payla\u015f\u0131lmakta, kimlik kartlar\u0131 yerine art\u0131k deri alt\u0131na yerle\u015ftirilen \u00e7ipler kullan\u0131lmaktad\u0131r. B\u00f6ylelikle yeni bir \u00e7a\u011f ba\u015flar. Sistem herkesin her an nerede, kiminle oldu\u011funu ve ne yapt\u0131\u011f\u0131n\u0131 bildi\u011finden tehlikenin yerini g\u00fcvene b\u0131rakt\u0131\u011f\u0131na inan\u0131l\u0131r. Elbette bu d\u00fczen kendi \u015f\u00fcphecilerini de yarat\u0131r ve vatanda\u015flardan baz\u0131lar\u0131n\u0131n, belli kurallar \u00e7er\u00e7evesinde mahremiyetlerini korumas\u0131na izin verilir. Sonu\u00e7 olarak ger\u00e7ek hayat A\u011f \u00fczerinde ya\u015fan\u0131rken, sanal hayat takma isim ve y\u00fcze tak\u0131lan protezlerle soka\u011fa ta\u015f\u0131n\u0131r. Camille Lavigne ya da ger\u00e7ek hayattaki ad\u0131yla Dyna Rogne takma isim kullanmay\u0131 se\u00e7enlerdendir. Kimlik politikalar\u0131yla \u015fekillenen bu yeni toplumda ba\u015far\u0131 \u00f6l\u00e7\u00fct\u00fc zenginlik ya da kariyer yapmak de\u011fil ki\u015fili\u011fin kendisi oldu\u011fundan, vatanda\u015flar\u0131n en b\u00fcy\u00fck arzusu A\u011f \u00fczerinden atanan notlar\u0131n\u0131 yani meta-g\u00f6stergelerini y\u00fcksek tutmakt\u0131r. Camille de ayn\u0131 hedefle A\u011f\u2019\u0131n kanaat liderlerinden, \u015feffafl\u0131k savunucusu Irina Laubovsky\u2019nin kanatlar\u0131 alt\u0131na s\u0131\u011f\u0131nmay\u0131 ve y\u00fckselmeyi hedefler. Fakat fikirleriyle hayranl\u0131k kadar rahats\u0131zl\u0131k da uyand\u0131ran bu entelekt\u00fcel ger\u00e7ekte kimdir? Camille\u2019in ger\u00e7e\u011fi \u00f6\u011frenmek amac\u0131yla \u00e7\u0131kt\u0131\u011f\u0131 bu yolculuk onu \u201cr\u00fcya toplum\u201dun g\u00f6r\u00fcnmeyen y\u00fcz\u00fcyle tan\u0131\u015ft\u0131racakt\u0131r. Benjamin Fogel bilimkurgu, distopya ve polisiye gibi t\u00fcrleri bir potada eriten roman\u0131nda, ger\u00e7ekle\u015fmesi kula\u011fa t\u00fcyler \u00fcrpertici derecede yak\u0131n gelen gelece\u011fin portresini \u00e7iziyor. Irina\u2019ya G\u00f6re \u015eeffafl\u0131k, 1984\u2019\u00fcn korkular\u0131n\u0131 2058\u2019e ta\u015f\u0131yan etkileyici bir roman. <\/p>\n","protected":false},"excerpt":{"rendered":"<p>Y\u0131l 2058. \u0130nternetin geli\u015fmi\u015f bir s\u00fcr\u00fcm\u00fc olan A\u011f, hayat\u0131n her alan\u0131na h\u00e2kim olmu\u015ftur. \u015eeffafl\u0131k politikas\u0131 gere\u011fi vatanda\u015flara ait her t\u00fcrl\u00fc bilgi eri\u015fime a\u00e7\u0131k bir bi\u00e7imde A\u011f\u2019da<span class=\"excerpt-hellip\"> [\u2026]<\/span><\/p>\n","protected":false},"featured_media":0,"template":"","meta":{"_monsterinsights_skip_tracking":false,"_monsterinsights_sitenote_active":false,"_monsterinsights_sitenote_note":"","_monsterinsights_sitenote_category":0},"product_brand":[],"product_cat":[12291,12711],"product_tag":[],"class_list":{"0":"post-748955","1":"product","2":"type-product","3":"status-publish","5":"product_cat-edebiyat","6":"product_cat-roman-oyku","7":"pa_cilt-ciltsiz","8":"pa_tur-kitap","9":"pa_yayinevi-is-bankasi-kultur-yayinlari","10":"pa_yazar-benjamin-fogel","12":"first","13":"instock","14":"sale","15":"shipping-taxable","16":"purchasable","17":"product-type-simple"},"_links":{"self":[{"href":"https:\/\/roveyayinevi.com.tr\/index.php\/wp-json\/wp\/v2\/product\/748955","targetHints":{"allow":["GET"]}}],"collection":[{"href":"https:\/\/roveyayinevi.com.tr\/index.php\/wp-json\/wp\/v2\/product"}],"about":[{"href":"https:\/\/roveyayinevi.com.tr\/index.php\/wp-json\/wp\/v2\/types\/product"}],"wp:attachment":[{"href":"https:\/\/roveyayinevi.com.tr\/index.php\/wp-json\/wp\/v2\/media?parent=748955"}],"wp:term":[{"taxonomy":"product_brand","embeddable":true,"href":"https:\/\/roveyayinevi.com.tr\/index.php\/wp-json\/wp\/v2\/product_brand?post=748955"},{"taxonomy":"product_cat","embeddable":true,"href":"https:\/\/roveyayinevi.com.tr\/index.php\/wp-json\/wp\/v2\/product_cat?post=748955"},{"taxonomy":"product_tag","embeddable":true,"href":"https:\/\/roveyayinevi.com.tr\/index.php\/wp-json\/wp\/v2\/product_tag?post=748955"}],"curies":[{"name":"wp","href":"https:\/\/api.w.org\/{rel}","templated":true}]}}