{"id":748953,"date":"2025-08-28T03:43:37","date_gmt":"2025-08-28T00:43:37","guid":{"rendered":"https:\/\/roveyayinevi.com.tr\/index.php\/urun\/butun-siirleri-9\/"},"modified":"2026-04-16T03:01:40","modified_gmt":"2026-04-16T00:01:40","slug":"butun-siirleri-9","status":"publish","type":"product","link":"https:\/\/roveyayinevi.com.tr\/index.php\/urun\/butun-siirleri-9\/","title":{"rendered":"B\u00fct\u00fcn \u015eiirleri"},"content":{"rendered":"<p>Bir eski zaman \u015fatosu yans\u0131r karanl\u0131\u011fa B\u0131rak\u0131lm\u0131\u015f bah\u00e7elere, unutulmu\u015f karaa\u011fa\u00e7lara Alm\u0131\u015f y\u00fcr\u00fcm\u00fc\u015f otlar \u00f6rtm\u00fc\u015f ayaz izlerini Kapanm\u0131\u015f b\u00fct\u00fcn pencereleri vaktin \u00e7a\u011fr\u0131s\u0131na Bir nal sesi seher vakti beklenmedik Bir sava\u015f\u00e7\u0131, sevilere \u00f6zg\u00fc arka yoldan Bir pencere a\u00e7\u0131k kalm\u0131\u015f kimse bilmez Pencereye t\u0131rmanan yaseminler taze kalm\u0131\u015f Bir de yaseminler aras\u0131nda ak g\u00fcl eli. *Bir \u00c7ocuk Bah\u00e7esinde *Ba\u011fbozumu Sofras\u0131 *\u00c7ocuklar Gemisi *Yan\u0131k Hava *Haziran Defteri *Yurdumdan *Ba\u011f\u0131ms\u0131zl\u0131k G\u00fcl\u00fc *Sakarya Meydan Sava\u015f\u0131 *Bu\u011fday, Kad\u0131n, G\u00fcl ve G\u00f6ky\u00fcz\u00fc <\/p>\n","protected":false},"excerpt":{"rendered":"<p>Bir eski zaman \u015fatosu yans\u0131r karanl\u0131\u011fa B\u0131rak\u0131lm\u0131\u015f bah\u00e7elere, unutulmu\u015f karaa\u011fa\u00e7lara Alm\u0131\u015f y\u00fcr\u00fcm\u00fc\u015f otlar \u00f6rtm\u00fc\u015f ayaz izlerini Kapanm\u0131\u015f b\u00fct\u00fcn pencereleri vaktin \u00e7a\u011fr\u0131s\u0131na Bir nal sesi seher vakti<span class=\"excerpt-hellip\"> [\u2026]<\/span><\/p>\n","protected":false},"featured_media":0,"template":"","meta":{"_monsterinsights_skip_tracking":false,"_monsterinsights_sitenote_active":false,"_monsterinsights_sitenote_note":"","_monsterinsights_sitenote_category":0},"product_brand":[],"product_cat":[12291,12509],"product_tag":[],"class_list":{"0":"post-748953","1":"product","2":"type-product","3":"status-publish","5":"product_cat-edebiyat","6":"product_cat-siir","7":"pa_cilt-ciltsiz","8":"pa_tur-kitap","9":"pa_yayinevi-is-bankasi-kultur-yayinlari","10":"pa_yazar-ceyhun-atuf-kansu","12":"first","13":"instock","14":"sale","15":"shipping-taxable","16":"purchasable","17":"product-type-simple"},"_links":{"self":[{"href":"https:\/\/roveyayinevi.com.tr\/index.php\/wp-json\/wp\/v2\/product\/748953","targetHints":{"allow":["GET"]}}],"collection":[{"href":"https:\/\/roveyayinevi.com.tr\/index.php\/wp-json\/wp\/v2\/product"}],"about":[{"href":"https:\/\/roveyayinevi.com.tr\/index.php\/wp-json\/wp\/v2\/types\/product"}],"wp:attachment":[{"href":"https:\/\/roveyayinevi.com.tr\/index.php\/wp-json\/wp\/v2\/media?parent=748953"}],"wp:term":[{"taxonomy":"product_brand","embeddable":true,"href":"https:\/\/roveyayinevi.com.tr\/index.php\/wp-json\/wp\/v2\/product_brand?post=748953"},{"taxonomy":"product_cat","embeddable":true,"href":"https:\/\/roveyayinevi.com.tr\/index.php\/wp-json\/wp\/v2\/product_cat?post=748953"},{"taxonomy":"product_tag","embeddable":true,"href":"https:\/\/roveyayinevi.com.tr\/index.php\/wp-json\/wp\/v2\/product_tag?post=748953"}],"curies":[{"name":"wp","href":"https:\/\/api.w.org\/{rel}","templated":true}]}}