{"id":748946,"date":"2025-08-28T03:43:24","date_gmt":"2025-08-28T00:43:24","guid":{"rendered":"https:\/\/roveyayinevi.com.tr\/index.php\/urun\/girdapta\/"},"modified":"2026-04-16T03:01:40","modified_gmt":"2026-04-16T00:01:40","slug":"girdapta","status":"publish","type":"product","link":"https:\/\/roveyayinevi.com.tr\/index.php\/urun\/girdapta\/","title":{"rendered":"Girdapta"},"content":{"rendered":"<p>Aleksey Feofilaktovi\u00e7 Pisemski (1821-1881): Romanc\u0131 ve oyun yazar\u0131 Pisemski yazmaya ve tiyatroya ilgi g\u00f6stermeye on iki ya\u015f\u0131nda Kostromsk Koleji\u2019ne girdi\u011finde ba\u015flad\u0131. \u00d6\u011frenimine Moskova \u00dcniversitesi\u2019nde devam etti. Bu s\u0131rada sahneye de \u00e7\u0131kt\u0131 ve \u00fcn kazand\u0131. 1844\u2019te \u00fcniversiteyi bitirdi, iki y\u0131l memurluk yapt\u0131ktan sonra istifa etti. Anayurt Notlar\u0131 dergisinin sahibinin k\u0131z\u0131 Yekaterina Pavlovna Svinina ile evlendi. Bu evlilik edebiyat \u00e7evrelerinde tan\u0131nmas\u0131n\u0131 sa\u011flad\u0131. \u00dcst\u00fcn anlat\u0131 yetene\u011fi ve ger\u00e7ekli\u011fi gayet g\u00fc\u00e7l\u00fc bir \u015fekilde yans\u0131tmas\u0131yla en dikkat \u00e7ekici Rus romanc\u0131lar\u0131 aras\u0131nda yer ald\u0131. 1847\u2019de yazd\u0131\u011f\u0131 ilk eseri Soylular sans\u00fcr nedeniyle 1858 y\u0131l\u0131nda bas\u0131labildi. Bas\u0131lan ilk uzun \u00f6yk\u00fcs\u00fc 1848\u2019de \u00e7\u0131kan Nina\u2019d\u0131r. 1870\u2019te yazd\u0131\u011f\u0131 Girdapta roman\u0131 1871\u2019de S\u00f6yle\u015fi dergisinde tefrika edildi. \u0130lkin devrimci hareketi g\u00f6zden d\u00fc\u015f\u00fcrmeyi ama\u00e7layan \u201cnihilist kar\u015f\u0131t\u0131\u201d bir roman olarak reddedilen Girdapta, Tolstoy taraf\u0131ndan kurgusundan \u00f6t\u00fcr\u00fc \u00f6v\u00fclm\u00fc\u015f, daha sonra Pisemski\u2019nin en karma\u015f\u0131k eserlerinden biri olarak kabul edilmi\u015ftir.    <\/p>\n","protected":false},"excerpt":{"rendered":"<p>Aleksey Feofilaktovi\u00e7 Pisemski (1821-1881): Romanc\u0131 ve oyun yazar\u0131 Pisemski yazmaya ve tiyatroya ilgi g\u00f6stermeye on iki ya\u015f\u0131nda Kostromsk Koleji\u2019ne girdi\u011finde ba\u015flad\u0131. \u00d6\u011frenimine Moskova \u00dcniversitesi\u2019nde devam etti.<span class=\"excerpt-hellip\"> [\u2026]<\/span><\/p>\n","protected":false},"featured_media":0,"template":"","meta":{"_monsterinsights_skip_tracking":false,"_monsterinsights_sitenote_active":false,"_monsterinsights_sitenote_note":"","_monsterinsights_sitenote_category":0},"product_brand":[],"product_cat":[12291,12711],"product_tag":[],"class_list":{"0":"post-748946","1":"product","2":"type-product","3":"status-publish","5":"product_cat-edebiyat","6":"product_cat-roman-oyku","7":"pa_cilt-ciltsiz","8":"pa_tur-kitap","9":"pa_yayinevi-is-bankasi-kultur-yayinlari","10":"pa_yazar-aleksey-feofilaktovic-pisemski","12":"first","13":"instock","14":"sale","15":"shipping-taxable","16":"purchasable","17":"product-type-simple"},"_links":{"self":[{"href":"https:\/\/roveyayinevi.com.tr\/index.php\/wp-json\/wp\/v2\/product\/748946","targetHints":{"allow":["GET"]}}],"collection":[{"href":"https:\/\/roveyayinevi.com.tr\/index.php\/wp-json\/wp\/v2\/product"}],"about":[{"href":"https:\/\/roveyayinevi.com.tr\/index.php\/wp-json\/wp\/v2\/types\/product"}],"wp:attachment":[{"href":"https:\/\/roveyayinevi.com.tr\/index.php\/wp-json\/wp\/v2\/media?parent=748946"}],"wp:term":[{"taxonomy":"product_brand","embeddable":true,"href":"https:\/\/roveyayinevi.com.tr\/index.php\/wp-json\/wp\/v2\/product_brand?post=748946"},{"taxonomy":"product_cat","embeddable":true,"href":"https:\/\/roveyayinevi.com.tr\/index.php\/wp-json\/wp\/v2\/product_cat?post=748946"},{"taxonomy":"product_tag","embeddable":true,"href":"https:\/\/roveyayinevi.com.tr\/index.php\/wp-json\/wp\/v2\/product_tag?post=748946"}],"curies":[{"name":"wp","href":"https:\/\/api.w.org\/{rel}","templated":true}]}}