{"id":748945,"date":"2025-08-28T03:43:23","date_gmt":"2025-08-28T00:43:23","guid":{"rendered":"https:\/\/roveyayinevi.com.tr\/index.php\/urun\/tek-insanin-degeri\/"},"modified":"2026-04-16T03:01:40","modified_gmt":"2026-04-16T00:01:40","slug":"tek-insanin-degeri","status":"publish","type":"product","link":"https:\/\/roveyayinevi.com.tr\/index.php\/urun\/tek-insanin-degeri\/","title":{"rendered":"Tek \u0130nsan\u0131n De\u011feri"},"content":{"rendered":"<p>Haldun Taner\u2019in d\u00fczyaz\u0131 kitaplar\u0131 serisi yeni derlemelerle s\u00fcr\u00fcyor. Tuncay Birkan\u2019\u0131n haz\u0131rlad\u0131\u011f\u0131 \u201cTek \u0130nsan\u0131n De\u011feri\u201d 1955-1986 y\u0131llar\u0131 aras\u0131nda Terc\u00fcman, Milliyet gazeteleri ve ba\u015fka yay\u0131nlarda \u00e7\u0131km\u0131\u015f yaz\u0131lardan olu\u015fuyor. Arada Bir, Deveku\u015funa Mektuplar, Hak Dostum Diye Ba\u015flayal\u0131m S\u00f6ze, Per\u015fembenin Geli\u015fi ba\u015fl\u0131kl\u0131 gazete k\u00f6\u015felerinde g\u00fcncel konular\u0131, \u00e7a\u011f\u0131n getirdi\u011fi toplumsal sorunlar\u0131 ele\u015ftirel, ho\u015fg\u00f6r\u00fcl\u00fc ve esprili bir yakla\u015f\u0131mla ortaya koyuyor Haldun Taner. Kad\u0131n-\u00e7ocuk, a\u015fk-evlilik, sayg\u0131-sevgi, gen\u00e7lik-ya\u015fl\u0131l\u0131k, insan-hayvan, ge\u00e7mi\u015f-gelecek, mutluluk-umut, \u00f6zel g\u00fcnler-tatiller gibi pek \u00e7ok insani konu ve toplumsal olguyu geni\u015f bir k\u00fclt\u00fcrel \u00e7er\u00e7evede irdeliyor.   \u201cBu ihmallerimizle, insan hayat\u0131n\u0131 umursamayan bu adamsendecili\u011fimizle s\u00e2de \u00f6lm\u00fc\u015flere, \u00f6lenlere de\u011fil, yar\u0131nki eli belinde g\u00f6r\u00fcn\u00fcr kazalar\u0131n kurban\u0131 olan bug\u00fcnk\u00fc ya\u015fayanlara kar\u015f\u0131 da \u015fimdiden su\u00e7luyuz.   Emin ol, yar\u0131nki kazalarda da kabahat \u00f6len \u015fof\u00f6rde, bo\u011fulan kaptanda, hava durumunda, bast\u0131ran siste, esen r\u00fczg\u00e2rda, kabaran dalgada, patlayan frende bulunacakt\u0131r. Resmi a\u011f\u0131zlar, ayn\u0131 \u015feyleri s\u00f6yleyeceklerdir: Tefti\u015fler zaman\u0131nda yap\u0131lm\u0131\u015f, makineler usul\u00fcnce revizyondan ge\u00e7irilmi\u015f, her \u015fey yolunda gitmi\u015f, ne var ki, kader, b\u00f6yle tecelli etmi\u015ftir. Tabiat amans\u0131zd\u0131r. Talih zebun. Eceli kaza gelince su\u00e7 aramak bo\u015funad\u0131r. Kaza kurbanlar\u0131n\u0131n h\u00e2t\u0131ralar\u0131 h\u00fcrmetle an\u0131lacakt\u0131r. Tanr\u0131 devlete, millete zeval vermesin vs. vs.   Biz bu kafa ile \u0131slah olur muyuz dersin?\u201d (1958) <\/p>\n","protected":false},"excerpt":{"rendered":"<p>Haldun Taner\u2019in d\u00fczyaz\u0131 kitaplar\u0131 serisi yeni derlemelerle s\u00fcr\u00fcyor. Tuncay Birkan\u2019\u0131n haz\u0131rlad\u0131\u011f\u0131 \u201cTek \u0130nsan\u0131n De\u011feri\u201d 1955-1986 y\u0131llar\u0131 aras\u0131nda Terc\u00fcman, Milliyet gazeteleri ve ba\u015fka yay\u0131nlarda \u00e7\u0131km\u0131\u015f yaz\u0131lardan olu\u015fuyor.<span class=\"excerpt-hellip\"> [\u2026]<\/span><\/p>\n","protected":false},"featured_media":0,"template":"","meta":{"_monsterinsights_skip_tracking":false,"_monsterinsights_sitenote_active":false,"_monsterinsights_sitenote_note":"","_monsterinsights_sitenote_category":0},"product_brand":[],"product_cat":[12777,12291],"product_tag":[],"class_list":{"0":"post-748945","1":"product","2":"type-product","3":"status-publish","5":"product_cat-deneme","6":"product_cat-edebiyat","7":"pa_cilt-ciltsiz","8":"pa_tur-kitap","9":"pa_yayinevi-yapi-kredi-yayinlari","10":"pa_yazar-haldun-taner","12":"first","13":"instock","14":"sale","15":"shipping-taxable","16":"purchasable","17":"product-type-simple"},"_links":{"self":[{"href":"https:\/\/roveyayinevi.com.tr\/index.php\/wp-json\/wp\/v2\/product\/748945","targetHints":{"allow":["GET"]}}],"collection":[{"href":"https:\/\/roveyayinevi.com.tr\/index.php\/wp-json\/wp\/v2\/product"}],"about":[{"href":"https:\/\/roveyayinevi.com.tr\/index.php\/wp-json\/wp\/v2\/types\/product"}],"wp:attachment":[{"href":"https:\/\/roveyayinevi.com.tr\/index.php\/wp-json\/wp\/v2\/media?parent=748945"}],"wp:term":[{"taxonomy":"product_brand","embeddable":true,"href":"https:\/\/roveyayinevi.com.tr\/index.php\/wp-json\/wp\/v2\/product_brand?post=748945"},{"taxonomy":"product_cat","embeddable":true,"href":"https:\/\/roveyayinevi.com.tr\/index.php\/wp-json\/wp\/v2\/product_cat?post=748945"},{"taxonomy":"product_tag","embeddable":true,"href":"https:\/\/roveyayinevi.com.tr\/index.php\/wp-json\/wp\/v2\/product_tag?post=748945"}],"curies":[{"name":"wp","href":"https:\/\/api.w.org\/{rel}","templated":true}]}}