{"id":748942,"date":"2025-08-28T03:43:18","date_gmt":"2025-08-28T00:43:18","guid":{"rendered":"https:\/\/roveyayinevi.com.tr\/index.php\/urun\/kayip-amerika-2\/"},"modified":"2026-04-16T03:01:40","modified_gmt":"2026-04-16T00:01:40","slug":"kayip-amerika-2","status":"publish","type":"product","link":"https:\/\/roveyayinevi.com.tr\/index.php\/urun\/kayip-amerika-2\/","title":{"rendered":"Kay\u0131p -Amerika"},"content":{"rendered":"<p>16 ya\u015f\u0131ndaki Pragl\u0131 Karl Rossmann, yeni bir hayat kurmas\u0131 amac\u0131yla, anne babas\u0131 taraf\u0131ndan Amerika\u2019ya g\u00f6nderilir. Gemiden iner inmez ba\u015flayan, kimi komik kimi hazin talihsizliklerin pe\u015fini b\u0131rakmayaca\u011f\u0131 Rossmann son derece \u00e7a\u011fda\u015f ve tekni\u011fe dayal\u0131 bir d\u00fcnyayla kar\u015f\u0131la\u015f\u0131r ve bu d\u00fcnyada b\u00fct\u00fcn kap\u0131lar ona a\u00e7\u0131kt\u0131r. Bu roman ilk kez, Kafka\u2019n\u0131n \u00f6l\u00fcm\u00fcnden sonra, 1927 y\u0131l\u0131nda yak\u0131n dostu Max Brod taraf\u0131ndan birtak\u0131m m\u00fcdahalelerle \u201cAMER\u0130KA\u201d ad\u0131yla yay\u0131mlanm\u0131\u015ft\u0131. Kafka\u2019n\u0131n yazma a\u015famas\u0131ndayken bu romana \u201cKAYIP\u201d ad\u0131n\u0131 vermeyi tasarlad\u0131\u011f\u0131n\u0131 11 Kas\u0131m 1912 y\u0131l\u0131nda Felice Bauer\u2019e g\u00f6nderdi\u011fi mektupta okuyoruz. \u201cKAYIP [AMER\u0130KA]\u201d fantastik kurgu ile ger\u00e7ek\u00e7i roman\u0131n ola\u011fand\u0131\u015f\u0131 bir harman\u0131. \u201cE\u011fer ortada iyi niyet yoksa, insan\u0131n kendini savunmas\u0131 \u00e7ok zordur.\u201d   \u201cBu esere dair en g\u00fczel \u015fey, esere n\u00fcfuz eden derin melankolidir: Ki\u015finin \u2018hayat\u0131 anlamad\u0131\u011f\u0131\u2019 ve hakl\u0131 oldu\u011fu, \u00e7ok nadir rastlanan bir vaka var burada.\u201d Kurt Tucholsky \u201cKafka asl\u0131nda Fransa\u2019dan ve Kuzey \u0130talya\u2019dan \u00f6teye hi\u00e7 seyahat etmedi, \u00f6yle ki hayal g\u00fcc\u00fcn\u00fcn masumiyeti bu macera kitab\u0131na o tuhaf rengini veriyor.\u201d Max Brod <\/p>\n","protected":false},"excerpt":{"rendered":"<p>16 ya\u015f\u0131ndaki Pragl\u0131 Karl Rossmann, yeni bir hayat kurmas\u0131 amac\u0131yla, anne babas\u0131 taraf\u0131ndan Amerika\u2019ya g\u00f6nderilir. Gemiden iner inmez ba\u015flayan, kimi komik kimi hazin talihsizliklerin pe\u015fini b\u0131rakmayaca\u011f\u0131<span class=\"excerpt-hellip\"> [\u2026]<\/span><\/p>\n","protected":false},"featured_media":0,"template":"","meta":{"_monsterinsights_skip_tracking":false,"_monsterinsights_sitenote_active":false,"_monsterinsights_sitenote_note":"","_monsterinsights_sitenote_category":0},"product_brand":[],"product_cat":[12291,12711],"product_tag":[],"class_list":{"0":"post-748942","1":"product","2":"type-product","3":"status-publish","5":"product_cat-edebiyat","6":"product_cat-roman-oyku","7":"pa_cilt-ciltsiz","8":"pa_tur-kitap","9":"pa_yayinevi-yapi-kredi-yayinlari","10":"pa_yazar-franz-kafka","12":"first","13":"instock","14":"sale","15":"shipping-taxable","16":"purchasable","17":"product-type-simple"},"_links":{"self":[{"href":"https:\/\/roveyayinevi.com.tr\/index.php\/wp-json\/wp\/v2\/product\/748942","targetHints":{"allow":["GET"]}}],"collection":[{"href":"https:\/\/roveyayinevi.com.tr\/index.php\/wp-json\/wp\/v2\/product"}],"about":[{"href":"https:\/\/roveyayinevi.com.tr\/index.php\/wp-json\/wp\/v2\/types\/product"}],"wp:attachment":[{"href":"https:\/\/roveyayinevi.com.tr\/index.php\/wp-json\/wp\/v2\/media?parent=748942"}],"wp:term":[{"taxonomy":"product_brand","embeddable":true,"href":"https:\/\/roveyayinevi.com.tr\/index.php\/wp-json\/wp\/v2\/product_brand?post=748942"},{"taxonomy":"product_cat","embeddable":true,"href":"https:\/\/roveyayinevi.com.tr\/index.php\/wp-json\/wp\/v2\/product_cat?post=748942"},{"taxonomy":"product_tag","embeddable":true,"href":"https:\/\/roveyayinevi.com.tr\/index.php\/wp-json\/wp\/v2\/product_tag?post=748942"}],"curies":[{"name":"wp","href":"https:\/\/api.w.org\/{rel}","templated":true}]}}