{"id":748940,"date":"2025-08-28T03:43:15","date_gmt":"2025-08-28T00:43:15","guid":{"rendered":"https:\/\/roveyayinevi.com.tr\/index.php\/urun\/doga-ile-doga\/"},"modified":"2026-04-16T03:01:40","modified_gmt":"2026-04-16T00:01:40","slug":"doga-ile-doga","status":"publish","type":"product","link":"https:\/\/roveyayinevi.com.tr\/index.php\/urun\/doga-ile-doga\/","title":{"rendered":"Do\u011fa ile Do\u011fa"},"content":{"rendered":"<p>K\u00fc\u00e7\u00fck Do\u011fa kendini bildi bileli a\u011fa\u00e7lar\u0131, ku\u015flar\u0131, \u00e7i\u00e7ekleri, kedileri, k\u00f6pekleri \u00e7ok sever. Peki ama yasolucanlar, ta\u015flar, yosunlar, topraklar? Onlar\u0131 da sevmek, korumak gerekmez mi? Elbette gerekirama Do\u011fa bunu hen\u00fcz bilmiyor. Neyse ki \u00e7ok \u015fey \u00f6\u011frenebilece\u011fi yeni arkada\u015flar\u0131 var: \u015een\u015fakrak,Hompi, K\u0131vr\u0131mcan, K\u0131vr\u0131msu, G\u00fcle\u00e7 Me\u015fe, Yosun Teyze\u2026 Do\u011fa, isminin ger\u00e7ek anlam\u0131n\u0131 do\u011fadakidostlar\u0131n\u0131n yard\u0131m\u0131yla ke\u015ffediyor. Siz de Do\u011fa ile do\u011fay\u0131 daha yak\u0131ndan tan\u0131maya haz\u0131r m\u0131s\u0131n\u0131z?<\/p>\n","protected":false},"excerpt":{"rendered":"<p>K\u00fc\u00e7\u00fck Do\u011fa kendini bildi bileli a\u011fa\u00e7lar\u0131, ku\u015flar\u0131, \u00e7i\u00e7ekleri, kedileri, k\u00f6pekleri \u00e7ok sever. Peki ama yasolucanlar, ta\u015flar, yosunlar, topraklar? Onlar\u0131 da sevmek, korumak gerekmez mi? Elbette gerekirama<span class=\"excerpt-hellip\"> [\u2026]<\/span><\/p>\n","protected":false},"featured_media":0,"template":"","meta":{"_monsterinsights_skip_tracking":false,"_monsterinsights_sitenote_active":false,"_monsterinsights_sitenote_note":"","_monsterinsights_sitenote_category":0},"product_brand":[],"product_cat":[12274,12284],"product_tag":[],"class_list":{"0":"post-748940","1":"product","2":"type-product","3":"status-publish","5":"product_cat-cocuk-ve-genclik-kitaplari","6":"product_cat-hikayeler","7":"pa_cilt-ciltsiz","8":"pa_tur-kitap","9":"pa_yayinevi-kelime-yayinlari","10":"pa_yazar-ayse-basci","12":"first","13":"instock","14":"sale","15":"shipping-taxable","16":"purchasable","17":"product-type-simple"},"_links":{"self":[{"href":"https:\/\/roveyayinevi.com.tr\/index.php\/wp-json\/wp\/v2\/product\/748940","targetHints":{"allow":["GET"]}}],"collection":[{"href":"https:\/\/roveyayinevi.com.tr\/index.php\/wp-json\/wp\/v2\/product"}],"about":[{"href":"https:\/\/roveyayinevi.com.tr\/index.php\/wp-json\/wp\/v2\/types\/product"}],"wp:attachment":[{"href":"https:\/\/roveyayinevi.com.tr\/index.php\/wp-json\/wp\/v2\/media?parent=748940"}],"wp:term":[{"taxonomy":"product_brand","embeddable":true,"href":"https:\/\/roveyayinevi.com.tr\/index.php\/wp-json\/wp\/v2\/product_brand?post=748940"},{"taxonomy":"product_cat","embeddable":true,"href":"https:\/\/roveyayinevi.com.tr\/index.php\/wp-json\/wp\/v2\/product_cat?post=748940"},{"taxonomy":"product_tag","embeddable":true,"href":"https:\/\/roveyayinevi.com.tr\/index.php\/wp-json\/wp\/v2\/product_tag?post=748940"}],"curies":[{"name":"wp","href":"https:\/\/api.w.org\/{rel}","templated":true}]}}