{"id":748939,"date":"2025-08-28T03:43:14","date_gmt":"2025-08-28T00:43:14","guid":{"rendered":"https:\/\/roveyayinevi.com.tr\/index.php\/urun\/ciddi-ciddi-mizah\/"},"modified":"2026-04-16T03:01:40","modified_gmt":"2026-04-16T00:01:40","slug":"ciddi-ciddi-mizah","status":"publish","type":"product","link":"https:\/\/roveyayinevi.com.tr\/index.php\/urun\/ciddi-ciddi-mizah\/","title":{"rendered":"Ciddi Ciddi Mizah"},"content":{"rendered":"<p>\u201cMizah i\u015fte ve ya\u015famda gizli silah\u0131n\u0131zd\u0131r.\u201d B\u00f6yle diyor Jennifer Aaker ve Naomi Bagdonas son kitaplar\u0131 Ciddi Ciddi Mizah\u2019ta. Ara\u015ft\u0131rmalar mizah ve kahkahan\u0131n, ba\u011flar\u0131 ve ili\u015fkileri g\u00fc\u00e7lendirmek,stres ve gerilimi da\u011f\u0131tmak, dayan\u0131kl\u0131l\u0131\u011f\u0131 art\u0131rmak ve y\u00fcksek risk ko\u015fullar\u0131nda iyi performans sergilemek i\u00e7in elinizdeki en de\u011ferli ara\u00e7lardan biri oldu\u011funu g\u00f6steriyor. Aaker ve Bagdonas, bu kitaplar\u0131nda sizi i\u015finize ve ya\u015fam\u0131n\u0131za daha \u00e7ok mizah ve \u015fakac\u0131l\u0131k katmaya te\u015fvik ediyor ve bunun yolunu g\u00f6steriyorlar. Bu kitapla, mizah\u0131n nas\u0131l i\u015fledi\u011fini ve daha da \u00f6nemlisi mizah\u0131 nas\u0131l daha etkili kullanabilece\u011finizi davran\u0131\u015f bilimcilerden, birinci s\u0131n\u0131f komedyenlerden ve i\u015f liderlerinden \u00f6\u011freneceksiniz. Ciddi Ciddi Mizah\u2019la Aaker ve Bagdonas\u2019\u0131n e\u011flenceli rehberli\u011finde daha sa\u011flam ba\u011flar kurmak, daha yetkin g\u00f6r\u00fcnmek ve daha yarat\u0131c\u0131 olmak i\u00e7in mizahtan nas\u0131l yararlanabilece\u011finizi ke\u015ffedin. <\/p>\n","protected":false},"excerpt":{"rendered":"<p>\u201cMizah i\u015fte ve ya\u015famda gizli silah\u0131n\u0131zd\u0131r.\u201d B\u00f6yle diyor Jennifer Aaker ve Naomi Bagdonas son kitaplar\u0131 Ciddi Ciddi Mizah\u2019ta. Ara\u015ft\u0131rmalar mizah ve kahkahan\u0131n, ba\u011flar\u0131 ve ili\u015fkileri g\u00fc\u00e7lendirmek,stres<span class=\"excerpt-hellip\"> [\u2026]<\/span><\/p>\n","protected":false},"featured_media":0,"template":"","meta":{"_monsterinsights_skip_tracking":false,"_monsterinsights_sitenote_active":false,"_monsterinsights_sitenote_note":"","_monsterinsights_sitenote_category":0},"product_brand":[],"product_cat":[20333,13043],"product_tag":[],"class_list":{"0":"post-748939","1":"product","2":"type-product","3":"status-publish","5":"product_cat-diger-ekonomi","6":"product_cat-ekonomi","7":"pa_cilt-ciltsiz","8":"pa_tur-kitap","9":"pa_yayinevi-mediacat-kitaplari","10":"pa_yazar-jennifer-aaker-naomi-bagdonas","12":"first","13":"instock","14":"sale","15":"shipping-taxable","16":"purchasable","17":"product-type-simple"},"_links":{"self":[{"href":"https:\/\/roveyayinevi.com.tr\/index.php\/wp-json\/wp\/v2\/product\/748939","targetHints":{"allow":["GET"]}}],"collection":[{"href":"https:\/\/roveyayinevi.com.tr\/index.php\/wp-json\/wp\/v2\/product"}],"about":[{"href":"https:\/\/roveyayinevi.com.tr\/index.php\/wp-json\/wp\/v2\/types\/product"}],"wp:attachment":[{"href":"https:\/\/roveyayinevi.com.tr\/index.php\/wp-json\/wp\/v2\/media?parent=748939"}],"wp:term":[{"taxonomy":"product_brand","embeddable":true,"href":"https:\/\/roveyayinevi.com.tr\/index.php\/wp-json\/wp\/v2\/product_brand?post=748939"},{"taxonomy":"product_cat","embeddable":true,"href":"https:\/\/roveyayinevi.com.tr\/index.php\/wp-json\/wp\/v2\/product_cat?post=748939"},{"taxonomy":"product_tag","embeddable":true,"href":"https:\/\/roveyayinevi.com.tr\/index.php\/wp-json\/wp\/v2\/product_tag?post=748939"}],"curies":[{"name":"wp","href":"https:\/\/api.w.org\/{rel}","templated":true}]}}