{"id":748937,"date":"2025-08-28T03:43:10","date_gmt":"2025-08-28T00:43:10","guid":{"rendered":"https:\/\/roveyayinevi.com.tr\/index.php\/urun\/sekreter-kimin-nesi-var-1\/"},"modified":"2026-04-16T03:01:40","modified_gmt":"2026-04-16T00:01:40","slug":"sekreter-kimin-nesi-var-1","status":"publish","type":"product","link":"https:\/\/roveyayinevi.com.tr\/index.php\/urun\/sekreter-kimin-nesi-var-1\/","title":{"rendered":"Sekreter Kim\u2019in Nesi Var 1"},"content":{"rendered":"<p>D\u00fcnyay\u0131 sallayan romantik komedi, bir dramaya uyarland\u0131! Lee Young Jun, \u00e7ok s\u0131k\u0131 y\u00f6netti\u011fi prestijli bir \u015firketin v\u00e2risi. Yak\u0131\u015f\u0131kl\u0131, zeki ama her \u015feyden \u00f6nce kendini be\u011fenmi\u015f, kendini m\u00fckemmellik imgesi olarak g\u00f6r\u00fcyor. \u00d6zel sekreteri Kim Mi So istifa etmek istedi\u011fini a\u00e7\u0131klad\u0131\u011f\u0131nda, ba\u015f\u0131ndan kaynar sular d\u00f6k\u00fcl\u00fcyor! Dokuz y\u0131ll\u0131k iyi ve sad\u0131k hizmetten sonra akl\u0131ndan ne ge\u00e7mi\u015f olabilir ki? Onu yan\u0131nda tutmak i\u00e7in, Lee Young Jun her \u015feyi yapmaya haz\u0131r&#8230; En tuhaf \u015feyleri bile! <\/p>\n","protected":false},"excerpt":{"rendered":"<p>D\u00fcnyay\u0131 sallayan romantik komedi, bir dramaya uyarland\u0131! Lee Young Jun, \u00e7ok s\u0131k\u0131 y\u00f6netti\u011fi prestijli bir \u015firketin v\u00e2risi. Yak\u0131\u015f\u0131kl\u0131, zeki ama her \u015feyden \u00f6nce kendini be\u011fenmi\u015f, kendini<span class=\"excerpt-hellip\"> [\u2026]<\/span><\/p>\n","protected":false},"featured_media":0,"template":"","meta":{"_monsterinsights_skip_tracking":false,"_monsterinsights_sitenote_active":false,"_monsterinsights_sitenote_note":"","_monsterinsights_sitenote_category":0},"product_brand":[],"product_cat":[12416,12291],"product_tag":[],"class_list":{"0":"post-748937","1":"product","2":"type-product","3":"status-publish","5":"product_cat-cizgi-roman","6":"product_cat-edebiyat","7":"pa_cilt-ciltsiz","8":"pa_tur-kitap","9":"pa_yayinevi-athica-yayinlari","10":"pa_yazar-jeong-gyeong-yun","12":"first","13":"instock","14":"sale","15":"shipping-taxable","16":"purchasable","17":"product-type-simple"},"_links":{"self":[{"href":"https:\/\/roveyayinevi.com.tr\/index.php\/wp-json\/wp\/v2\/product\/748937","targetHints":{"allow":["GET"]}}],"collection":[{"href":"https:\/\/roveyayinevi.com.tr\/index.php\/wp-json\/wp\/v2\/product"}],"about":[{"href":"https:\/\/roveyayinevi.com.tr\/index.php\/wp-json\/wp\/v2\/types\/product"}],"wp:attachment":[{"href":"https:\/\/roveyayinevi.com.tr\/index.php\/wp-json\/wp\/v2\/media?parent=748937"}],"wp:term":[{"taxonomy":"product_brand","embeddable":true,"href":"https:\/\/roveyayinevi.com.tr\/index.php\/wp-json\/wp\/v2\/product_brand?post=748937"},{"taxonomy":"product_cat","embeddable":true,"href":"https:\/\/roveyayinevi.com.tr\/index.php\/wp-json\/wp\/v2\/product_cat?post=748937"},{"taxonomy":"product_tag","embeddable":true,"href":"https:\/\/roveyayinevi.com.tr\/index.php\/wp-json\/wp\/v2\/product_tag?post=748937"}],"curies":[{"name":"wp","href":"https:\/\/api.w.org\/{rel}","templated":true}]}}