{"id":748933,"date":"2025-08-28T03:43:03","date_gmt":"2025-08-28T00:43:03","guid":{"rendered":"https:\/\/roveyayinevi.com.tr\/index.php\/urun\/mendil-altinda-5\/"},"modified":"2026-04-16T03:01:39","modified_gmt":"2026-04-16T00:01:39","slug":"mendil-altinda-5","status":"publish","type":"product","link":"https:\/\/roveyayinevi.com.tr\/index.php\/urun\/mendil-altinda-5\/","title":{"rendered":"Mendil Alt\u0131nda"},"content":{"rendered":"<p>1946 y\u0131l\u0131nda Hik\u00e2yeler \u2013 \u0130kinci Kitap, 1958\u2019den itibaren Mendil Alt\u0131nda ad\u0131yla yay\u0131mlanan bu \u00f6yk\u00fclerinde Memduh \u015eevket Esendal, yine kendine has bir atmosfer yarat\u0131yor.B\u00fcy\u00fckel\u00e7ilik, m\u00fcfetti\u015flik ve milletvekilli\u011fi gibi g\u00f6revlerde bulunan Esendal, b\u00fcrokrasinin a\u011f\u0131rl\u0131\u011f\u0131n\u0131n ve i\u015fleri i\u00e7inden \u00e7\u0131k\u0131lamayacak bir yuma\u011fa d\u00f6n\u00fc\u015ft\u00fcrmesinin do\u011frudan tan\u0131\u011f\u0131d\u0131r. Bu yuma\u011f\u0131n unsurlar\u0131 memurlar, \u00f6\u011fretmenler, doktorlar, m\u00fcd\u00fcrler bir yerden girerler hep \u00f6yk\u00fclerine\u2026 Yine ayn\u0131 \u015fekilde bir yandan k\u00f6y ve k\u00f6yl\u00fcler \u00f6yk\u00fclerinin ba\u015fl\u0131ca konuklar\u0131 aras\u0131nda yer al\u0131rken, \u015fehir ve \u015fehirli ailenin buhranlar\u0131 da unutulmaz. De\u011fi\u015fimleri, alt \u00fcst olu\u015flar\u0131 toplumun bu birbirinden farkl\u0131 kesimlerinden \u00f6yk\u00fc ki\u015filerinin hayatlar\u0131ndan aktar\u0131lan kesitler \u00fczerinden takip etmek m\u00fcmk\u00fcnd\u00fcr.Esendal, aksakl\u0131klar\u0131, insan hayat\u0131n\u0131 zorla\u015ft\u0131ran sorunlar\u0131 canl\u0131 bir \u015fekilde g\u00f6sterirken \u201cb\u00fcy\u00fck s\u00f6zler\u201d de s\u00f6ylemiyor. Olan\u0131 oldu\u011fu gibi anlat\u0131yor, ak\u0131p giden hayata m\u00fcdahale etmiyor. Bu y\u00fczden her bir \u00f6yk\u00fc okurlar i\u00e7in d\u00f6n\u00fcp d\u00f6n\u00fcp okumak isteyecekleri ba\u015fucu metinlerine d\u00f6n\u00fc\u015f\u00fcyor.Mendil Alt\u0131nda, hayata dair, hayat\u0131n sahicili\u011fine dair unutulmaz \u00f6yk\u00fcler\u2026 \u201cBug\u00fcnden yakla\u015f\u0131k y\u00fcz y\u0131l geriye d\u00f6n\u00fcp bak\u0131nca her biri ayr\u0131 bir tarz ve tavr\u0131n temsilcisi olan yazarlar aras\u0131nda, Esendal\u2019\u0131n kendi sesini yaratmas\u0131 ve korumas\u0131 (&#8230;) \u2018b\u00fcy\u00fck yazarl\u0131\u011f\u0131na\u2019 bir delil gibi.\u201d EMRE BAYIN<\/p>\n","protected":false},"excerpt":{"rendered":"<p>1946 y\u0131l\u0131nda Hik\u00e2yeler \u2013 \u0130kinci Kitap, 1958\u2019den itibaren Mendil Alt\u0131nda ad\u0131yla yay\u0131mlanan bu \u00f6yk\u00fclerinde Memduh \u015eevket Esendal, yine kendine has bir atmosfer yarat\u0131yor.B\u00fcy\u00fckel\u00e7ilik, m\u00fcfetti\u015flik ve milletvekilli\u011fi<span class=\"excerpt-hellip\"> [\u2026]<\/span><\/p>\n","protected":false},"featured_media":0,"template":"","meta":{"_monsterinsights_skip_tracking":false,"_monsterinsights_sitenote_active":false,"_monsterinsights_sitenote_note":"","_monsterinsights_sitenote_category":0},"product_brand":[],"product_cat":[12291,12711],"product_tag":[],"class_list":{"0":"post-748933","1":"product","2":"type-product","3":"status-publish","5":"product_cat-edebiyat","6":"product_cat-roman-oyku","7":"pa_cilt-ciltsiz","8":"pa_tur-kitap","9":"pa_yayinevi-iletisim-yayinlari","10":"pa_yazar-memduh-sevket-esendal","12":"first","13":"instock","14":"sale","15":"shipping-taxable","16":"purchasable","17":"product-type-simple"},"_links":{"self":[{"href":"https:\/\/roveyayinevi.com.tr\/index.php\/wp-json\/wp\/v2\/product\/748933","targetHints":{"allow":["GET"]}}],"collection":[{"href":"https:\/\/roveyayinevi.com.tr\/index.php\/wp-json\/wp\/v2\/product"}],"about":[{"href":"https:\/\/roveyayinevi.com.tr\/index.php\/wp-json\/wp\/v2\/types\/product"}],"wp:attachment":[{"href":"https:\/\/roveyayinevi.com.tr\/index.php\/wp-json\/wp\/v2\/media?parent=748933"}],"wp:term":[{"taxonomy":"product_brand","embeddable":true,"href":"https:\/\/roveyayinevi.com.tr\/index.php\/wp-json\/wp\/v2\/product_brand?post=748933"},{"taxonomy":"product_cat","embeddable":true,"href":"https:\/\/roveyayinevi.com.tr\/index.php\/wp-json\/wp\/v2\/product_cat?post=748933"},{"taxonomy":"product_tag","embeddable":true,"href":"https:\/\/roveyayinevi.com.tr\/index.php\/wp-json\/wp\/v2\/product_tag?post=748933"}],"curies":[{"name":"wp","href":"https:\/\/api.w.org\/{rel}","templated":true}]}}