{"id":748931,"date":"2025-08-28T03:43:00","date_gmt":"2025-08-28T00:43:00","guid":{"rendered":"https:\/\/roveyayinevi.com.tr\/index.php\/urun\/gel-seninle-bir-sozlesme-yapalim\/"},"modified":"2026-02-01T16:14:35","modified_gmt":"2026-02-01T13:14:35","slug":"gel-seninle-bir-sozlesme-yapalim","status":"publish","type":"product","link":"https:\/\/roveyayinevi.com.tr\/index.php\/urun\/gel-seninle-bir-sozlesme-yapalim\/","title":{"rendered":"Gel Seninle Bir S\u00f6zle\u015fme Yapal\u0131m"},"content":{"rendered":"<p>Bir ailenin otizme kar\u015f\u0131 zaferini anlatan &#8220;Gel Seninle Bir S\u00f6zle\u015fme Yapal\u0131m&#8221; kitab\u0131, \u00e7ocukta olumsuz davran\u0131\u015f durumlar\u0131n\u0131n olumlu durumlara d\u00f6n\u00fc\u015ft\u00fcr\u00fclmesine yard\u0131mc\u0131 olacak kapsaml\u0131 ve s\u00fcr\u00fckleyici bir rehberdir.<\/p>\n","protected":false},"excerpt":{"rendered":"<p>Bir ailenin otizme kar\u015f\u0131 zaferini anlatan &#8220;Gel Seninle Bir S\u00f6zle\u015fme Yapal\u0131m&#8221; kitab\u0131, \u00e7ocukta olumsuz davran\u0131\u015f durumlar\u0131n\u0131n olumlu durumlara d\u00f6n\u00fc\u015ft\u00fcr\u00fclmesine yard\u0131mc\u0131 olacak kapsaml\u0131 ve s\u00fcr\u00fckleyici bir rehberdir.<\/p>\n","protected":false},"featured_media":0,"template":"","meta":{"_monsterinsights_skip_tracking":false,"_monsterinsights_sitenote_active":false,"_monsterinsights_sitenote_note":"","_monsterinsights_sitenote_category":0},"product_brand":[],"product_cat":[20313,13365],"product_tag":[],"class_list":{"0":"post-748931","1":"product","2":"type-product","3":"status-publish","5":"product_cat-basvuru-kitaplari-saglik","6":"product_cat-saglik","7":"pa_cilt-ciltsiz","8":"pa_tur-kitap","9":"pa_yayinevi-agora-kitapligi","10":"pa_yazar-jill-c-dardig-william-l-heward","12":"first","13":"onbackorder","14":"sale","15":"shipping-taxable","16":"purchasable","17":"product-type-simple"},"_links":{"self":[{"href":"https:\/\/roveyayinevi.com.tr\/index.php\/wp-json\/wp\/v2\/product\/748931","targetHints":{"allow":["GET"]}}],"collection":[{"href":"https:\/\/roveyayinevi.com.tr\/index.php\/wp-json\/wp\/v2\/product"}],"about":[{"href":"https:\/\/roveyayinevi.com.tr\/index.php\/wp-json\/wp\/v2\/types\/product"}],"wp:attachment":[{"href":"https:\/\/roveyayinevi.com.tr\/index.php\/wp-json\/wp\/v2\/media?parent=748931"}],"wp:term":[{"taxonomy":"product_brand","embeddable":true,"href":"https:\/\/roveyayinevi.com.tr\/index.php\/wp-json\/wp\/v2\/product_brand?post=748931"},{"taxonomy":"product_cat","embeddable":true,"href":"https:\/\/roveyayinevi.com.tr\/index.php\/wp-json\/wp\/v2\/product_cat?post=748931"},{"taxonomy":"product_tag","embeddable":true,"href":"https:\/\/roveyayinevi.com.tr\/index.php\/wp-json\/wp\/v2\/product_tag?post=748931"}],"curies":[{"name":"wp","href":"https:\/\/api.w.org\/{rel}","templated":true}]}}