{"id":748930,"date":"2025-08-28T03:42:59","date_gmt":"2025-08-28T00:42:59","guid":{"rendered":"https:\/\/roveyayinevi.com.tr\/index.php\/urun\/yeralti-klinigi\/"},"modified":"2026-04-16T03:01:39","modified_gmt":"2026-04-16T00:01:39","slug":"yeralti-klinigi","status":"publish","type":"product","link":"https:\/\/roveyayinevi.com.tr\/index.php\/urun\/yeralti-klinigi\/","title":{"rendered":"Yeralt\u0131 Klini\u011fi"},"content":{"rendered":"<p>Tekil olan\u0131 \u00e7okluktan koparmamak, hakikati \u00fcretmek, \u00f6zg\u00fcrle\u015fme pratiklerine odaklanmak ve direni\u015f hatlar\u0131n\u0131 b\u00fcy\u00fctmekle birlikte edebiyattan beklenen bir ba\u015fka \u015fey de eril tahakk\u00fcmce kabul edilemezi\/g\u00f6r\u00fclmek istenmeyi anlatmakt\u0131r. Tutarl\u0131 bir stratejiyle edebiyat sosyolojisi bunlardan yola \u00e7\u0131karak toplumsal d\u00fcnya \u00fczerine \u00e7\u0131kar\u0131mda bulunur. Bunu destekleyecek olan malzemeler elbette ki de\u011fi\u015fiklik g\u00f6sterir. Bu noktada yeralt\u0131 edebiyat\u0131n\u0131n ana \u00f6zelliklerini temel alarak \u00e7\u00f6z\u00fcmlemeler yapmak ve toplumsal cinsiyet kurulumunun arka plan\u0131ndaki sosyolojik \u00f6geleri sergilemek, s\u00f6z konusu kaynaklar\u0131n yeterli olmasa dahi gerekli bir k\u0131sm\u0131n\u0131 olu\u015fturur. Bunun bir ba\u015fka yolu da toplumsal iktidardan menfaatleri olmayan \u00f6znelliklerin g\u00fcndelik h\u00e2llerine, psiko-sosyal ya\u015famlar\u0131na, k\u00fclt\u00fcrel \u00f6gelerine tan\u0131kl\u0131k eden edebi metinlere e\u011filmekten ge\u00e7er. Giderek tart\u0131\u015f\u0131labilen, kolayca bilimsel s\u00f6ylemlere d\u00f6k\u00fclebilen ve toplumsal analizden ge\u00e7irilebilen yeralt\u0131 edebiyat\u0131 olgusuyla ilgili sosyolojinin dikkat \u00e7ekti\u011fi en belirgin husus, bu edebiyat\u0131n hakikati \u00fcretirken toplumsal cinsiyetle kurdu\u011fu ili\u015fkiyi eril arzular a\u00e7\u0131s\u0131ndan irdeleyebilmektir. <\/p>\n","protected":false},"excerpt":{"rendered":"<p>Tekil olan\u0131 \u00e7okluktan koparmamak, hakikati \u00fcretmek, \u00f6zg\u00fcrle\u015fme pratiklerine odaklanmak ve direni\u015f hatlar\u0131n\u0131 b\u00fcy\u00fctmekle birlikte edebiyattan beklenen bir ba\u015fka \u015fey de eril tahakk\u00fcmce kabul edilemezi\/g\u00f6r\u00fclmek istenmeyi anlatmakt\u0131r.<span class=\"excerpt-hellip\"> [\u2026]<\/span><\/p>\n","protected":false},"featured_media":0,"template":"","meta":{"_monsterinsights_skip_tracking":false,"_monsterinsights_sitenote_active":false,"_monsterinsights_sitenote_note":"","_monsterinsights_sitenote_category":0},"product_brand":[],"product_cat":[12324],"product_tag":[],"class_list":{"0":"post-748930","1":"product","2":"type-product","3":"status-publish","5":"product_cat-sosyoloji","6":"pa_cilt-ciltsiz","7":"pa_tur-kitap","8":"pa_yayinevi-nika-yayinevi","9":"pa_yazar-kolektif","11":"first","12":"instock","13":"sale","14":"shipping-taxable","15":"purchasable","16":"product-type-simple"},"_links":{"self":[{"href":"https:\/\/roveyayinevi.com.tr\/index.php\/wp-json\/wp\/v2\/product\/748930","targetHints":{"allow":["GET"]}}],"collection":[{"href":"https:\/\/roveyayinevi.com.tr\/index.php\/wp-json\/wp\/v2\/product"}],"about":[{"href":"https:\/\/roveyayinevi.com.tr\/index.php\/wp-json\/wp\/v2\/types\/product"}],"wp:attachment":[{"href":"https:\/\/roveyayinevi.com.tr\/index.php\/wp-json\/wp\/v2\/media?parent=748930"}],"wp:term":[{"taxonomy":"product_brand","embeddable":true,"href":"https:\/\/roveyayinevi.com.tr\/index.php\/wp-json\/wp\/v2\/product_brand?post=748930"},{"taxonomy":"product_cat","embeddable":true,"href":"https:\/\/roveyayinevi.com.tr\/index.php\/wp-json\/wp\/v2\/product_cat?post=748930"},{"taxonomy":"product_tag","embeddable":true,"href":"https:\/\/roveyayinevi.com.tr\/index.php\/wp-json\/wp\/v2\/product_tag?post=748930"}],"curies":[{"name":"wp","href":"https:\/\/api.w.org\/{rel}","templated":true}]}}